{"id":3332,"date":"2020-01-09T10:35:50","date_gmt":"2020-01-09T10:35:50","guid":{"rendered":"https:\/\/contenedoresazor.com\/contenedores\/contenedores-de-cadenas\/contenedores-de-cadenas-estandar\/"},"modified":"2020-01-24T11:22:01","modified_gmt":"2020-01-24T11:22:01","slug":"contenidors-de-cadenes-estandard","status":"publish","type":"page","link":"https:\/\/contenedoresazor.com\/ca\/contenidors\/contenidors-de-cadenes\/contenidors-de-cadenes-estandard\/","title":{"rendered":"CONTENIDORS DE CADENES EST\u00c0NDARD"},"content":{"rendered":"\n<style type=\"text\/css\" data-created_by=\"avia_inline_auto\" id=\"style-css-av-k0mk4d2o-367210475d5821a5d2831d5068ad4b42\">\n#top .hr.hr-invisible.av-k0mk4d2o-367210475d5821a5d2831d5068ad4b42{\nheight:100px;\n}\n<\/style>\n<div  class='hr av-k0mk4d2o-367210475d5821a5d2831d5068ad4b42 hr-invisible  avia-builder-el-0  el_before_av_slideshow_full  avia-builder-el-no-sibling '><span class='hr-inner '><span class=\"hr-inner-style\"><\/span><\/span><\/div>\n<\/div><\/div><\/div><!-- close content main div --><\/div><\/div><div id='full_slider_1'  class='avia-fullwidth-slider main_color avia-shadow   avia-builder-el-1  el_after_av_hr  el_before_av_section   slider-not-first container_wrap sidebar_right'  ><\/div>\n\n<style type=\"text\/css\" data-created_by=\"avia_inline_auto\" id=\"style-css-av-jwkj3od7-f8727e842ea152e2f1265260d3e70322\">\n.avia-section.av-jwkj3od7-f8727e842ea152e2f1265260d3e70322{\nbackground-color:#0670b5;\nbackground-image:unset;\n}\n<\/style>\n<div id='av_section_1'  class='avia-section av-jwkj3od7-f8727e842ea152e2f1265260d3e70322 main_color avia-section-default avia-no-border-styling  avia-builder-el-2  el_after_av_slideshow_full  el_before_av_one_full  avia-bg-style-scroll container_wrap sidebar_right'  ><div class='container av-section-cont-open' ><div class='template-page content  av-content-small alpha units'><div class='post-entry post-entry-type-page post-entry-3332'><div class='entry-content-wrapper clearfix'>\n\n<style type=\"text\/css\" data-created_by=\"avia_inline_auto\" id=\"style-css-av-k57xu4ay-f57aaa50cd4ea545464067fdc61a8074\">\n#top .av-special-heading.av-k57xu4ay-f57aaa50cd4ea545464067fdc61a8074{\npadding-bottom:10px;\ncolor:#ffffff;\n}\nbody .av-special-heading.av-k57xu4ay-f57aaa50cd4ea545464067fdc61a8074 .av-special-heading-tag .heading-char{\nfont-size:25px;\n}\n.av-special-heading.av-k57xu4ay-f57aaa50cd4ea545464067fdc61a8074 .special-heading-inner-border{\nborder-color:#ffffff;\n}\n.av-special-heading.av-k57xu4ay-f57aaa50cd4ea545464067fdc61a8074 .av-subheading{\nfont-size:15px;\n}\n<\/style>\n<div  class='av-special-heading av-k57xu4ay-f57aaa50cd4ea545464067fdc61a8074 av-special-heading-h1 custom-color-heading blockquote modern-quote modern-centered  avia-builder-el-3  avia-builder-el-no-sibling '><h1 class='av-special-heading-tag '  itemprop=\"headline\"  >CONTENIDORS DE CADENES EST\u00c0NDARD<\/h1><div class=\"special-heading-border\"><div class=\"special-heading-inner-border\"><\/div><\/div><\/div>\n<\/div><\/div><\/div><!-- close content main div --><\/div><\/div><div id='after_section_1'  class='main_color av_default_container_wrap container_wrap sidebar_right'  ><div class='container av-section-cont-open' ><div class='template-page content  av-content-small alpha units'><div class='post-entry post-entry-type-page post-entry-3332'><div class='entry-content-wrapper clearfix'>\n\n<style type=\"text\/css\" data-created_by=\"avia_inline_auto\" id=\"style-css-av-fus52-7428bdffd1eb45de2b7c1a4821cc8c2b\">\n.flex_column.av-fus52-7428bdffd1eb45de2b7c1a4821cc8c2b{\nborder-radius:0px 0px 0px 0px;\npadding:0px 0px 0px 0px;\n}\n<\/style>\n<div  class='flex_column av-fus52-7428bdffd1eb45de2b7c1a4821cc8c2b av_one_full  avia-builder-el-4  el_after_av_section  el_before_av_one_third  avia-builder-el-first  first flex_column_div av-zero-column-padding  '     ><p>\n<style type=\"text\/css\" data-created_by=\"avia_inline_auto\" id=\"style-css-av-k57xucsr-b8bb8ad03f21a4cc8fdcfca54f5dfc86\">\n#top .av-special-heading.av-k57xucsr-b8bb8ad03f21a4cc8fdcfca54f5dfc86{\npadding-bottom:10px;\n}\nbody .av-special-heading.av-k57xucsr-b8bb8ad03f21a4cc8fdcfca54f5dfc86 .av-special-heading-tag .heading-char{\nfont-size:25px;\n}\n.av-special-heading.av-k57xucsr-b8bb8ad03f21a4cc8fdcfca54f5dfc86 .av-subheading{\nfont-size:15px;\n}\n<\/style>\n<div  class='av-special-heading av-k57xucsr-b8bb8ad03f21a4cc8fdcfca54f5dfc86 av-special-heading-h2 blockquote modern-quote modern-centered  avia-builder-el-5  el_before_av_hr  avia-builder-el-first '><h2 class='av-special-heading-tag '  itemprop=\"headline\"  >PRODUCTES<\/h2><div class=\"special-heading-border\"><div class=\"special-heading-inner-border\"><\/div><\/div><\/div><br \/>\n\n<style type=\"text\/css\" data-created_by=\"avia_inline_auto\" id=\"style-css-av-k1tfkfyb-b83cd28fc6dfdfb30c99181860844d45\">\n#top .hr.hr-invisible.av-k1tfkfyb-b83cd28fc6dfdfb30c99181860844d45{\nheight:50px;\n}\n<\/style>\n<div  class='hr av-k1tfkfyb-b83cd28fc6dfdfb30c99181860844d45 hr-invisible  avia-builder-el-6  el_after_av_heading  avia-builder-el-last '><span class='hr-inner '><span class=\"hr-inner-style\"><\/span><\/span><\/div><\/p><\/div>\n<div class='flex_column_table av-jwkivgbe-28aaa9276b79c97dfc64f5b631c520ab sc-av_one_third av-equal-height-column-flextable'>\n<style type=\"text\/css\" data-created_by=\"avia_inline_auto\" id=\"style-css-av-jwkivgbe-28aaa9276b79c97dfc64f5b631c520ab\">\n.flex_column.av-jwkivgbe-28aaa9276b79c97dfc64f5b631c520ab{\nborder-radius:2px 2px 2px 2px;\npadding:2px 2px 2px 2px;\n}\n<\/style>\n<div  class='flex_column av-jwkivgbe-28aaa9276b79c97dfc64f5b631c520ab av_one_third  avia-builder-el-7  el_after_av_one_full  el_before_av_one_third  first flex_column_table_cell av-equal-height-column av-align-top avia-link-column av-column-link avia-link-column-hover  column-top-margin'    data-link-column-url=\"https:\/\/contenedoresazor.com\/contenedores\/contenedores-de-cadenas\/cadenas-estandar\/contenedor-de-cadenas-mini-16-m3\/\"   ><a class=\"av-screen-reader-only\" href=https:\/\/contenedoresazor.com\/contenedores\/contenedores-de-cadenas\/cadenas-estandar\/contenedor-de-cadenas-mini-16-m3\/ >Link to: Contenedor de Cadenas Mini 1,6 m3<\/a><style type=\"text\/css\" data-created_by=\"avia_inline_auto\" id=\"style-css-av-jwkhd3yh-a08ddfe1279c632eeff463606b125793\">\n.avia-image-container.av-jwkhd3yh-a08ddfe1279c632eeff463606b125793 img.avia_image{\nbox-shadow:none;\n}\n.avia-image-container.av-jwkhd3yh-a08ddfe1279c632eeff463606b125793 .av-image-caption-overlay-center{\ncolor:#ffffff;\nfont-size:29px;\n}\n<\/style>\n<div  class='avia-image-container av-jwkhd3yh-a08ddfe1279c632eeff463606b125793 av-styling- avia-align-center  avia-builder-el-8  avia-builder-el-no-sibling '   itemprop=\"image\" itemscope=\"itemscope\" itemtype=\"https:\/\/schema.org\/ImageObject\" ><div class=\"avia-image-container-inner\"><div class=\"avia-image-overlay-wrap\"><img decoding=\"async\" fetchpriority=\"high\" class='wp-image-782 avia-img-lazy-loading-not-782 avia_image ' src=\"https:\/\/contenedoresazor.com\/wp-content\/uploads\/2019\/07\/FotoCadenasTrapezoidales1-1.png\" alt='' title='FotoCadenasTrapezoidales1'  height=\"500\" width=\"500\"  itemprop=\"thumbnailUrl\" srcset=\"https:\/\/contenedoresazor.com\/wp-content\/uploads\/2019\/07\/FotoCadenasTrapezoidales1-1.png 500w, https:\/\/contenedoresazor.com\/wp-content\/uploads\/2019\/07\/FotoCadenasTrapezoidales1-1-80x80.png 80w, https:\/\/contenedoresazor.com\/wp-content\/uploads\/2019\/07\/FotoCadenasTrapezoidales1-1-300x300.png 300w, https:\/\/contenedoresazor.com\/wp-content\/uploads\/2019\/07\/FotoCadenasTrapezoidales1-1-36x36.png 36w, https:\/\/contenedoresazor.com\/wp-content\/uploads\/2019\/07\/FotoCadenasTrapezoidales1-1-180x180.png 180w, https:\/\/contenedoresazor.com\/wp-content\/uploads\/2019\/07\/FotoCadenasTrapezoidales1-1-120x120.png 120w, https:\/\/contenedoresazor.com\/wp-content\/uploads\/2019\/07\/FotoCadenasTrapezoidales1-1-450x450.png 450w\" sizes=\"(max-width: 500px) 100vw, 500px\" \/><\/div><\/div><\/div><\/div>\n<div class='av-flex-placeholder'><\/div>\n<style type=\"text\/css\" data-created_by=\"avia_inline_auto\" id=\"style-css-av-cg804n-2fdbdc1bd9b8704d47b097419567446e\">\n.flex_column.av-cg804n-2fdbdc1bd9b8704d47b097419567446e{\nborder-radius:0px 0px 0px 0px;\npadding:0px 0px 0px 0px;\n}\n<\/style>\n<div  class='flex_column av-cg804n-2fdbdc1bd9b8704d47b097419567446e av_one_third  avia-builder-el-9  el_after_av_one_third  el_before_av_one_third  flex_column_table_cell av-equal-height-column av-align-top av-zero-column-padding  column-top-margin'     ><style type=\"text\/css\" data-created_by=\"avia_inline_auto\" id=\"style-css-av-jypwrgcs-e26ff3b01fdd00bc2ccd237bc1d6fa1f\">\n#top .av_textblock_section.av-jypwrgcs-e26ff3b01fdd00bc2ccd237bc1d6fa1f .avia_textblock{\nfont-size:16px;\ncolor:#076fb5;\n}\n<\/style>\n<section  class='av_textblock_section av-jypwrgcs-e26ff3b01fdd00bc2ccd237bc1d6fa1f '   itemscope=\"itemscope\" itemtype=\"https:\/\/schema.org\/CreativeWork\" ><div class='avia_textblock av_inherit_color'  itemprop=\"text\" ><p style=\"text-align: center;\"><strong>CONTENIDORS DE CADENES EST\u00c0NDARD<\/strong><\/p>\n<\/div><\/section><br \/>\n\n<style type=\"text\/css\" data-created_by=\"avia_inline_auto\" id=\"style-css-av-jypwpclu-05d56b56b2bac3afc80cfcb54c0f71ac\">\n#top .hr.av-jypwpclu-05d56b56b2bac3afc80cfcb54c0f71ac{\nmargin-top:-20px;\nmargin-bottom:10px;\n}\n.hr.av-jypwpclu-05d56b56b2bac3afc80cfcb54c0f71ac .hr-inner{\nwidth:50px;\nborder-color:#076fb5;\n}\n<\/style>\n<div  class='hr av-jypwpclu-05d56b56b2bac3afc80cfcb54c0f71ac hr-custom  avia-builder-el-11  el_after_av_textblock  el_before_av_textblock  hr-center hr-icon-no'><span class='hr-inner inner-border-av-border-fat'><span class=\"hr-inner-style\"><\/span><\/span><\/div><br \/>\n<section  class='av_textblock_section av-k1szzk5y-de516f76be1e5eaca135421ef5e4a634 '   itemscope=\"itemscope\" itemtype=\"https:\/\/schema.org\/CreativeWork\" ><div class='avia_textblock'  itemprop=\"text\" ><p>Contenidors amb sistema de cadenes de diferents dimensions i caracter\u00edstiques. Aptes per a materials s\u00f2lids i l\u00edquids.<\/p>\n<\/div><\/section><\/p><\/div>\n<div class='av-flex-placeholder'><\/div>\n<style type=\"text\/css\" data-created_by=\"avia_inline_auto\" id=\"style-css-av-2y99ef-9f90597df6347b97998ad79df54d850c\">\n.flex_column.av-2y99ef-9f90597df6347b97998ad79df54d850c{\nborder-radius:0px 0px 0px 0px;\npadding:0px 0px 0px 0px;\n}\n<\/style>\n<div  class='flex_column av-2y99ef-9f90597df6347b97998ad79df54d850c av_one_third  avia-builder-el-13  el_after_av_one_third  el_before_av_hr  flex_column_table_cell av-equal-height-column av-align-top av-zero-column-padding  column-top-margin'     ><section  class='av_textblock_section av-k0zepwem-bfe9edb6abb29a6cba5aa7553969f11d '   itemscope=\"itemscope\" itemtype=\"https:\/\/schema.org\/CreativeWork\" ><div class='avia_textblock'  itemprop=\"text\" ><p><strong>Mides disponibles:<\/strong><br \/>\n<a href=\"https:\/\/contenedoresazor.com\/ca\/contenidors\/contenidors-de-cadenes\/contenidors-de-cadenes-estandard\/contenidor-de-cadenes-mini-16-m3\/\">Cadenes mini 1,6 m<sup>3<\/sup><\/a><br \/>\n<a href=\"https:\/\/contenedoresazor.com\/ca\/contenidors\/contenidors-de-cadenes\/contenidors-de-cadenes-estandard\/contenidor-cadenes-mini-2m3\/\">Cadenes mini 2 m<sup>3<\/sup><\/a><br \/>\n<a href=\"https:\/\/contenedoresazor.com\/ca\/contenidors\/contenidors-de-cadenes\/contenidors-de-cadenes-estandard\/contenidors-de-cadenes-trapezoidals-425m3\/\">Cadenes 4,25 m<sup>3<\/sup><\/a><br \/>\n<a href=\"https:\/\/contenedoresazor.com\/ca\/contenidors\/contenidors-de-cadenes\/contenidors-de-cadenes-estandard\/contenidor-cadenes-5-m3-a-4000-mm\/\">Cadenes 5 m<sup>3<\/sup> a 4000 mm<\/a><br \/>\n<a href=\"https:\/\/contenedoresazor.com\/ca\/contenidors\/contenidors-de-cadenes\/contenidors-de-cadenes-estandard\/contenidor-de-cadenes-6-m3-a-4400mm\/\">Cadenes 6 m<sup>3\u00a0<\/sup>a 4400 mm<\/a><\/p>\n<\/div><\/section><\/div><\/div><!--close column table wrapper. Autoclose: 1 -->\n<style type=\"text\/css\" data-created_by=\"avia_inline_auto\" id=\"style-css-av-k0mk4d2o-367210475d5821a5d2831d5068ad4b42\">\n#top .hr.hr-invisible.av-k0mk4d2o-367210475d5821a5d2831d5068ad4b42{\nheight:100px;\n}\n<\/style>\n<div  class='hr av-k0mk4d2o-367210475d5821a5d2831d5068ad4b42 hr-invisible  avia-builder-el-15  el_after_av_one_third  avia-builder-el-last '><span class='hr-inner '><span class=\"hr-inner-style\"><\/span><\/span><\/div><\/p>\n","protected":false},"excerpt":{"rendered":"","protected":false},"author":2,"featured_media":0,"parent":3285,"menu_order":0,"comment_status":"closed","ping_status":"closed","template":"","meta":{"footnotes":""},"class_list":["post-3332","page","type-page","status-publish","hentry"],"yoast_head":"<!-- This site is optimized with the Yoast SEO plugin v27.4 - https:\/\/yoast.com\/product\/yoast-seo-wordpress\/ -->\n<title>CONTENIDORS DE CADENES EST\u00c0NDARD - Contenedores Azor<\/title>\n<meta name=\"robots\" content=\"index, follow, max-snippet:-1, max-image-preview:large, max-video-preview:-1\" \/>\n<link rel=\"canonical\" href=\"https:\/\/contenedoresazor.com\/ca\/contenidors\/contenidors-de-cadenes\/contenidors-de-cadenes-estandard\/\" \/>\n<meta property=\"og:locale\" content=\"ca_ES\" \/>\n<meta property=\"og:type\" content=\"article\" \/>\n<meta property=\"og:title\" content=\"CONTENIDORS DE CADENES EST\u00c0NDARD - Contenedores Azor\" \/>\n<meta property=\"og:url\" content=\"https:\/\/contenedoresazor.com\/ca\/contenidors\/contenidors-de-cadenes\/contenidors-de-cadenes-estandard\/\" \/>\n<meta property=\"og:site_name\" content=\"Contenedores Azor\" \/>\n<meta property=\"article:modified_time\" content=\"2020-01-24T11:22:01+00:00\" \/>\n<meta name=\"twitter:card\" content=\"summary_large_image\" \/>\n<meta name=\"twitter:label1\" content=\"Temps estimat de lectura\" \/>\n\t<meta name=\"twitter:data1\" content=\"6 minuts\" \/>\n<script type=\"application\/ld+json\" class=\"yoast-schema-graph\">{\"@context\":\"https:\\\/\\\/schema.org\",\"@graph\":[{\"@type\":\"WebPage\",\"@id\":\"https:\\\/\\\/contenedoresazor.com\\\/ca\\\/contenidors\\\/contenidors-de-cadenes\\\/contenidors-de-cadenes-estandard\\\/\",\"url\":\"https:\\\/\\\/contenedoresazor.com\\\/ca\\\/contenidors\\\/contenidors-de-cadenes\\\/contenidors-de-cadenes-estandard\\\/\",\"name\":\"CONTENIDORS DE CADENES EST\u00c0NDARD - Contenedores Azor\",\"isPartOf\":{\"@id\":\"https:\\\/\\\/contenedoresazor.com\\\/ca\\\/#website\"},\"datePublished\":\"2020-01-09T10:35:50+00:00\",\"dateModified\":\"2020-01-24T11:22:01+00:00\",\"breadcrumb\":{\"@id\":\"https:\\\/\\\/contenedoresazor.com\\\/ca\\\/contenidors\\\/contenidors-de-cadenes\\\/contenidors-de-cadenes-estandard\\\/#breadcrumb\"},\"inLanguage\":\"ca\",\"potentialAction\":[{\"@type\":\"ReadAction\",\"target\":[\"https:\\\/\\\/contenedoresazor.com\\\/ca\\\/contenidors\\\/contenidors-de-cadenes\\\/contenidors-de-cadenes-estandard\\\/\"]}]},{\"@type\":\"BreadcrumbList\",\"@id\":\"https:\\\/\\\/contenedoresazor.com\\\/ca\\\/contenidors\\\/contenidors-de-cadenes\\\/contenidors-de-cadenes-estandard\\\/#breadcrumb\",\"itemListElement\":[{\"@type\":\"ListItem\",\"position\":1,\"name\":\"Portada\",\"item\":\"https:\\\/\\\/contenedoresazor.com\\\/ca\\\/\"},{\"@type\":\"ListItem\",\"position\":2,\"name\":\"CONTENIDORS\",\"item\":\"https:\\\/\\\/contenedoresazor.com\\\/ca\\\/contenidors\\\/\"},{\"@type\":\"ListItem\",\"position\":3,\"name\":\"Contenidors de Cadenes\",\"item\":\"https:\\\/\\\/contenedoresazor.com\\\/ca\\\/contenidors\\\/contenidors-de-cadenes\\\/\"},{\"@type\":\"ListItem\",\"position\":4,\"name\":\"CONTENIDORS DE CADENES EST\u00c0NDARD\"}]},{\"@type\":\"WebSite\",\"@id\":\"https:\\\/\\\/contenedoresazor.com\\\/ca\\\/#website\",\"url\":\"https:\\\/\\\/contenedoresazor.com\\\/ca\\\/\",\"name\":\"MySiteWeb\",\"description\":\"Dise\u00f1o y fabricaci\u00f3n de contenedores para la gesti\u00f3n de residuos en diferentes sectores\",\"potentialAction\":[{\"@type\":\"SearchAction\",\"target\":{\"@type\":\"EntryPoint\",\"urlTemplate\":\"https:\\\/\\\/contenedoresazor.com\\\/ca\\\/?s={search_term_string}\"},\"query-input\":{\"@type\":\"PropertyValueSpecification\",\"valueRequired\":true,\"valueName\":\"search_term_string\"}}],\"inLanguage\":\"ca\"}]}<\/script>\n<!-- \/ Yoast SEO plugin. -->","yoast_head_json":{"title":"CONTENIDORS DE CADENES EST\u00c0NDARD - Contenedores Azor","robots":{"index":"index","follow":"follow","max-snippet":"max-snippet:-1","max-image-preview":"max-image-preview:large","max-video-preview":"max-video-preview:-1"},"canonical":"https:\/\/contenedoresazor.com\/ca\/contenidors\/contenidors-de-cadenes\/contenidors-de-cadenes-estandard\/","og_locale":"ca_ES","og_type":"article","og_title":"CONTENIDORS DE CADENES EST\u00c0NDARD - Contenedores Azor","og_url":"https:\/\/contenedoresazor.com\/ca\/contenidors\/contenidors-de-cadenes\/contenidors-de-cadenes-estandard\/","og_site_name":"Contenedores Azor","article_modified_time":"2020-01-24T11:22:01+00:00","twitter_card":"summary_large_image","twitter_misc":{"Temps estimat de lectura":"6 minuts"},"schema":{"@context":"https:\/\/schema.org","@graph":[{"@type":"WebPage","@id":"https:\/\/contenedoresazor.com\/ca\/contenidors\/contenidors-de-cadenes\/contenidors-de-cadenes-estandard\/","url":"https:\/\/contenedoresazor.com\/ca\/contenidors\/contenidors-de-cadenes\/contenidors-de-cadenes-estandard\/","name":"CONTENIDORS DE CADENES EST\u00c0NDARD - Contenedores Azor","isPartOf":{"@id":"https:\/\/contenedoresazor.com\/ca\/#website"},"datePublished":"2020-01-09T10:35:50+00:00","dateModified":"2020-01-24T11:22:01+00:00","breadcrumb":{"@id":"https:\/\/contenedoresazor.com\/ca\/contenidors\/contenidors-de-cadenes\/contenidors-de-cadenes-estandard\/#breadcrumb"},"inLanguage":"ca","potentialAction":[{"@type":"ReadAction","target":["https:\/\/contenedoresazor.com\/ca\/contenidors\/contenidors-de-cadenes\/contenidors-de-cadenes-estandard\/"]}]},{"@type":"BreadcrumbList","@id":"https:\/\/contenedoresazor.com\/ca\/contenidors\/contenidors-de-cadenes\/contenidors-de-cadenes-estandard\/#breadcrumb","itemListElement":[{"@type":"ListItem","position":1,"name":"Portada","item":"https:\/\/contenedoresazor.com\/ca\/"},{"@type":"ListItem","position":2,"name":"CONTENIDORS","item":"https:\/\/contenedoresazor.com\/ca\/contenidors\/"},{"@type":"ListItem","position":3,"name":"Contenidors de Cadenes","item":"https:\/\/contenedoresazor.com\/ca\/contenidors\/contenidors-de-cadenes\/"},{"@type":"ListItem","position":4,"name":"CONTENIDORS DE CADENES EST\u00c0NDARD"}]},{"@type":"WebSite","@id":"https:\/\/contenedoresazor.com\/ca\/#website","url":"https:\/\/contenedoresazor.com\/ca\/","name":"MySiteWeb","description":"Dise\u00f1o y fabricaci\u00f3n de contenedores para la gesti\u00f3n de residuos en diferentes sectores","potentialAction":[{"@type":"SearchAction","target":{"@type":"EntryPoint","urlTemplate":"https:\/\/contenedoresazor.com\/ca\/?s={search_term_string}"},"query-input":{"@type":"PropertyValueSpecification","valueRequired":true,"valueName":"search_term_string"}}],"inLanguage":"ca"}]}},"_links":{"self":[{"href":"https:\/\/contenedoresazor.com\/ca\/wp-json\/wp\/v2\/pages\/3332","targetHints":{"allow":["GET"]}}],"collection":[{"href":"https:\/\/contenedoresazor.com\/ca\/wp-json\/wp\/v2\/pages"}],"about":[{"href":"https:\/\/contenedoresazor.com\/ca\/wp-json\/wp\/v2\/types\/page"}],"author":[{"embeddable":true,"href":"https:\/\/contenedoresazor.com\/ca\/wp-json\/wp\/v2\/users\/2"}],"replies":[{"embeddable":true,"href":"https:\/\/contenedoresazor.com\/ca\/wp-json\/wp\/v2\/comments?post=3332"}],"version-history":[{"count":0,"href":"https:\/\/contenedoresazor.com\/ca\/wp-json\/wp\/v2\/pages\/3332\/revisions"}],"up":[{"embeddable":true,"href":"https:\/\/contenedoresazor.com\/ca\/wp-json\/wp\/v2\/pages\/3285"}],"wp:attachment":[{"href":"https:\/\/contenedoresazor.com\/ca\/wp-json\/wp\/v2\/media?parent=3332"}],"curies":[{"name":"wp","href":"https:\/\/api.w.org\/{rel}","templated":true}]}}