{"id":3372,"date":"2020-01-09T10:45:05","date_gmt":"2020-01-09T10:45:05","guid":{"rendered":"https:\/\/contenedoresazor.com\/contenedores\/contenedores-de-gancho\/cajas-abiertas-y-cerradas\/"},"modified":"2020-01-29T15:34:00","modified_gmt":"2020-01-29T15:34:00","slug":"caixes-obertes-i-tancades","status":"publish","type":"page","link":"https:\/\/contenedoresazor.com\/ca\/contenidors\/contenidors-de-ganxo\/caixes-obertes-i-tancades\/","title":{"rendered":"Caixes Obertes i Tancades"},"content":{"rendered":"<div id='full_slider_1'  class='avia-fullwidth-slider main_color avia-shadow av-small-hide av-mini-hide  avia-builder-el-0  el_before_av_slideshow_full  avia-builder-el-first   container_wrap sidebar_right'  ><div  class='avia-slideshow av-jwkjv8lk-7cffa165426c4ae728c68f89cfd84cce avia-slideshow-no scaling av_slideshow_full avia-slide-slider av-small-hide av-mini-hide av-slideshow-ui av-control-default av-slideshow-manual av-loop-once av-loop-manual-endless av-default-height-applied   avia-slideshow-1' data-slideshow-options=\"{&quot;animation&quot;:&quot;slide&quot;,&quot;autoplay&quot;:false,&quot;loop_autoplay&quot;:&quot;once&quot;,&quot;interval&quot;:5,&quot;loop_manual&quot;:&quot;manual-endless&quot;,&quot;autoplay_stopper&quot;:false,&quot;noNavigation&quot;:false,&quot;bg_slider&quot;:false,&quot;keep_padding&quot;:false,&quot;hoverpause&quot;:false,&quot;show_slide_delay&quot;:0}\"  itemprop=\"image\" itemscope=\"itemscope\" itemtype=\"https:\/\/schema.org\/ImageObject\" ><ul class='avia-slideshow-inner ' style='padding-bottom: 28.666666666667%;'><li  class='avia-slideshow-slide av-jwkjv8lk-7cffa165426c4ae728c68f89cfd84cce__0  av-single-slide slide-1 slide-odd'><div data-rel='slideshow-1' class='avia-slide-wrap '   ><img decoding=\"async\" fetchpriority=\"high\" class=\"wp-image-2095 avia-img-lazy-loading-not-2095\"  src=\"https:\/\/contenedoresazor.com\/wp-content\/uploads\/2019\/10\/IMG_1116-2-Slider.png\" width=\"1500\" height=\"430\" title='IMG_1116-2-Slider' alt=''  itemprop=\"thumbnailUrl\" srcset=\"https:\/\/contenedoresazor.com\/wp-content\/uploads\/2019\/10\/IMG_1116-2-Slider.png 1500w, https:\/\/contenedoresazor.com\/wp-content\/uploads\/2019\/10\/IMG_1116-2-Slider-300x86.png 300w, https:\/\/contenedoresazor.com\/wp-content\/uploads\/2019\/10\/IMG_1116-2-Slider-768x220.png 768w, https:\/\/contenedoresazor.com\/wp-content\/uploads\/2019\/10\/IMG_1116-2-Slider-1030x295.png 1030w, https:\/\/contenedoresazor.com\/wp-content\/uploads\/2019\/10\/IMG_1116-2-Slider-705x202.png 705w, https:\/\/contenedoresazor.com\/wp-content\/uploads\/2019\/10\/IMG_1116-2-Slider-450x129.png 450w\" sizes=\"(max-width: 1500px) 100vw, 1500px\" \/><\/div><\/li><\/ul><\/div><\/div>\n<div id='full_slider_2'  class='avia-fullwidth-slider main_color avia-shadow av-desktop-hide av-medium-hide  avia-builder-el-1  el_after_av_slideshow_full  el_before_av_section   slider-not-first container_wrap sidebar_right'  ><div  class='avia-slideshow av-jwkjv8lk-54c6757d438d417b764aaf1c502c98a6 avia-slideshow-no scaling av_slideshow_full avia-slide-slider av-desktop-hide av-medium-hide av-slideshow-ui av-control-default av-slideshow-manual av-loop-once av-loop-manual-endless av-default-height-applied   avia-slideshow-2' data-slideshow-options=\"{&quot;animation&quot;:&quot;slide&quot;,&quot;autoplay&quot;:false,&quot;loop_autoplay&quot;:&quot;once&quot;,&quot;interval&quot;:5,&quot;loop_manual&quot;:&quot;manual-endless&quot;,&quot;autoplay_stopper&quot;:false,&quot;noNavigation&quot;:false,&quot;bg_slider&quot;:false,&quot;keep_padding&quot;:false,&quot;hoverpause&quot;:false,&quot;show_slide_delay&quot;:0}\"  itemprop=\"image\" itemscope=\"itemscope\" itemtype=\"https:\/\/schema.org\/ImageObject\" ><ul class='avia-slideshow-inner ' style='padding-bottom: 83.333333333333%;'><li  class='avia-slideshow-slide av-jwkjv8lk-54c6757d438d417b764aaf1c502c98a6__0  av-single-slide slide-1 slide-odd'><div data-rel='slideshow-2' class='avia-slide-wrap '   ><img decoding=\"async\" fetchpriority=\"high\" class=\"wp-image-2098 avia-img-lazy-loading-not-2098\"  src=\"https:\/\/contenedoresazor.com\/wp-content\/uploads\/2019\/10\/IMG_1116-2-SliderMVL.png\" width=\"600\" height=\"500\" title='IMG_1116-2-SliderMVL' alt=''  itemprop=\"thumbnailUrl\" srcset=\"https:\/\/contenedoresazor.com\/wp-content\/uploads\/2019\/10\/IMG_1116-2-SliderMVL.png 600w, https:\/\/contenedoresazor.com\/wp-content\/uploads\/2019\/10\/IMG_1116-2-SliderMVL-300x250.png 300w, https:\/\/contenedoresazor.com\/wp-content\/uploads\/2019\/10\/IMG_1116-2-SliderMVL-450x375.png 450w\" sizes=\"(max-width: 600px) 100vw, 600px\" \/><\/div><\/li><\/ul><\/div><\/div>\n\n<style type=\"text\/css\" data-created_by=\"avia_inline_auto\" id=\"style-css-av-jwkj3od7-f8727e842ea152e2f1265260d3e70322\">\n.avia-section.av-jwkj3od7-f8727e842ea152e2f1265260d3e70322{\nbackground-color:#0670b5;\nbackground-image:unset;\n}\n<\/style>\n<div id='av_section_1'  class='avia-section av-jwkj3od7-f8727e842ea152e2f1265260d3e70322 main_color avia-section-default avia-no-border-styling  avia-builder-el-2  el_after_av_slideshow_full  el_before_av_one_full  avia-bg-style-scroll container_wrap sidebar_right'  ><div class='container av-section-cont-open' ><div class='template-page content  av-content-small alpha units'><div class='post-entry post-entry-type-page post-entry-3372'><div class='entry-content-wrapper clearfix'>\n\n<style type=\"text\/css\" data-created_by=\"avia_inline_auto\" id=\"style-css-av-k5850jzl-c13607b1c852f0e0a9ebe291b28c9d14\">\n#top .av-special-heading.av-k5850jzl-c13607b1c852f0e0a9ebe291b28c9d14{\npadding-bottom:10px;\ncolor:#ffffff;\n}\nbody .av-special-heading.av-k5850jzl-c13607b1c852f0e0a9ebe291b28c9d14 .av-special-heading-tag .heading-char{\nfont-size:25px;\n}\n.av-special-heading.av-k5850jzl-c13607b1c852f0e0a9ebe291b28c9d14 .special-heading-inner-border{\nborder-color:#ffffff;\n}\n.av-special-heading.av-k5850jzl-c13607b1c852f0e0a9ebe291b28c9d14 .av-subheading{\nfont-size:15px;\n}\n<\/style>\n<div  class='av-special-heading av-k5850jzl-c13607b1c852f0e0a9ebe291b28c9d14 av-special-heading-h1 custom-color-heading blockquote modern-quote modern-centered  avia-builder-el-3  avia-builder-el-no-sibling '><h1 class='av-special-heading-tag '  itemprop=\"headline\"  >CAIXES OBERTES I TANCADES<\/h1><div class=\"special-heading-border\"><div class=\"special-heading-inner-border\"><\/div><\/div><\/div>\n<\/div><\/div><\/div><!-- close content main div --><\/div><\/div><div id='after_section_1'  class='main_color av_default_container_wrap container_wrap sidebar_right'  ><div class='container av-section-cont-open' ><div class='template-page content  av-content-small alpha units'><div class='post-entry post-entry-type-page post-entry-3372'><div class='entry-content-wrapper clearfix'>\n\n<style type=\"text\/css\" data-created_by=\"avia_inline_auto\" id=\"style-css-av-fus52-7428bdffd1eb45de2b7c1a4821cc8c2b\">\n.flex_column.av-fus52-7428bdffd1eb45de2b7c1a4821cc8c2b{\nborder-radius:0px 0px 0px 0px;\npadding:0px 0px 0px 0px;\n}\n<\/style>\n<div  class='flex_column av-fus52-7428bdffd1eb45de2b7c1a4821cc8c2b av_one_full  avia-builder-el-4  el_after_av_section  el_before_av_one_third  avia-builder-el-first  first flex_column_div av-zero-column-padding  '     ><style type=\"text\/css\" data-created_by=\"avia_inline_auto\" id=\"style-css-av-k5850s8t-e8d3126f474fa882942e372b6869f827\">\n#top .av-special-heading.av-k5850s8t-e8d3126f474fa882942e372b6869f827{\npadding-bottom:10px;\n}\nbody .av-special-heading.av-k5850s8t-e8d3126f474fa882942e372b6869f827 .av-special-heading-tag .heading-char{\nfont-size:25px;\n}\n.av-special-heading.av-k5850s8t-e8d3126f474fa882942e372b6869f827 .av-subheading{\nfont-size:15px;\n}\n<\/style>\n<div  class='av-special-heading av-k5850s8t-e8d3126f474fa882942e372b6869f827 av-special-heading-h2 blockquote modern-quote modern-centered  avia-builder-el-5  avia-builder-el-no-sibling '><h2 class='av-special-heading-tag '  itemprop=\"headline\"  >PRODUCTES<\/h2><div class=\"special-heading-border\"><div class=\"special-heading-inner-border\"><\/div><\/div><\/div><\/div>\n\n<style type=\"text\/css\" data-created_by=\"avia_inline_auto\" id=\"style-css-av-egq66f-d7adfa464327d9f14d1d455e4997ba77\">\n.flex_column.av-egq66f-d7adfa464327d9f14d1d455e4997ba77{\nborder-radius:0px 0px 0px 0px;\npadding:0px 0px 0px 0px;\n}\n<\/style>\n<div  class='flex_column av-egq66f-d7adfa464327d9f14d1d455e4997ba77 av_one_third  avia-builder-el-6  el_after_av_one_full  el_before_av_one_third  first flex_column_div av-zero-column-padding  column-top-margin'     ><style type=\"text\/css\" data-created_by=\"avia_inline_auto\" id=\"style-css-av-jwkhd3yh-acb0beabaf446ef2100be1b592dd451f\">\n.avia-image-container.av-jwkhd3yh-acb0beabaf446ef2100be1b592dd451f img.avia_image{\nbox-shadow:none;\n}\n.avia-image-container.av-jwkhd3yh-acb0beabaf446ef2100be1b592dd451f .av-image-caption-overlay-center{\ncolor:#ffffff;\nfont-size:29px;\n}\n<\/style>\n<div  class='avia-image-container av-jwkhd3yh-acb0beabaf446ef2100be1b592dd451f av-styling- avia-align-center  avia-builder-el-7  avia-builder-el-no-sibling '   itemprop=\"image\" itemscope=\"itemscope\" itemtype=\"https:\/\/schema.org\/ImageObject\" ><div class=\"avia-image-container-inner\"><div class=\"avia-image-overlay-wrap\"><img decoding=\"async\" fetchpriority=\"high\" class='wp-image-1408 avia-img-lazy-loading-not-1408 avia_image ' src=\"https:\/\/contenedoresazor.com\/wp-content\/uploads\/2019\/09\/CajaAbierta30m3-WEBProducte-1.png\" alt='' title='CajaAbierta30m3-WEBProducte'  height=\"500\" width=\"500\"  itemprop=\"thumbnailUrl\" srcset=\"https:\/\/contenedoresazor.com\/wp-content\/uploads\/2019\/09\/CajaAbierta30m3-WEBProducte-1.png 500w, https:\/\/contenedoresazor.com\/wp-content\/uploads\/2019\/09\/CajaAbierta30m3-WEBProducte-1-80x80.png 80w, https:\/\/contenedoresazor.com\/wp-content\/uploads\/2019\/09\/CajaAbierta30m3-WEBProducte-1-300x300.png 300w, https:\/\/contenedoresazor.com\/wp-content\/uploads\/2019\/09\/CajaAbierta30m3-WEBProducte-1-36x36.png 36w, https:\/\/contenedoresazor.com\/wp-content\/uploads\/2019\/09\/CajaAbierta30m3-WEBProducte-1-180x180.png 180w, https:\/\/contenedoresazor.com\/wp-content\/uploads\/2019\/09\/CajaAbierta30m3-WEBProducte-1-120x120.png 120w, https:\/\/contenedoresazor.com\/wp-content\/uploads\/2019\/09\/CajaAbierta30m3-WEBProducte-1-450x450.png 450w\" sizes=\"(max-width: 500px) 100vw, 500px\" \/><\/div><\/div><\/div><\/div>\n\n<style type=\"text\/css\" data-created_by=\"avia_inline_auto\" id=\"style-css-av-cg804n-2fdbdc1bd9b8704d47b097419567446e\">\n.flex_column.av-cg804n-2fdbdc1bd9b8704d47b097419567446e{\nborder-radius:0px 0px 0px 0px;\npadding:0px 0px 0px 0px;\n}\n<\/style>\n<div  class='flex_column av-cg804n-2fdbdc1bd9b8704d47b097419567446e av_one_third  avia-builder-el-8  el_after_av_one_third  el_before_av_one_third  flex_column_div av-zero-column-padding  column-top-margin'     ><style type=\"text\/css\" data-created_by=\"avia_inline_auto\" id=\"style-css-av-jypwrgcs-e26ff3b01fdd00bc2ccd237bc1d6fa1f\">\n#top .av_textblock_section.av-jypwrgcs-e26ff3b01fdd00bc2ccd237bc1d6fa1f .avia_textblock{\nfont-size:16px;\ncolor:#076fb5;\n}\n<\/style>\n<section  class='av_textblock_section av-jypwrgcs-e26ff3b01fdd00bc2ccd237bc1d6fa1f '   itemscope=\"itemscope\" itemtype=\"https:\/\/schema.org\/CreativeWork\" ><div class='avia_textblock av_inherit_color'  itemprop=\"text\" ><p style=\"text-align: center;\"><strong>CAIXES OBERTES I TANCADES<\/strong><\/p>\n<\/div><\/section><br \/>\n\n<style type=\"text\/css\" data-created_by=\"avia_inline_auto\" id=\"style-css-av-jypwpclu-05d56b56b2bac3afc80cfcb54c0f71ac\">\n#top .hr.av-jypwpclu-05d56b56b2bac3afc80cfcb54c0f71ac{\nmargin-top:-20px;\nmargin-bottom:10px;\n}\n.hr.av-jypwpclu-05d56b56b2bac3afc80cfcb54c0f71ac .hr-inner{\nwidth:50px;\nborder-color:#076fb5;\n}\n<\/style>\n<div  class='hr av-jypwpclu-05d56b56b2bac3afc80cfcb54c0f71ac hr-custom  avia-builder-el-10  el_after_av_textblock  el_before_av_textblock  hr-center hr-icon-no'><span class='hr-inner inner-border-av-border-fat'><span class=\"hr-inner-style\"><\/span><\/span><\/div><br \/>\n<section  class='av_textblock_section av-k1szzk5y-de516f76be1e5eaca135421ef5e4a634 '   itemscope=\"itemscope\" itemtype=\"https:\/\/schema.org\/CreativeWork\" ><div class='avia_textblock'  itemprop=\"text\" ><p>Contenidors amb ganxo, de diferents dimensions i caracter\u00edstiques. Aptes tant per a materials s\u00f2lids com l\u00edquids. Diferents opcions d&#8217;obertura.<\/p>\n<\/div><\/section><\/p><\/div>\n\n<style type=\"text\/css\" data-created_by=\"avia_inline_auto\" id=\"style-css-av-2y99ef-9f90597df6347b97998ad79df54d850c\">\n.flex_column.av-2y99ef-9f90597df6347b97998ad79df54d850c{\nborder-radius:0px 0px 0px 0px;\npadding:0px 0px 0px 0px;\n}\n<\/style>\n<div  class='flex_column av-2y99ef-9f90597df6347b97998ad79df54d850c av_one_third  avia-builder-el-12  el_after_av_one_third  el_before_av_hr  flex_column_div av-zero-column-padding  column-top-margin'     ><section  class='av_textblock_section av-k0zepwem-bfe9edb6abb29a6cba5aa7553969f11d '   itemscope=\"itemscope\" itemtype=\"https:\/\/schema.org\/CreativeWork\" ><div class='avia_textblock'  itemprop=\"text\" ><p><strong>Mides disponibles:<\/strong><br \/>\n<a href=\"https:\/\/contenedoresazor.com\/ca\/contenidors\/contenidors-de-ganxo\/caixes-obertes-i-tancades\/caixa-oberta-ganxo-9-m3-de-capacitat\/\">Caixa oberta 9 m<sup>3<\/sup><\/a><br \/>\n<a href=\"https:\/\/contenedoresazor.com\/ca\/contenidors\/contenidors-de-ganxo\/caixes-obertes-i-tancades\/caixa-oberta-ganxo-10-m3-de-capacitat\/\">Caixa oberta 10 m<sup>3<\/sup><\/a><br \/>\n<a href=\"https:\/\/contenedoresazor.com\/ca\/contenidors\/contenidors-de-ganxo\/caixes-obertes-i-tancades\/caixa-oberta-ganxo-12-m3-de-capacitat\/\">Caixa oberta 12 m<sup>3<\/sup><\/a><br \/>\n<a href=\"https:\/\/contenedoresazor.com\/ca\/contenidors\/contenidors-de-ganxo\/caixa-ganxo-laterals-abatibles-de-capacitat-12-m3\/\">Caixa oberta amb laterals abatibles 12 m<sup>3<\/sup><\/a><br \/>\n<a href=\"https:\/\/contenedoresazor.com\/ca\/contenidors\/contenidors-de-ganxo\/caixes-obertes-i-tancades\/caixa-oberta-tipus-dumper-12-m3-de-capacitat-xapa-anti-desgast\/\">Caixa oberta tipus dumper 12 m<sup>3 <\/sup>amb xapa anti-desgast<\/a><br \/>\n<a href=\"https:\/\/contenedoresazor.com\/ca\/contenidors\/contenidors-de-ganxo\/caixa-oberta-ganxo-de-15-m3-de-capacitat\/\">Caixa oberta 15 m<sup>3<\/sup><\/a><br \/>\n<a href=\"https:\/\/contenedoresazor.com\/ca\/contenidors\/contenidors-de-ganxo\/caixa-oberta-ganxo-lleugera-de-15-m3-de-capacitat\/\">Caixa oberta lleguera 15 m<sup>3<\/sup><\/a><br \/>\n<a href=\"https:\/\/contenedoresazor.com\/ca\/contenidors\/contenidors-de-ganxo\/caixes-obertes-i-tancades\/caixa-oberta-ganxo-18m3-de-capacitat\/\">Caixa oberta 18 m<sup>3<\/sup><\/a><br \/>\n<a href=\"https:\/\/contenedoresazor.com\/ca\/contenidors\/contenidors-de-ganxo\/caixes-obertes-i-tancades\/caixa-oberta-ganxo-18-m3-de-capacitat-per-a-fangs\/\">Caixa oberta per a fangs 18 m<sup>3<\/sup><\/a><br \/>\n<a href=\"https:\/\/contenedoresazor.com\/ca\/contenidors\/contenidors-de-ganxo\/caixes-obertes-i-tancades\/caixa-oberta-ganxo-20-m3-de-capacitat\/\">Caixa oberta 20 m<sup>3<\/sup><\/a><br \/>\n<a href=\"https:\/\/contenedoresazor.com\/ca\/contenidors\/contenidors-de-ganxo\/caixes-obertes-i-tancades\/caixa-oberta-ganxo-25-m3-de-capacitat\/\">Caixa oberta 25 m<sup>3<\/sup><\/a><br \/>\n<a href=\"https:\/\/contenedoresazor.com\/ca\/contenidors\/contenidors-de-ganxo\/caixes-obertes-i-tancades\/caixa-oberta-ganxo-30-m3-de-capacitat\/\">Caixa oberta 30 m<sup>3<\/sup><\/a><br \/>\n<a href=\"https:\/\/contenedoresazor.com\/ca\/contenidors\/contenidors-de-ganxo\/caixa-oberta-ganxo-30-m3-amb-tapa-hidraulica\/\">Caixa oberta amb tapa hidr\u00e0ulica 30 m<sup>3<\/sup><\/a><br \/>\n<a href=\"https:\/\/contenedoresazor.com\/ca\/contenidors\/contenidors-de-ganxo\/caixa-ganxo-tancada-30-m3-recta\/\">Caixa tancada recta 30 m<sup>3<\/sup><\/a><br \/>\n<a href=\"https:\/\/contenedoresazor.com\/ca\/contenidors\/contenidors-de-ganxo\/caixes-obertes-i-tancades\/caixa-oberta-ganxo-32-m3-de-capacitat\/\">Caixa oberta 32 m<sup>3<\/sup><\/a><br \/>\n<a href=\"https:\/\/contenedoresazor.com\/ca\/contenidors\/contenidors-de-ganxo\/caixa-oberta-ganxo-ferralla-de-32-m3-de-capacitat\/\">Caixa oberta ferralla 32 m<sup>3<\/sup><\/a><br \/>\n<a href=\"https:\/\/contenedoresazor.com\/ca\/contenidors\/contenidors-de-ganxo\/caixes-obertes-i-tancades\/caixa-oberta-ganxo-35-m3-de-capacitat\/\">Caixa oberta 35 m<sup>3<\/sup><\/a><br \/>\n<a href=\"https:\/\/contenedoresazor.com\/ca\/contenidors\/contenidors-de-ganxo\/caixes-obertes-i-tancades\/caixa-oberta-ganxo-40-m3-de-capacitat\/\">Caixa oberta 40 m<sup>3<\/sup><\/a><br \/>\n<a href=\"https:\/\/contenedoresazor.com\/ca\/contenidors\/contenidors-de-ganxo\/caixes-obertes-i-tancades\/caixa-tancada-amb-tapes\/\">Caixa tancada amb tapes<\/a><\/p>\n<\/div><\/section><\/div>\n<style type=\"text\/css\" data-created_by=\"avia_inline_auto\" id=\"style-css-av-k0mk4d2o-367210475d5821a5d2831d5068ad4b42\">\n#top .hr.hr-invisible.av-k0mk4d2o-367210475d5821a5d2831d5068ad4b42{\nheight:100px;\n}\n<\/style>\n<div  class='hr av-k0mk4d2o-367210475d5821a5d2831d5068ad4b42 hr-invisible  avia-builder-el-14  el_after_av_one_third  avia-builder-el-last '><span class='hr-inner '><span class=\"hr-inner-style\"><\/span><\/span><\/div><\/p>\n","protected":false},"excerpt":{"rendered":"","protected":false},"author":2,"featured_media":0,"parent":3349,"menu_order":0,"comment_status":"closed","ping_status":"closed","template":"","meta":{"footnotes":""},"class_list":["post-3372","page","type-page","status-publish","hentry"],"yoast_head":"<!-- This site is optimized with the Yoast SEO plugin v27.6 - https:\/\/yoast.com\/product\/yoast-seo-wordpress\/ -->\n<title>Caixes Obertes i Tancades - Contenedores Azor<\/title>\n<meta name=\"robots\" content=\"index, follow, max-snippet:-1, max-image-preview:large, max-video-preview:-1\" \/>\n<link rel=\"canonical\" href=\"https:\/\/contenedoresazor.com\/ca\/contenidors\/contenidors-de-ganxo\/caixes-obertes-i-tancades\/\" \/>\n<meta property=\"og:locale\" content=\"ca_ES\" \/>\n<meta property=\"og:type\" content=\"article\" \/>\n<meta property=\"og:title\" content=\"Caixes Obertes i Tancades - Contenedores Azor\" \/>\n<meta property=\"og:url\" content=\"https:\/\/contenedoresazor.com\/ca\/contenidors\/contenidors-de-ganxo\/caixes-obertes-i-tancades\/\" \/>\n<meta property=\"og:site_name\" content=\"Contenedores Azor\" \/>\n<meta property=\"article:modified_time\" content=\"2020-01-29T15:34:00+00:00\" \/>\n<meta name=\"twitter:card\" content=\"summary_large_image\" \/>\n<meta name=\"twitter:label1\" content=\"Temps estimat de lectura\" \/>\n\t<meta name=\"twitter:data1\" content=\"7 minuts\" \/>\n<script type=\"application\/ld+json\" class=\"yoast-schema-graph\">{\"@context\":\"https:\\\/\\\/schema.org\",\"@graph\":[{\"@type\":\"WebPage\",\"@id\":\"https:\\\/\\\/contenedoresazor.com\\\/ca\\\/contenidors\\\/contenidors-de-ganxo\\\/caixes-obertes-i-tancades\\\/\",\"url\":\"https:\\\/\\\/contenedoresazor.com\\\/ca\\\/contenidors\\\/contenidors-de-ganxo\\\/caixes-obertes-i-tancades\\\/\",\"name\":\"Caixes Obertes i Tancades - Contenedores Azor\",\"isPartOf\":{\"@id\":\"https:\\\/\\\/contenedoresazor.com\\\/ca\\\/#website\"},\"datePublished\":\"2020-01-09T10:45:05+00:00\",\"dateModified\":\"2020-01-29T15:34:00+00:00\",\"breadcrumb\":{\"@id\":\"https:\\\/\\\/contenedoresazor.com\\\/ca\\\/contenidors\\\/contenidors-de-ganxo\\\/caixes-obertes-i-tancades\\\/#breadcrumb\"},\"inLanguage\":\"ca\",\"potentialAction\":[{\"@type\":\"ReadAction\",\"target\":[\"https:\\\/\\\/contenedoresazor.com\\\/ca\\\/contenidors\\\/contenidors-de-ganxo\\\/caixes-obertes-i-tancades\\\/\"]}]},{\"@type\":\"BreadcrumbList\",\"@id\":\"https:\\\/\\\/contenedoresazor.com\\\/ca\\\/contenidors\\\/contenidors-de-ganxo\\\/caixes-obertes-i-tancades\\\/#breadcrumb\",\"itemListElement\":[{\"@type\":\"ListItem\",\"position\":1,\"name\":\"Portada\",\"item\":\"https:\\\/\\\/contenedoresazor.com\\\/ca\\\/\"},{\"@type\":\"ListItem\",\"position\":2,\"name\":\"CONTENIDORS\",\"item\":\"https:\\\/\\\/contenedoresazor.com\\\/ca\\\/contenidors\\\/\"},{\"@type\":\"ListItem\",\"position\":3,\"name\":\"Contenidors de Ganxo\",\"item\":\"https:\\\/\\\/contenedoresazor.com\\\/ca\\\/contenidors\\\/contenidors-de-ganxo\\\/\"},{\"@type\":\"ListItem\",\"position\":4,\"name\":\"Caixes Obertes i Tancades\"}]},{\"@type\":\"WebSite\",\"@id\":\"https:\\\/\\\/contenedoresazor.com\\\/ca\\\/#website\",\"url\":\"https:\\\/\\\/contenedoresazor.com\\\/ca\\\/\",\"name\":\"MySiteWeb\",\"description\":\"Dise\u00f1o y fabricaci\u00f3n de contenedores para la gesti\u00f3n de residuos en diferentes sectores\",\"potentialAction\":[{\"@type\":\"SearchAction\",\"target\":{\"@type\":\"EntryPoint\",\"urlTemplate\":\"https:\\\/\\\/contenedoresazor.com\\\/ca\\\/?s={search_term_string}\"},\"query-input\":{\"@type\":\"PropertyValueSpecification\",\"valueRequired\":true,\"valueName\":\"search_term_string\"}}],\"inLanguage\":\"ca\"}]}<\/script>\n<!-- \/ Yoast SEO plugin. -->","yoast_head_json":{"title":"Caixes Obertes i Tancades - Contenedores Azor","robots":{"index":"index","follow":"follow","max-snippet":"max-snippet:-1","max-image-preview":"max-image-preview:large","max-video-preview":"max-video-preview:-1"},"canonical":"https:\/\/contenedoresazor.com\/ca\/contenidors\/contenidors-de-ganxo\/caixes-obertes-i-tancades\/","og_locale":"ca_ES","og_type":"article","og_title":"Caixes Obertes i Tancades - Contenedores Azor","og_url":"https:\/\/contenedoresazor.com\/ca\/contenidors\/contenidors-de-ganxo\/caixes-obertes-i-tancades\/","og_site_name":"Contenedores Azor","article_modified_time":"2020-01-29T15:34:00+00:00","twitter_card":"summary_large_image","twitter_misc":{"Temps estimat de lectura":"7 minuts"},"schema":{"@context":"https:\/\/schema.org","@graph":[{"@type":"WebPage","@id":"https:\/\/contenedoresazor.com\/ca\/contenidors\/contenidors-de-ganxo\/caixes-obertes-i-tancades\/","url":"https:\/\/contenedoresazor.com\/ca\/contenidors\/contenidors-de-ganxo\/caixes-obertes-i-tancades\/","name":"Caixes Obertes i Tancades - Contenedores Azor","isPartOf":{"@id":"https:\/\/contenedoresazor.com\/ca\/#website"},"datePublished":"2020-01-09T10:45:05+00:00","dateModified":"2020-01-29T15:34:00+00:00","breadcrumb":{"@id":"https:\/\/contenedoresazor.com\/ca\/contenidors\/contenidors-de-ganxo\/caixes-obertes-i-tancades\/#breadcrumb"},"inLanguage":"ca","potentialAction":[{"@type":"ReadAction","target":["https:\/\/contenedoresazor.com\/ca\/contenidors\/contenidors-de-ganxo\/caixes-obertes-i-tancades\/"]}]},{"@type":"BreadcrumbList","@id":"https:\/\/contenedoresazor.com\/ca\/contenidors\/contenidors-de-ganxo\/caixes-obertes-i-tancades\/#breadcrumb","itemListElement":[{"@type":"ListItem","position":1,"name":"Portada","item":"https:\/\/contenedoresazor.com\/ca\/"},{"@type":"ListItem","position":2,"name":"CONTENIDORS","item":"https:\/\/contenedoresazor.com\/ca\/contenidors\/"},{"@type":"ListItem","position":3,"name":"Contenidors de Ganxo","item":"https:\/\/contenedoresazor.com\/ca\/contenidors\/contenidors-de-ganxo\/"},{"@type":"ListItem","position":4,"name":"Caixes Obertes i Tancades"}]},{"@type":"WebSite","@id":"https:\/\/contenedoresazor.com\/ca\/#website","url":"https:\/\/contenedoresazor.com\/ca\/","name":"MySiteWeb","description":"Dise\u00f1o y fabricaci\u00f3n de contenedores para la gesti\u00f3n de residuos en diferentes sectores","potentialAction":[{"@type":"SearchAction","target":{"@type":"EntryPoint","urlTemplate":"https:\/\/contenedoresazor.com\/ca\/?s={search_term_string}"},"query-input":{"@type":"PropertyValueSpecification","valueRequired":true,"valueName":"search_term_string"}}],"inLanguage":"ca"}]}},"_links":{"self":[{"href":"https:\/\/contenedoresazor.com\/ca\/wp-json\/wp\/v2\/pages\/3372","targetHints":{"allow":["GET"]}}],"collection":[{"href":"https:\/\/contenedoresazor.com\/ca\/wp-json\/wp\/v2\/pages"}],"about":[{"href":"https:\/\/contenedoresazor.com\/ca\/wp-json\/wp\/v2\/types\/page"}],"author":[{"embeddable":true,"href":"https:\/\/contenedoresazor.com\/ca\/wp-json\/wp\/v2\/users\/2"}],"replies":[{"embeddable":true,"href":"https:\/\/contenedoresazor.com\/ca\/wp-json\/wp\/v2\/comments?post=3372"}],"version-history":[{"count":0,"href":"https:\/\/contenedoresazor.com\/ca\/wp-json\/wp\/v2\/pages\/3372\/revisions"}],"up":[{"embeddable":true,"href":"https:\/\/contenedoresazor.com\/ca\/wp-json\/wp\/v2\/pages\/3349"}],"wp:attachment":[{"href":"https:\/\/contenedoresazor.com\/ca\/wp-json\/wp\/v2\/media?parent=3372"}],"curies":[{"name":"wp","href":"https:\/\/api.w.org\/{rel}","templated":true}]}}