{"id":3454,"date":"2020-01-09T11:04:01","date_gmt":"2020-01-09T11:04:01","guid":{"rendered":"https:\/\/contenedoresazor.com\/contenedores\/contenedores-de-gancho\/tauliner\/"},"modified":"2020-04-17T10:39:33","modified_gmt":"2020-04-17T10:39:33","slug":"tauliner","status":"publish","type":"page","link":"https:\/\/contenedoresazor.com\/ca\/contenidors\/contenidors-de-ganxo\/tauliner\/","title":{"rendered":"TAULINER"},"content":{"rendered":"\n<style type=\"text\/css\" data-created_by=\"avia_inline_auto\" id=\"style-css-av-jwkl03ps-a6a7718a0b038e6870bd02b5fa4c6cd0\">\n.avia-section.av-jwkl03ps-a6a7718a0b038e6870bd02b5fa4c6cd0{\nbackground-color:#0670b5;\nbackground-image:unset;\n}\n<\/style>\n<div id='av_section_1'  class='avia-section av-jwkl03ps-a6a7718a0b038e6870bd02b5fa4c6cd0 main_color avia-section-small avia-no-border-styling  avia-builder-el-0  el_before_av_one_half  avia-builder-el-first  avia-bg-style-scroll container_wrap sidebar_right'  ><div class='container av-section-cont-open' ><main  role=\"main\" itemprop=\"mainContentOfPage\"  class='template-page content  av-content-small alpha units'><div class='post-entry post-entry-type-page post-entry-3454'><div class='entry-content-wrapper clearfix'>\n\n<style type=\"text\/css\" data-created_by=\"avia_inline_auto\" id=\"style-css-av-jwkil3kg-1cc2dd377568dd8109e867bf33790e93\">\n#top .av_textblock_section.av-jwkil3kg-1cc2dd377568dd8109e867bf33790e93 .avia_textblock{\ncolor:#ffffff;\n}\n<\/style>\n<section  class='av_textblock_section av-jwkil3kg-1cc2dd377568dd8109e867bf33790e93 '   itemscope=\"itemscope\" itemtype=\"https:\/\/schema.org\/CreativeWork\" ><div class='avia_textblock av_inherit_color'  itemprop=\"text\" ><h2 style=\"text-align: center;\">CONTENIDORS DE GANXOS<\/h2>\n<\/div><\/section>\n<\/div><\/div><\/main><!-- close content main element --><\/div><\/div><div id='after_section_1'  class='main_color av_default_container_wrap container_wrap sidebar_right'  ><div class='container av-section-cont-open' ><div class='template-page content  av-content-small alpha units'><div class='post-entry post-entry-type-page post-entry-3454'><div class='entry-content-wrapper clearfix'>\n\n<style type=\"text\/css\" data-created_by=\"avia_inline_auto\" id=\"style-css-av-909dv1-831083085d2d9b1843aa4f882ea872c7\">\n.flex_column.av-909dv1-831083085d2d9b1843aa4f882ea872c7{\nborder-radius:0px 0px 0px 0px;\npadding:0px 0px 0px 0px;\n}\n<\/style>\n<div  class='flex_column av-909dv1-831083085d2d9b1843aa4f882ea872c7 av_one_half  avia-builder-el-2  el_after_av_section  el_before_av_one_half  avia-builder-el-first  first flex_column_div av-zero-column-padding  '     ><style type=\"text\/css\" data-created_by=\"avia_inline_auto\" id=\"style-css-av-jwkinr9t-176dedffac1049d7c560a40333b24ef8\">\n#top .av_textblock_section.av-jwkinr9t-176dedffac1049d7c560a40333b24ef8 .avia_textblock{\ncolor:#0670b5;\n}\n<\/style>\n<section  class='av_textblock_section av-jwkinr9t-176dedffac1049d7c560a40333b24ef8 '   itemscope=\"itemscope\" itemtype=\"https:\/\/schema.org\/CreativeWork\" ><div class='avia_textblock av_inherit_color'  itemprop=\"text\" ><h4>TAULINER<\/h4>\n<\/div><\/section><br \/>\n\n<style type=\"text\/css\" data-created_by=\"avia_inline_auto\" id=\"style-css-av-jx0hmqck-359265f75a53c402b6c89f85698e3302\">\n#top .hr.av-jx0hmqck-359265f75a53c402b6c89f85698e3302{\nmargin-top:-10px;\nmargin-bottom:10px;\n}\n.hr.av-jx0hmqck-359265f75a53c402b6c89f85698e3302 .hr-inner{\nwidth:100%;\nborder-color:#0670b5;\n}\n<\/style>\n<div  class='hr av-jx0hmqck-359265f75a53c402b6c89f85698e3302 hr-custom  avia-builder-el-4  el_after_av_textblock  el_before_av_image  hr-center hr-icon-no'><span class='hr-inner inner-border-av-border-thin'><span class=\"hr-inner-style\"><\/span><\/span><\/div><br \/>\n\n<style type=\"text\/css\" data-created_by=\"avia_inline_auto\" id=\"style-css-av-jx0hdq7z-b07c09250edf4d828376cfecfb38eab9\">\n.avia-image-container.av-jx0hdq7z-b07c09250edf4d828376cfecfb38eab9 img.avia_image{\nbox-shadow:none;\n}\n.avia-image-container.av-jx0hdq7z-b07c09250edf4d828376cfecfb38eab9 .av-image-caption-overlay-center{\ncolor:#ffffff;\n}\n<\/style>\n<div  class='avia-image-container av-jx0hdq7z-b07c09250edf4d828376cfecfb38eab9 av-styling- avia-align-center  avia-builder-el-5  el_after_av_hr  avia-builder-el-last '   itemprop=\"image\" itemscope=\"itemscope\" itemtype=\"https:\/\/schema.org\/ImageObject\" ><div class=\"avia-image-container-inner\"><div class=\"avia-image-overlay-wrap\"><img decoding=\"async\" fetchpriority=\"high\" class='wp-image-1685 avia-img-lazy-loading-not-1685 avia_image ' src=\"https:\/\/contenedoresazor.com\/wp-content\/uploads\/2019\/10\/TAULINER-2-FonsBlau.png\" alt='' title='TAULINER-2-FonsBlau'  height=\"500\" width=\"500\"  itemprop=\"thumbnailUrl\" srcset=\"https:\/\/contenedoresazor.com\/wp-content\/uploads\/2019\/10\/TAULINER-2-FonsBlau.png 500w, https:\/\/contenedoresazor.com\/wp-content\/uploads\/2019\/10\/TAULINER-2-FonsBlau-80x80.png 80w, https:\/\/contenedoresazor.com\/wp-content\/uploads\/2019\/10\/TAULINER-2-FonsBlau-300x300.png 300w, https:\/\/contenedoresazor.com\/wp-content\/uploads\/2019\/10\/TAULINER-2-FonsBlau-36x36.png 36w, https:\/\/contenedoresazor.com\/wp-content\/uploads\/2019\/10\/TAULINER-2-FonsBlau-180x180.png 180w, https:\/\/contenedoresazor.com\/wp-content\/uploads\/2019\/10\/TAULINER-2-FonsBlau-120x120.png 120w, https:\/\/contenedoresazor.com\/wp-content\/uploads\/2019\/10\/TAULINER-2-FonsBlau-450x450.png 450w\" sizes=\"(max-width: 500px) 100vw, 500px\" \/><\/div><\/div><\/div><\/p><\/div>\n\n<style type=\"text\/css\" data-created_by=\"avia_inline_auto\" id=\"style-css-av-909dv1-2a42d371bfba9505909e433ef1866e3a\">\n.flex_column.av-909dv1-2a42d371bfba9505909e433ef1866e3a{\nborder-radius:0px 0px 0px 0px;\npadding:0px 0px 0px 0px;\n}\n<\/style>\n<div  class='flex_column av-909dv1-2a42d371bfba9505909e433ef1866e3a av_one_half  avia-builder-el-6  el_after_av_one_half  el_before_av_one_third  flex_column_div av-zero-column-padding  '     ><style type=\"text\/css\" data-created_by=\"avia_inline_auto\" id=\"style-css-av-jwkinr9t-176dedffac1049d7c560a40333b24ef8\">\n#top .av_textblock_section.av-jwkinr9t-176dedffac1049d7c560a40333b24ef8 .avia_textblock{\ncolor:#0670b5;\n}\n<\/style>\n<section  class='av_textblock_section av-jwkinr9t-176dedffac1049d7c560a40333b24ef8 '   itemscope=\"itemscope\" itemtype=\"https:\/\/schema.org\/CreativeWork\" ><div class='avia_textblock av_inherit_color'  itemprop=\"text\" ><h4>CARACTER\u00cdSTIQUES<\/h4>\n<\/div><\/section><br \/>\n\n<style type=\"text\/css\" data-created_by=\"avia_inline_auto\" id=\"style-css-av-jx0hmqck-359265f75a53c402b6c89f85698e3302\">\n#top .hr.av-jx0hmqck-359265f75a53c402b6c89f85698e3302{\nmargin-top:-10px;\nmargin-bottom:10px;\n}\n.hr.av-jx0hmqck-359265f75a53c402b6c89f85698e3302 .hr-inner{\nwidth:100%;\nborder-color:#0670b5;\n}\n<\/style>\n<div  class='hr av-jx0hmqck-359265f75a53c402b6c89f85698e3302 hr-custom  avia-builder-el-8  el_after_av_textblock  el_before_av_textblock  hr-center hr-icon-no'><span class='hr-inner inner-border-av-border-thin'><span class=\"hr-inner-style\"><\/span><\/span><\/div><br \/>\n<section  class='av_textblock_section av-jx0hlnqz-6e8db07b631e9e8a23353efef41f76a9 '   itemscope=\"itemscope\" itemtype=\"https:\/\/schema.org\/CreativeWork\" ><div class='avia_textblock'  itemprop=\"text\" ><p><strong>Sistema de C\u00e0rrega:<\/strong> Equip de ganxo<br \/>\n<strong>Gruix de xapa:<\/strong> Base 4 mm<br \/>\n<strong>Guies de: <\/strong>Ipn 180<br \/>\n<strong>Lateral: <\/strong>Apilador i 3 caixetins tancats per a 12 alces de fusta<br \/>\n<strong>Tipus de Tendal: <\/strong>Corred\u00eds<br \/>\n<strong>Tipus de Porta: <\/strong>2 fulles sandvitx<br \/>\n<strong>Tipus Soldadura:<\/strong> Soldadura a cord\u00f3 continu<br \/>\n<strong>Imprimaci\u00f3:<\/strong> 2 capes imprimaci\u00f3 assecat r\u00e0pid<br \/>\n<strong>Pintura:<\/strong> Esmalt sint\u00e8tic- Ral a confirmar<br \/>\n<strong>Rodets d\u2019arrossegament:<\/strong> Met\u00e0l\u00b7lics de \u00f8200 mm<br \/>\n<strong>Personalitzaci\u00f3:<\/strong> No inclosa<br \/>\n<strong>Tara Aproximada:<\/strong> Varia en funci\u00f3 de les dimensions<\/p>\n<\/div><\/section><br \/>\n\n<style type=\"text\/css\" data-created_by=\"avia_inline_auto\" id=\"style-css-av-jx0hqj3e-1e6316b393ae739e025d4b6cb79c19d9\">\n#top .hr.hr-invisible.av-jx0hqj3e-1e6316b393ae739e025d4b6cb79c19d9{\nheight:5px;\n}\n<\/style>\n<div  class='hr av-jx0hqj3e-1e6316b393ae739e025d4b6cb79c19d9 hr-invisible  avia-builder-el-10  el_after_av_textblock  el_before_av_textblock '><span class='hr-inner '><span class=\"hr-inner-style\"><\/span><\/span><\/div><br \/>\n\n<style type=\"text\/css\" data-created_by=\"avia_inline_auto\" id=\"style-css-av-jwkinr9t-176dedffac1049d7c560a40333b24ef8\">\n#top .av_textblock_section.av-jwkinr9t-176dedffac1049d7c560a40333b24ef8 .avia_textblock{\ncolor:#0670b5;\n}\n<\/style>\n<section  class='av_textblock_section av-jwkinr9t-176dedffac1049d7c560a40333b24ef8 '   itemscope=\"itemscope\" itemtype=\"https:\/\/schema.org\/CreativeWork\" ><div class='avia_textblock av_inherit_color'  itemprop=\"text\" ><h4>MIDES<\/h4>\n<\/div><\/section><br \/>\n\n<style type=\"text\/css\" data-created_by=\"avia_inline_auto\" id=\"style-css-av-jx0hmqck-359265f75a53c402b6c89f85698e3302\">\n#top .hr.av-jx0hmqck-359265f75a53c402b6c89f85698e3302{\nmargin-top:-10px;\nmargin-bottom:10px;\n}\n.hr.av-jx0hmqck-359265f75a53c402b6c89f85698e3302 .hr-inner{\nwidth:100%;\nborder-color:#0670b5;\n}\n<\/style>\n<div  class='hr av-jx0hmqck-359265f75a53c402b6c89f85698e3302 hr-custom  avia-builder-el-12  el_after_av_textblock  el_before_av_table  hr-center hr-icon-no'><span class='hr-inner inner-border-av-border-thin'><span class=\"hr-inner-style\"><\/span><\/span><\/div><br \/>\n<div class='avia-data-table-wrap av-3s1yql-ff61cd3c2e333eb7d2ce7da57dd1659b avia_responsive_table avia-table-1'><table  class='avia-table avia-data-table avia_pricing_minimal  avia-builder-el-13  el_after_av_hr  avia-builder-el-last '  itemscope=\"itemscope\" itemtype=\"https:\/\/schema.org\/Table\" ><tbody><tr class='avia-heading-row'><th class='avia-highlight-col'><\/th><th class=''>EXTERIOR<\/th><th class=''>INTERIOR<\/th><\/tr><tr class=''><td class='avia-highlight-col'>LLARG<\/td><td class=''>6180<\/td><td class=''>6000<\/td><\/tr><tr class=''><td class='avia-highlight-col'>AMPLE<\/td><td class=''>2550<\/td><td class=''>2400<\/td><\/tr><tr class=''><td class='avia-highlight-col'>ALT<\/td><td class=''>2500<\/td><td class=''>2300<\/td><\/tr><\/tbody><\/table><\/div><style type='text\/css'>.avia-table-1 td:nth-of-type(1):before { content: ''; } .avia-table-1 td:nth-of-type(2):before { content: 'EXTERIOR'; } .avia-table-1 td:nth-of-type(3):before { content: 'INTERIOR'; } <\/style><\/p><\/div>\n\n<style type=\"text\/css\" data-created_by=\"avia_inline_auto\" id=\"style-css-av-j6cz1-9b6c84cfe9242974dfad848486efc345\">\n.flex_column.av-j6cz1-9b6c84cfe9242974dfad848486efc345{\nborder-radius:0px 0px 0px 0px;\npadding:0px 0px 0px 0px;\n}\n<\/style>\n<div  class='flex_column av-j6cz1-9b6c84cfe9242974dfad848486efc345 av_one_third  avia-builder-el-14  el_after_av_one_half  el_before_av_one_third  first flex_column_div av-zero-column-padding  column-top-margin'     ><\/div>\n\n<style type=\"text\/css\" data-created_by=\"avia_inline_auto\" id=\"style-css-av-e9pel-71359e9f2674e279126d1fd57e39d4e7\">\n.flex_column.av-e9pel-71359e9f2674e279126d1fd57e39d4e7{\nborder-radius:0px 0px 0px 0px;\npadding:0px 0px 0px 0px;\n}\n<\/style>\n<div  class='flex_column av-e9pel-71359e9f2674e279126d1fd57e39d4e7 av_one_third  avia-builder-el-15  el_after_av_one_third  el_before_av_one_third  flex_column_div av-zero-column-padding  column-top-margin'     ><div  class='avia-button-wrap avia-button-center  avia-builder-el-16  avia-builder-el-no-sibling '>\n<style type=\"text\/css\" data-created_by=\"avia_inline_auto\" id=\"style-css-av-jwkl5wt2-cca70bf226c44a849c78e7f3e818d95f\">\n#top #wrap_all .avia-button.av-jwkl5wt2-cca70bf226c44a849c78e7f3e818d95f{\ncolor:#ffffff;\ntransition:all 0.4s ease-in-out;\n}\n#top #wrap_all .avia-button.av-jwkl5wt2-cca70bf226c44a849c78e7f3e818d95f:hover{\ncolor:#ffffff;\ntransition:all 0.4s ease-in-out;\n}\n#top #wrap_all .avia-button.av-jwkl5wt2-cca70bf226c44a849c78e7f3e818d95f .avia-svg-icon svg:first-child{\nfill:#ffffff;\nstroke:#ffffff;\n}\n#top #wrap_all .avia-button.av-jwkl5wt2-cca70bf226c44a849c78e7f3e818d95f:hover .avia-svg-icon svg:first-child{\nfill:#ffffff;\nstroke:#ffffff;\n}\n<\/style>\n<a href='mailto:info@construccionesmetalicas.net' class='avia-color-theme-color avia-button avia-button-fullwidth av-jwkl5wt2-cca70bf226c44a849c78e7f3e818d95f avia-icon_select-no avia-color-theme-color'  target=\"_blank\"  rel=\"noopener noreferrer\"  aria-label=\"DEMANAR INFORMACI\u00d3\"><span class='avia_iconbox_title' >DEMANAR INFORMACI\u00d3<\/span><span class='avia_button_background avia-button avia-button-fullwidth avia-color-theme-color'><\/span><\/a><\/div><\/div>\n<style type=\"text\/css\" data-created_by=\"avia_inline_auto\" id=\"style-css-av-8afel-b5dccf9b5926f2221c4fbcc2d41e0fb3\">\n.flex_column.av-8afel-b5dccf9b5926f2221c4fbcc2d41e0fb3{\nborder-radius:0px 0px 0px 0px;\npadding:0px 0px 0px 0px;\n}\n<\/style>\n<div  class='flex_column av-8afel-b5dccf9b5926f2221c4fbcc2d41e0fb3 av_one_third  avia-builder-el-17  el_after_av_one_third  avia-builder-el-last  flex_column_div av-zero-column-padding  column-top-margin'     ><\/div><\/p>\n","protected":false},"excerpt":{"rendered":"","protected":false},"author":2,"featured_media":0,"parent":3349,"menu_order":0,"comment_status":"closed","ping_status":"closed","template":"","meta":{"footnotes":""},"class_list":["post-3454","page","type-page","status-publish","hentry"],"yoast_head":"<!-- This site is optimized with the Yoast SEO plugin v27.4 - https:\/\/yoast.com\/product\/yoast-seo-wordpress\/ -->\n<title>TAULINER - Contenedores Azor<\/title>\n<meta name=\"robots\" content=\"index, follow, max-snippet:-1, max-image-preview:large, max-video-preview:-1\" \/>\n<link rel=\"canonical\" href=\"https:\/\/contenedoresazor.com\/ca\/contenidors\/contenidors-de-ganxo\/tauliner\/\" \/>\n<meta property=\"og:locale\" content=\"ca_ES\" \/>\n<meta property=\"og:type\" content=\"article\" \/>\n<meta property=\"og:title\" content=\"TAULINER - Contenedores Azor\" \/>\n<meta property=\"og:url\" content=\"https:\/\/contenedoresazor.com\/ca\/contenidors\/contenidors-de-ganxo\/tauliner\/\" \/>\n<meta property=\"og:site_name\" content=\"Contenedores Azor\" \/>\n<meta property=\"article:modified_time\" content=\"2020-04-17T10:39:33+00:00\" \/>\n<meta name=\"twitter:card\" content=\"summary_large_image\" \/>\n<meta name=\"twitter:label1\" content=\"Temps estimat de lectura\" \/>\n\t<meta name=\"twitter:data1\" content=\"7 minuts\" \/>\n<script type=\"application\/ld+json\" class=\"yoast-schema-graph\">{\"@context\":\"https:\\\/\\\/schema.org\",\"@graph\":[{\"@type\":\"WebPage\",\"@id\":\"https:\\\/\\\/contenedoresazor.com\\\/ca\\\/contenidors\\\/contenidors-de-ganxo\\\/tauliner\\\/\",\"url\":\"https:\\\/\\\/contenedoresazor.com\\\/ca\\\/contenidors\\\/contenidors-de-ganxo\\\/tauliner\\\/\",\"name\":\"TAULINER - Contenedores Azor\",\"isPartOf\":{\"@id\":\"https:\\\/\\\/contenedoresazor.com\\\/ca\\\/#website\"},\"datePublished\":\"2020-01-09T11:04:01+00:00\",\"dateModified\":\"2020-04-17T10:39:33+00:00\",\"breadcrumb\":{\"@id\":\"https:\\\/\\\/contenedoresazor.com\\\/ca\\\/contenidors\\\/contenidors-de-ganxo\\\/tauliner\\\/#breadcrumb\"},\"inLanguage\":\"ca\",\"potentialAction\":[{\"@type\":\"ReadAction\",\"target\":[\"https:\\\/\\\/contenedoresazor.com\\\/ca\\\/contenidors\\\/contenidors-de-ganxo\\\/tauliner\\\/\"]}]},{\"@type\":\"BreadcrumbList\",\"@id\":\"https:\\\/\\\/contenedoresazor.com\\\/ca\\\/contenidors\\\/contenidors-de-ganxo\\\/tauliner\\\/#breadcrumb\",\"itemListElement\":[{\"@type\":\"ListItem\",\"position\":1,\"name\":\"Portada\",\"item\":\"https:\\\/\\\/contenedoresazor.com\\\/ca\\\/\"},{\"@type\":\"ListItem\",\"position\":2,\"name\":\"CONTENIDORS\",\"item\":\"https:\\\/\\\/contenedoresazor.com\\\/ca\\\/contenidors\\\/\"},{\"@type\":\"ListItem\",\"position\":3,\"name\":\"Contenidors de Ganxo\",\"item\":\"https:\\\/\\\/contenedoresazor.com\\\/ca\\\/contenidors\\\/contenidors-de-ganxo\\\/\"},{\"@type\":\"ListItem\",\"position\":4,\"name\":\"TAULINER\"}]},{\"@type\":\"WebSite\",\"@id\":\"https:\\\/\\\/contenedoresazor.com\\\/ca\\\/#website\",\"url\":\"https:\\\/\\\/contenedoresazor.com\\\/ca\\\/\",\"name\":\"MySiteWeb\",\"description\":\"Dise\u00f1o y fabricaci\u00f3n de contenedores para la gesti\u00f3n de residuos en diferentes sectores\",\"potentialAction\":[{\"@type\":\"SearchAction\",\"target\":{\"@type\":\"EntryPoint\",\"urlTemplate\":\"https:\\\/\\\/contenedoresazor.com\\\/ca\\\/?s={search_term_string}\"},\"query-input\":{\"@type\":\"PropertyValueSpecification\",\"valueRequired\":true,\"valueName\":\"search_term_string\"}}],\"inLanguage\":\"ca\"}]}<\/script>\n<!-- \/ Yoast SEO plugin. -->","yoast_head_json":{"title":"TAULINER - Contenedores Azor","robots":{"index":"index","follow":"follow","max-snippet":"max-snippet:-1","max-image-preview":"max-image-preview:large","max-video-preview":"max-video-preview:-1"},"canonical":"https:\/\/contenedoresazor.com\/ca\/contenidors\/contenidors-de-ganxo\/tauliner\/","og_locale":"ca_ES","og_type":"article","og_title":"TAULINER - Contenedores Azor","og_url":"https:\/\/contenedoresazor.com\/ca\/contenidors\/contenidors-de-ganxo\/tauliner\/","og_site_name":"Contenedores Azor","article_modified_time":"2020-04-17T10:39:33+00:00","twitter_card":"summary_large_image","twitter_misc":{"Temps estimat de lectura":"7 minuts"},"schema":{"@context":"https:\/\/schema.org","@graph":[{"@type":"WebPage","@id":"https:\/\/contenedoresazor.com\/ca\/contenidors\/contenidors-de-ganxo\/tauliner\/","url":"https:\/\/contenedoresazor.com\/ca\/contenidors\/contenidors-de-ganxo\/tauliner\/","name":"TAULINER - Contenedores Azor","isPartOf":{"@id":"https:\/\/contenedoresazor.com\/ca\/#website"},"datePublished":"2020-01-09T11:04:01+00:00","dateModified":"2020-04-17T10:39:33+00:00","breadcrumb":{"@id":"https:\/\/contenedoresazor.com\/ca\/contenidors\/contenidors-de-ganxo\/tauliner\/#breadcrumb"},"inLanguage":"ca","potentialAction":[{"@type":"ReadAction","target":["https:\/\/contenedoresazor.com\/ca\/contenidors\/contenidors-de-ganxo\/tauliner\/"]}]},{"@type":"BreadcrumbList","@id":"https:\/\/contenedoresazor.com\/ca\/contenidors\/contenidors-de-ganxo\/tauliner\/#breadcrumb","itemListElement":[{"@type":"ListItem","position":1,"name":"Portada","item":"https:\/\/contenedoresazor.com\/ca\/"},{"@type":"ListItem","position":2,"name":"CONTENIDORS","item":"https:\/\/contenedoresazor.com\/ca\/contenidors\/"},{"@type":"ListItem","position":3,"name":"Contenidors de Ganxo","item":"https:\/\/contenedoresazor.com\/ca\/contenidors\/contenidors-de-ganxo\/"},{"@type":"ListItem","position":4,"name":"TAULINER"}]},{"@type":"WebSite","@id":"https:\/\/contenedoresazor.com\/ca\/#website","url":"https:\/\/contenedoresazor.com\/ca\/","name":"MySiteWeb","description":"Dise\u00f1o y fabricaci\u00f3n de contenedores para la gesti\u00f3n de residuos en diferentes sectores","potentialAction":[{"@type":"SearchAction","target":{"@type":"EntryPoint","urlTemplate":"https:\/\/contenedoresazor.com\/ca\/?s={search_term_string}"},"query-input":{"@type":"PropertyValueSpecification","valueRequired":true,"valueName":"search_term_string"}}],"inLanguage":"ca"}]}},"_links":{"self":[{"href":"https:\/\/contenedoresazor.com\/ca\/wp-json\/wp\/v2\/pages\/3454","targetHints":{"allow":["GET"]}}],"collection":[{"href":"https:\/\/contenedoresazor.com\/ca\/wp-json\/wp\/v2\/pages"}],"about":[{"href":"https:\/\/contenedoresazor.com\/ca\/wp-json\/wp\/v2\/types\/page"}],"author":[{"embeddable":true,"href":"https:\/\/contenedoresazor.com\/ca\/wp-json\/wp\/v2\/users\/2"}],"replies":[{"embeddable":true,"href":"https:\/\/contenedoresazor.com\/ca\/wp-json\/wp\/v2\/comments?post=3454"}],"version-history":[{"count":0,"href":"https:\/\/contenedoresazor.com\/ca\/wp-json\/wp\/v2\/pages\/3454\/revisions"}],"up":[{"embeddable":true,"href":"https:\/\/contenedoresazor.com\/ca\/wp-json\/wp\/v2\/pages\/3349"}],"wp:attachment":[{"href":"https:\/\/contenedoresazor.com\/ca\/wp-json\/wp\/v2\/media?parent=3454"}],"curies":[{"name":"wp","href":"https:\/\/api.w.org\/{rel}","templated":true}]}}