{"id":3470,"date":"2020-01-09T11:07:04","date_gmt":"2020-01-09T11:07:04","guid":{"rendered":"https:\/\/contenedoresazor.com\/formulario-de-solicitud-de-ficha-tecnica\/"},"modified":"2020-01-31T12:45:40","modified_gmt":"2020-01-31T12:45:40","slug":"formulari-de-sol%c2%b7licitud-de-fitxa-tecnica","status":"publish","type":"page","link":"https:\/\/contenedoresazor.com\/ca\/formulari-de-sol%c2%b7licitud-de-fitxa-tecnica\/","title":{"rendered":"Formulari de sol\u00b7licitud de Fitxa T\u00e8cnica"},"content":{"rendered":"\n<style type=\"text\/css\" data-created_by=\"avia_inline_auto\" id=\"style-css-av-15ltvq-a0868af82ebafab539523447b2618f08\">\n.flex_column.av-15ltvq-a0868af82ebafab539523447b2618f08{\nborder-radius:0px 0px 0px 0px;\npadding:0px 0px 0px 0px;\n}\n<\/style>\n<div  class='flex_column av-15ltvq-a0868af82ebafab539523447b2618f08 av_one_full  avia-builder-el-0  avia-builder-el-no-sibling  first flex_column_div av-zero-column-padding  '     ><p>\n<style type=\"text\/css\" data-created_by=\"avia_inline_auto\" id=\"style-css-av-av_heading-1fc82ffcc286566bdf6b8be7678cd64b\">\n#top .av-special-heading.av-av_heading-1fc82ffcc286566bdf6b8be7678cd64b{\npadding-bottom:10px;\n}\nbody .av-special-heading.av-av_heading-1fc82ffcc286566bdf6b8be7678cd64b .av-special-heading-tag .heading-char{\nfont-size:25px;\n}\n.av-special-heading.av-av_heading-1fc82ffcc286566bdf6b8be7678cd64b .av-subheading{\nfont-size:15px;\n}\n<\/style>\n<div  class='av-special-heading av-av_heading-1fc82ffcc286566bdf6b8be7678cd64b av-special-heading-h3 blockquote modern-quote  avia-builder-el-1  el_before_av_codeblock  avia-builder-el-first '><h3 class='av-special-heading-tag '  itemprop=\"headline\"  >Formulari de sol\u00b7licitud fitxa t\u00e8cnica<\/h3><div class=\"special-heading-border\"><div class=\"special-heading-inner-border\"><\/div><\/div><\/div><br \/>\n<\/p><\/div>\n","protected":false},"excerpt":{"rendered":"","protected":false},"author":2,"featured_media":0,"parent":0,"menu_order":0,"comment_status":"closed","ping_status":"closed","template":"","meta":{"footnotes":""},"class_list":["post-3470","page","type-page","status-publish","hentry"],"yoast_head":"<!-- This site is optimized with the Yoast SEO plugin v27.4 - https:\/\/yoast.com\/product\/yoast-seo-wordpress\/ -->\n<title>Formulari de sol\u00b7licitud de Fitxa T\u00e8cnica - Contenedores Azor<\/title>\n<meta name=\"robots\" content=\"index, follow, max-snippet:-1, max-image-preview:large, max-video-preview:-1\" \/>\n<link rel=\"canonical\" href=\"https:\/\/contenedoresazor.com\/ca\/formulari-de-sol%c2%b7licitud-de-fitxa-tecnica\/\" \/>\n<meta property=\"og:locale\" content=\"ca_ES\" \/>\n<meta property=\"og:type\" content=\"article\" \/>\n<meta property=\"og:title\" content=\"Formulari de sol\u00b7licitud de Fitxa T\u00e8cnica - Contenedores Azor\" \/>\n<meta property=\"og:url\" content=\"https:\/\/contenedoresazor.com\/ca\/formulari-de-sol%c2%b7licitud-de-fitxa-tecnica\/\" \/>\n<meta property=\"og:site_name\" content=\"Contenedores Azor\" \/>\n<meta property=\"article:modified_time\" content=\"2020-01-31T12:45:40+00:00\" \/>\n<meta name=\"twitter:card\" content=\"summary_large_image\" \/>\n<meta name=\"twitter:label1\" content=\"Temps estimat de lectura\" \/>\n\t<meta name=\"twitter:data1\" content=\"1 minut\" \/>\n<script type=\"application\/ld+json\" class=\"yoast-schema-graph\">{\"@context\":\"https:\\\/\\\/schema.org\",\"@graph\":[{\"@type\":\"WebPage\",\"@id\":\"https:\\\/\\\/contenedoresazor.com\\\/ca\\\/formulari-de-sol%c2%b7licitud-de-fitxa-tecnica\\\/\",\"url\":\"https:\\\/\\\/contenedoresazor.com\\\/ca\\\/formulari-de-sol%c2%b7licitud-de-fitxa-tecnica\\\/\",\"name\":\"Formulari de sol\u00b7licitud de Fitxa T\u00e8cnica - Contenedores Azor\",\"isPartOf\":{\"@id\":\"https:\\\/\\\/contenedoresazor.com\\\/ca\\\/#website\"},\"datePublished\":\"2020-01-09T11:07:04+00:00\",\"dateModified\":\"2020-01-31T12:45:40+00:00\",\"breadcrumb\":{\"@id\":\"https:\\\/\\\/contenedoresazor.com\\\/ca\\\/formulari-de-sol%c2%b7licitud-de-fitxa-tecnica\\\/#breadcrumb\"},\"inLanguage\":\"ca\",\"potentialAction\":[{\"@type\":\"ReadAction\",\"target\":[\"https:\\\/\\\/contenedoresazor.com\\\/ca\\\/formulari-de-sol%c2%b7licitud-de-fitxa-tecnica\\\/\"]}]},{\"@type\":\"BreadcrumbList\",\"@id\":\"https:\\\/\\\/contenedoresazor.com\\\/ca\\\/formulari-de-sol%c2%b7licitud-de-fitxa-tecnica\\\/#breadcrumb\",\"itemListElement\":[{\"@type\":\"ListItem\",\"position\":1,\"name\":\"Portada\",\"item\":\"https:\\\/\\\/contenedoresazor.com\\\/ca\\\/\"},{\"@type\":\"ListItem\",\"position\":2,\"name\":\"Formulari de sol\u00b7licitud de Fitxa T\u00e8cnica\"}]},{\"@type\":\"WebSite\",\"@id\":\"https:\\\/\\\/contenedoresazor.com\\\/ca\\\/#website\",\"url\":\"https:\\\/\\\/contenedoresazor.com\\\/ca\\\/\",\"name\":\"MySiteWeb\",\"description\":\"Dise\u00f1o y fabricaci\u00f3n de contenedores para la gesti\u00f3n de residuos en diferentes sectores\",\"potentialAction\":[{\"@type\":\"SearchAction\",\"target\":{\"@type\":\"EntryPoint\",\"urlTemplate\":\"https:\\\/\\\/contenedoresazor.com\\\/ca\\\/?s={search_term_string}\"},\"query-input\":{\"@type\":\"PropertyValueSpecification\",\"valueRequired\":true,\"valueName\":\"search_term_string\"}}],\"inLanguage\":\"ca\"}]}<\/script>\n<!-- \/ Yoast SEO plugin. -->","yoast_head_json":{"title":"Formulari de sol\u00b7licitud de Fitxa T\u00e8cnica - Contenedores Azor","robots":{"index":"index","follow":"follow","max-snippet":"max-snippet:-1","max-image-preview":"max-image-preview:large","max-video-preview":"max-video-preview:-1"},"canonical":"https:\/\/contenedoresazor.com\/ca\/formulari-de-sol%c2%b7licitud-de-fitxa-tecnica\/","og_locale":"ca_ES","og_type":"article","og_title":"Formulari de sol\u00b7licitud de Fitxa T\u00e8cnica - Contenedores Azor","og_url":"https:\/\/contenedoresazor.com\/ca\/formulari-de-sol%c2%b7licitud-de-fitxa-tecnica\/","og_site_name":"Contenedores Azor","article_modified_time":"2020-01-31T12:45:40+00:00","twitter_card":"summary_large_image","twitter_misc":{"Temps estimat de lectura":"1 minut"},"schema":{"@context":"https:\/\/schema.org","@graph":[{"@type":"WebPage","@id":"https:\/\/contenedoresazor.com\/ca\/formulari-de-sol%c2%b7licitud-de-fitxa-tecnica\/","url":"https:\/\/contenedoresazor.com\/ca\/formulari-de-sol%c2%b7licitud-de-fitxa-tecnica\/","name":"Formulari de sol\u00b7licitud de Fitxa T\u00e8cnica - Contenedores Azor","isPartOf":{"@id":"https:\/\/contenedoresazor.com\/ca\/#website"},"datePublished":"2020-01-09T11:07:04+00:00","dateModified":"2020-01-31T12:45:40+00:00","breadcrumb":{"@id":"https:\/\/contenedoresazor.com\/ca\/formulari-de-sol%c2%b7licitud-de-fitxa-tecnica\/#breadcrumb"},"inLanguage":"ca","potentialAction":[{"@type":"ReadAction","target":["https:\/\/contenedoresazor.com\/ca\/formulari-de-sol%c2%b7licitud-de-fitxa-tecnica\/"]}]},{"@type":"BreadcrumbList","@id":"https:\/\/contenedoresazor.com\/ca\/formulari-de-sol%c2%b7licitud-de-fitxa-tecnica\/#breadcrumb","itemListElement":[{"@type":"ListItem","position":1,"name":"Portada","item":"https:\/\/contenedoresazor.com\/ca\/"},{"@type":"ListItem","position":2,"name":"Formulari de sol\u00b7licitud de Fitxa T\u00e8cnica"}]},{"@type":"WebSite","@id":"https:\/\/contenedoresazor.com\/ca\/#website","url":"https:\/\/contenedoresazor.com\/ca\/","name":"MySiteWeb","description":"Dise\u00f1o y fabricaci\u00f3n de contenedores para la gesti\u00f3n de residuos en diferentes sectores","potentialAction":[{"@type":"SearchAction","target":{"@type":"EntryPoint","urlTemplate":"https:\/\/contenedoresazor.com\/ca\/?s={search_term_string}"},"query-input":{"@type":"PropertyValueSpecification","valueRequired":true,"valueName":"search_term_string"}}],"inLanguage":"ca"}]}},"_links":{"self":[{"href":"https:\/\/contenedoresazor.com\/ca\/wp-json\/wp\/v2\/pages\/3470","targetHints":{"allow":["GET"]}}],"collection":[{"href":"https:\/\/contenedoresazor.com\/ca\/wp-json\/wp\/v2\/pages"}],"about":[{"href":"https:\/\/contenedoresazor.com\/ca\/wp-json\/wp\/v2\/types\/page"}],"author":[{"embeddable":true,"href":"https:\/\/contenedoresazor.com\/ca\/wp-json\/wp\/v2\/users\/2"}],"replies":[{"embeddable":true,"href":"https:\/\/contenedoresazor.com\/ca\/wp-json\/wp\/v2\/comments?post=3470"}],"version-history":[{"count":0,"href":"https:\/\/contenedoresazor.com\/ca\/wp-json\/wp\/v2\/pages\/3470\/revisions"}],"wp:attachment":[{"href":"https:\/\/contenedoresazor.com\/ca\/wp-json\/wp\/v2\/media?parent=3470"}],"curies":[{"name":"wp","href":"https:\/\/api.w.org\/{rel}","templated":true}]}}