{"id":3477,"date":"2020-01-09T11:07:51","date_gmt":"2020-01-09T11:07:51","guid":{"rendered":"https:\/\/contenedoresazor.com\/contenedores\/tipos-de-cierre\/"},"modified":"2020-01-09T15:35:43","modified_gmt":"2020-01-09T15:35:43","slug":"tipus-de-tancament","status":"publish","type":"page","link":"https:\/\/contenedoresazor.com\/ca\/contenidors\/tipus-de-tancament\/","title":{"rendered":"Tipus de Tancament"},"content":{"rendered":"<div id='full_slider_1'  class='avia-fullwidth-slider main_color avia-shadow   avia-builder-el-0  el_before_av_section  avia-builder-el-first   container_wrap sidebar_right'  ><\/div>\n\n<style type=\"text\/css\" data-created_by=\"avia_inline_auto\" id=\"style-css-av-jwkl03ps-a6a7718a0b038e6870bd02b5fa4c6cd0\">\n.avia-section.av-jwkl03ps-a6a7718a0b038e6870bd02b5fa4c6cd0{\nbackground-color:#0670b5;\nbackground-image:unset;\n}\n<\/style>\n<div id='av_section_1'  class='avia-section av-jwkl03ps-a6a7718a0b038e6870bd02b5fa4c6cd0 main_color avia-section-small avia-no-border-styling  avia-builder-el-1  el_after_av_slideshow_full  el_before_av_one_full  avia-bg-style-scroll container_wrap sidebar_right'  ><div class='container av-section-cont-open' ><div class='template-page content  av-content-small alpha units'><div class='post-entry post-entry-type-page post-entry-3477'><div class='entry-content-wrapper clearfix'>\n\n<style type=\"text\/css\" data-created_by=\"avia_inline_auto\" id=\"style-css-av-jwkil3kg-1cc2dd377568dd8109e867bf33790e93\">\n#top .av_textblock_section.av-jwkil3kg-1cc2dd377568dd8109e867bf33790e93 .avia_textblock{\ncolor:#ffffff;\n}\n<\/style>\n<section  class='av_textblock_section av-jwkil3kg-1cc2dd377568dd8109e867bf33790e93 '   itemscope=\"itemscope\" itemtype=\"https:\/\/schema.org\/CreativeWork\" ><div class='avia_textblock av_inherit_color'  itemprop=\"text\" ><h2 style=\"text-align: center;\">TIPUS DE TANCAMENT<\/h2>\n<\/div><\/section>\n<\/div><\/div><\/div><!-- close content main div --><\/div><\/div><div id='after_section_1'  class='main_color av_default_container_wrap container_wrap sidebar_right'  ><div class='container av-section-cont-open' ><div class='template-page content  av-content-small alpha units'><div class='post-entry post-entry-type-page post-entry-3477'><div class='entry-content-wrapper clearfix'>\n\n<style type=\"text\/css\" data-created_by=\"avia_inline_auto\" id=\"style-css-av-aq9ef-5cf289230953b24052af9579f05a0ec9\">\n.flex_column.av-aq9ef-5cf289230953b24052af9579f05a0ec9{\nborder-radius:0px 0px 0px 0px;\npadding:0px 0px 0px 0px;\n}\n<\/style>\n<div  class='flex_column av-aq9ef-5cf289230953b24052af9579f05a0ec9 av_one_full  avia-builder-el-3  el_after_av_section  el_before_av_one_third  avia-builder-el-first  first flex_column_div av-zero-column-padding  '     ><section  class='av_textblock_section av-k07vatc7-ae81dc172a34a2bbef061d70dee36367 '   itemscope=\"itemscope\" itemtype=\"https:\/\/schema.org\/CreativeWork\" ><div class='avia_textblock'  itemprop=\"text\" ><p style=\"text-align: center;\">Oferim diferents tipus de tancament. El tancament de Seguretat s&#8217;aplica a portes amb dues fulles, encara que tamb\u00e9 es pot incorporar a la d&#8217;una fulla. Podem fer tancament de junta herm\u00e8tica amb diferents tipus de tancaments, sempre que la porta sigui d&#8217;una fulla: tancament de carraca i Tancament amb palometes tensores.<\/p>\n<\/div><\/section><\/div>\n\n<style type=\"text\/css\" data-created_by=\"avia_inline_auto\" id=\"style-css-av-13okjr-2f32a38d50c409e2f2e638c0e76a49e7\">\n.flex_column.av-13okjr-2f32a38d50c409e2f2e638c0e76a49e7{\nborder-radius:0px 0px 0px 0px;\npadding:0px 0px 0px 0px;\n}\n<\/style>\n<div  class='flex_column av-13okjr-2f32a38d50c409e2f2e638c0e76a49e7 av_one_third  avia-builder-el-5  el_after_av_one_full  el_before_av_one_third  first flex_column_div av-zero-column-padding  column-top-margin'     ><p>\n<style type=\"text\/css\" data-created_by=\"avia_inline_auto\" id=\"style-css-av-k24ral74-a09a334c465b79efbfdba64ee7b8b60b\">\n.avia-image-container.av-k24ral74-a09a334c465b79efbfdba64ee7b8b60b img.avia_image{\nbox-shadow:none;\n}\n.avia-image-container.av-k24ral74-a09a334c465b79efbfdba64ee7b8b60b .av-image-caption-overlay-center{\ncolor:#ffffff;\n}\n<\/style>\n<div  class='avia-image-container av-k24ral74-a09a334c465b79efbfdba64ee7b8b60b av-styling- avia-align-center  avia-builder-el-6  el_before_av_textblock  avia-builder-el-first '   itemprop=\"image\" itemscope=\"itemscope\" itemtype=\"https:\/\/schema.org\/ImageObject\" ><div class=\"avia-image-container-inner\"><div class=\"avia-image-overlay-wrap\"><img decoding=\"async\" fetchpriority=\"high\" class='wp-image-2349 avia-img-lazy-loading-not-2349 avia_image ' src=\"https:\/\/contenedoresazor.com\/wp-content\/uploads\/2019\/11\/CIERRE-1-HOJAweb.jpg\" alt='' title='CIERRE-1-HOJAweb'  height=\"350\" width=\"500\"  itemprop=\"thumbnailUrl\" srcset=\"https:\/\/contenedoresazor.com\/wp-content\/uploads\/2019\/11\/CIERRE-1-HOJAweb.jpg 500w, https:\/\/contenedoresazor.com\/wp-content\/uploads\/2019\/11\/CIERRE-1-HOJAweb-300x210.jpg 300w, https:\/\/contenedoresazor.com\/wp-content\/uploads\/2019\/11\/CIERRE-1-HOJAweb-450x315.jpg 450w\" sizes=\"(max-width: 500px) 100vw, 500px\" \/><\/div><\/div><\/div><br \/>\n<section  class='av_textblock_section av-k24reb91-64ffe305b19064df65bb823a121d4c79 '   itemscope=\"itemscope\" itemtype=\"https:\/\/schema.org\/CreativeWork\" ><div class='avia_textblock'  itemprop=\"text\" ><p style=\"text-align: center;\">Tancament 1 fulla.<\/p>\n<\/div><\/section><\/p><\/div>\n\n<style type=\"text\/css\" data-created_by=\"avia_inline_auto\" id=\"style-css-av-wdotb-a1a445c9460e8e002722410f351359fb\">\n.flex_column.av-wdotb-a1a445c9460e8e002722410f351359fb{\nborder-radius:0px 0px 0px 0px;\npadding:0px 0px 0px 0px;\n}\n<\/style>\n<div  class='flex_column av-wdotb-a1a445c9460e8e002722410f351359fb av_one_third  avia-builder-el-8  el_after_av_one_third  el_before_av_one_third  flex_column_div av-zero-column-padding  column-top-margin'     ><p>\n<style type=\"text\/css\" data-created_by=\"avia_inline_auto\" id=\"style-css-av-k24ral74-619d8fcb311602cfd54d3956467846f6\">\n.avia-image-container.av-k24ral74-619d8fcb311602cfd54d3956467846f6 img.avia_image{\nbox-shadow:none;\n}\n.avia-image-container.av-k24ral74-619d8fcb311602cfd54d3956467846f6 .av-image-caption-overlay-center{\ncolor:#ffffff;\n}\n<\/style>\n<div  class='avia-image-container av-k24ral74-619d8fcb311602cfd54d3956467846f6 av-styling- avia-align-center  avia-builder-el-9  el_before_av_textblock  avia-builder-el-first '   itemprop=\"image\" itemscope=\"itemscope\" itemtype=\"https:\/\/schema.org\/ImageObject\" ><div class=\"avia-image-container-inner\"><div class=\"avia-image-overlay-wrap\"><img decoding=\"async\" fetchpriority=\"high\" class='wp-image-2352 avia-img-lazy-loading-not-2352 avia_image ' src=\"https:\/\/contenedoresazor.com\/wp-content\/uploads\/2019\/11\/CIERRE-1-HOJA-PATERAweb.jpg\" alt='' title='CIERRE-1-HOJA-PATERAweb'  height=\"350\" width=\"500\"  itemprop=\"thumbnailUrl\" srcset=\"https:\/\/contenedoresazor.com\/wp-content\/uploads\/2019\/11\/CIERRE-1-HOJA-PATERAweb.jpg 500w, https:\/\/contenedoresazor.com\/wp-content\/uploads\/2019\/11\/CIERRE-1-HOJA-PATERAweb-300x210.jpg 300w, https:\/\/contenedoresazor.com\/wp-content\/uploads\/2019\/11\/CIERRE-1-HOJA-PATERAweb-450x315.jpg 450w\" sizes=\"(max-width: 500px) 100vw, 500px\" \/><\/div><\/div><\/div><br \/>\n<section  class='av_textblock_section av-k24reb91-64ffe305b19064df65bb823a121d4c79 '   itemscope=\"itemscope\" itemtype=\"https:\/\/schema.org\/CreativeWork\" ><div class='avia_textblock'  itemprop=\"text\" ><p style=\"text-align: center;\">Tancament 1 fulla pastera.<\/p>\n<\/div><\/section><\/p><\/div>\n\n<style type=\"text\/css\" data-created_by=\"avia_inline_auto\" id=\"style-css-av-smz9z-9c55fd32d8ef8800d9f5c1fb388e1d11\">\n.flex_column.av-smz9z-9c55fd32d8ef8800d9f5c1fb388e1d11{\nborder-radius:0px 0px 0px 0px;\npadding:0px 0px 0px 0px;\n}\n<\/style>\n<div  class='flex_column av-smz9z-9c55fd32d8ef8800d9f5c1fb388e1d11 av_one_third  avia-builder-el-11  el_after_av_one_third  el_before_av_one_third  flex_column_div av-zero-column-padding  column-top-margin'     ><p>\n<style type=\"text\/css\" data-created_by=\"avia_inline_auto\" id=\"style-css-av-k24ral74-a971a0eae287d5fe1367a5bec5a9ce04\">\n.avia-image-container.av-k24ral74-a971a0eae287d5fe1367a5bec5a9ce04 img.avia_image{\nbox-shadow:none;\n}\n.avia-image-container.av-k24ral74-a971a0eae287d5fe1367a5bec5a9ce04 .av-image-caption-overlay-center{\ncolor:#ffffff;\n}\n<\/style>\n<div  class='avia-image-container av-k24ral74-a971a0eae287d5fe1367a5bec5a9ce04 av-styling- avia-align-center  avia-builder-el-12  el_before_av_textblock  avia-builder-el-first '   itemprop=\"image\" itemscope=\"itemscope\" itemtype=\"https:\/\/schema.org\/ImageObject\" ><div class=\"avia-image-container-inner\"><div class=\"avia-image-overlay-wrap\"><img decoding=\"async\" fetchpriority=\"high\" class='wp-image-2355 avia-img-lazy-loading-not-2355 avia_image ' src=\"https:\/\/contenedoresazor.com\/wp-content\/uploads\/2019\/11\/CIERRE-2-HOJAS-CON-CIERRE-DE-SEGURIDAD-01web.jpg\" alt='' title='CIERRE-2-HOJAS-CON-CIERRE-DE-SEGURIDAD-01web'  height=\"350\" width=\"500\"  itemprop=\"thumbnailUrl\" srcset=\"https:\/\/contenedoresazor.com\/wp-content\/uploads\/2019\/11\/CIERRE-2-HOJAS-CON-CIERRE-DE-SEGURIDAD-01web.jpg 500w, https:\/\/contenedoresazor.com\/wp-content\/uploads\/2019\/11\/CIERRE-2-HOJAS-CON-CIERRE-DE-SEGURIDAD-01web-300x210.jpg 300w, https:\/\/contenedoresazor.com\/wp-content\/uploads\/2019\/11\/CIERRE-2-HOJAS-CON-CIERRE-DE-SEGURIDAD-01web-450x315.jpg 450w\" sizes=\"(max-width: 500px) 100vw, 500px\" \/><\/div><\/div><\/div><br \/>\n<section  class='av_textblock_section av-k24reb91-64ffe305b19064df65bb823a121d4c79 '   itemscope=\"itemscope\" itemtype=\"https:\/\/schema.org\/CreativeWork\" ><div class='avia_textblock'  itemprop=\"text\" ><p style=\"text-align: center;\">Tancament 2 fulles amb tancament de Seguretat.<\/p>\n<\/div><\/section><\/p><\/div>\n\n<style type=\"text\/css\" data-created_by=\"avia_inline_auto\" id=\"style-css-av-laqxj-2c1eb177df06da3d19a550b692d4af94\">\n.flex_column.av-laqxj-2c1eb177df06da3d19a550b692d4af94{\nborder-radius:0px 0px 0px 0px;\npadding:0px 0px 0px 0px;\n}\n<\/style>\n<div  class='flex_column av-laqxj-2c1eb177df06da3d19a550b692d4af94 av_one_third  avia-builder-el-14  el_after_av_one_third  el_before_av_one_third  first flex_column_div av-zero-column-padding  column-top-margin'     ><p>\n<style type=\"text\/css\" data-created_by=\"avia_inline_auto\" id=\"style-css-av-k24ral74-fb1906a92a10b079ee0fa0b7280b711b\">\n.avia-image-container.av-k24ral74-fb1906a92a10b079ee0fa0b7280b711b img.avia_image{\nbox-shadow:none;\n}\n.avia-image-container.av-k24ral74-fb1906a92a10b079ee0fa0b7280b711b .av-image-caption-overlay-center{\ncolor:#ffffff;\n}\n<\/style>\n<div  class='avia-image-container av-k24ral74-fb1906a92a10b079ee0fa0b7280b711b av-styling- avia-align-center  avia-builder-el-15  el_before_av_textblock  avia-builder-el-first '   itemprop=\"image\" itemscope=\"itemscope\" itemtype=\"https:\/\/schema.org\/ImageObject\" ><div class=\"avia-image-container-inner\"><div class=\"avia-image-overlay-wrap\"><img decoding=\"async\" fetchpriority=\"high\" class='wp-image-2358 avia-img-lazy-loading-not-2358 avia_image ' src=\"https:\/\/contenedoresazor.com\/wp-content\/uploads\/2019\/11\/cierre-2-hojas-con-triple-cierre-de-seguridad-01web.jpg\" alt='' title='cierre-2-hojas-con-triple-cierre-de-seguridad-01web'  height=\"350\" width=\"500\"  itemprop=\"thumbnailUrl\" srcset=\"https:\/\/contenedoresazor.com\/wp-content\/uploads\/2019\/11\/cierre-2-hojas-con-triple-cierre-de-seguridad-01web.jpg 500w, https:\/\/contenedoresazor.com\/wp-content\/uploads\/2019\/11\/cierre-2-hojas-con-triple-cierre-de-seguridad-01web-300x210.jpg 300w, https:\/\/contenedoresazor.com\/wp-content\/uploads\/2019\/11\/cierre-2-hojas-con-triple-cierre-de-seguridad-01web-450x315.jpg 450w\" sizes=\"(max-width: 500px) 100vw, 500px\" \/><\/div><\/div><\/div><br \/>\n<section  class='av_textblock_section av-k24reb91-64ffe305b19064df65bb823a121d4c79 '   itemscope=\"itemscope\" itemtype=\"https:\/\/schema.org\/CreativeWork\" ><div class='avia_textblock'  itemprop=\"text\" ><p style=\"text-align: center;\">Tancament 2 fulles amb triple tancament de Seguretat.<\/p>\n<\/div><\/section><\/p><\/div>\n\n<style type=\"text\/css\" data-created_by=\"avia_inline_auto\" id=\"style-css-av-fir9z-d2aa132ccaff78e5e67b928566aa3ca5\">\n.flex_column.av-fir9z-d2aa132ccaff78e5e67b928566aa3ca5{\nborder-radius:0px 0px 0px 0px;\npadding:0px 0px 0px 0px;\n}\n<\/style>\n<div  class='flex_column av-fir9z-d2aa132ccaff78e5e67b928566aa3ca5 av_one_third  avia-builder-el-17  el_after_av_one_third  el_before_av_one_third  flex_column_div av-zero-column-padding  column-top-margin'     ><p>\n<style type=\"text\/css\" data-created_by=\"avia_inline_auto\" id=\"style-css-av-k24ral74-059fa0042afa79ba2acc2bca74514f0d\">\n.avia-image-container.av-k24ral74-059fa0042afa79ba2acc2bca74514f0d img.avia_image{\nbox-shadow:none;\n}\n.avia-image-container.av-k24ral74-059fa0042afa79ba2acc2bca74514f0d .av-image-caption-overlay-center{\ncolor:#ffffff;\n}\n<\/style>\n<div  class='avia-image-container av-k24ral74-059fa0042afa79ba2acc2bca74514f0d av-styling- avia-align-center  avia-builder-el-18  el_before_av_textblock  avia-builder-el-first '   itemprop=\"image\" itemscope=\"itemscope\" itemtype=\"https:\/\/schema.org\/ImageObject\" ><div class=\"avia-image-container-inner\"><div class=\"avia-image-overlay-wrap\"><img decoding=\"async\" fetchpriority=\"high\" class='wp-image-2361 avia-img-lazy-loading-not-2361 avia_image ' src=\"https:\/\/contenedoresazor.com\/wp-content\/uploads\/2019\/11\/CIERRE-DE-CARRACA-CON-JUNTA-HERM\u00c9TICAweb.jpg\" alt='' title='CIERRE-DE-CARRACA-CON-JUNTA-HERM\u00c9TICAweb'  height=\"350\" width=\"500\"  itemprop=\"thumbnailUrl\" srcset=\"https:\/\/contenedoresazor.com\/wp-content\/uploads\/2019\/11\/CIERRE-DE-CARRACA-CON-JUNTA-HERM\u00c9TICAweb.jpg 500w, https:\/\/contenedoresazor.com\/wp-content\/uploads\/2019\/11\/CIERRE-DE-CARRACA-CON-JUNTA-HERM\u00c9TICAweb-300x210.jpg 300w, https:\/\/contenedoresazor.com\/wp-content\/uploads\/2019\/11\/CIERRE-DE-CARRACA-CON-JUNTA-HERM\u00c9TICAweb-450x315.jpg 450w\" sizes=\"(max-width: 500px) 100vw, 500px\" \/><\/div><\/div><\/div><br \/>\n<section  class='av_textblock_section av-k24reb91-64ffe305b19064df65bb823a121d4c79 '   itemscope=\"itemscope\" itemtype=\"https:\/\/schema.org\/CreativeWork\" ><div class='avia_textblock'  itemprop=\"text\" ><p style=\"text-align: center;\">Tancament de carraca amb junta herm\u00e8tica.<\/p>\n<\/div><\/section><\/p><\/div>\n\n<style type=\"text\/css\" data-created_by=\"avia_inline_auto\" id=\"style-css-av-8cm2f-48618b2a54c92c1e41606c533530c0f8\">\n.flex_column.av-8cm2f-48618b2a54c92c1e41606c533530c0f8{\nborder-radius:0px 0px 0px 0px;\npadding:0px 0px 0px 0px;\n}\n<\/style>\n<div  class='flex_column av-8cm2f-48618b2a54c92c1e41606c533530c0f8 av_one_third  avia-builder-el-20  el_after_av_one_third  el_before_av_one_third  flex_column_div av-zero-column-padding  column-top-margin'     ><p>\n<style type=\"text\/css\" data-created_by=\"avia_inline_auto\" id=\"style-css-av-k24ral74-9ad1c3d7c862bacbc9333c496044a1f5\">\n.avia-image-container.av-k24ral74-9ad1c3d7c862bacbc9333c496044a1f5 img.avia_image{\nbox-shadow:none;\n}\n.avia-image-container.av-k24ral74-9ad1c3d7c862bacbc9333c496044a1f5 .av-image-caption-overlay-center{\ncolor:#ffffff;\n}\n<\/style>\n<div  class='avia-image-container av-k24ral74-9ad1c3d7c862bacbc9333c496044a1f5 av-styling- avia-align-center  avia-builder-el-21  el_before_av_textblock  avia-builder-el-first '   itemprop=\"image\" itemscope=\"itemscope\" itemtype=\"https:\/\/schema.org\/ImageObject\" ><div class=\"avia-image-container-inner\"><div class=\"avia-image-overlay-wrap\"><img decoding=\"async\" fetchpriority=\"high\" class='wp-image-2415 avia-img-lazy-loading-not-2415 avia_image ' src=\"https:\/\/contenedoresazor.com\/wp-content\/uploads\/2019\/11\/CIERRE-PALOMILLAS-HORQUILLA-002web.jpg\" alt='' title='CIERRE-PALOMILLAS-HORQUILLA-002web'  height=\"350\" width=\"500\"  itemprop=\"thumbnailUrl\" srcset=\"https:\/\/contenedoresazor.com\/wp-content\/uploads\/2019\/11\/CIERRE-PALOMILLAS-HORQUILLA-002web.jpg 500w, https:\/\/contenedoresazor.com\/wp-content\/uploads\/2019\/11\/CIERRE-PALOMILLAS-HORQUILLA-002web-300x210.jpg 300w, https:\/\/contenedoresazor.com\/wp-content\/uploads\/2019\/11\/CIERRE-PALOMILLAS-HORQUILLA-002web-450x315.jpg 450w\" sizes=\"(max-width: 500px) 100vw, 500px\" \/><\/div><\/div><\/div><br \/>\n<section  class='av_textblock_section av-k24reb91-64ffe305b19064df65bb823a121d4c79 '   itemscope=\"itemscope\" itemtype=\"https:\/\/schema.org\/CreativeWork\" ><div class='avia_textblock'  itemprop=\"text\" ><p style=\"text-align: center;\">Tancament amb palometes tensores i junta herm\u00e8tica.<\/p>\n<\/div><\/section><\/p><\/div>\n\n<style type=\"text\/css\" data-created_by=\"avia_inline_auto\" id=\"style-css-av-8cm2f-5caa7a1f06a41a0a9438cfaa2fc59e78\">\n.flex_column.av-8cm2f-5caa7a1f06a41a0a9438cfaa2fc59e78{\nborder-radius:0px 0px 0px 0px;\npadding:0px 0px 0px 0px;\n}\n<\/style>\n<div  class='flex_column av-8cm2f-5caa7a1f06a41a0a9438cfaa2fc59e78 av_one_third  avia-builder-el-23  el_after_av_one_third  avia-builder-el-last  first flex_column_div av-zero-column-padding  column-top-margin'     ><p>\n<style type=\"text\/css\" data-created_by=\"avia_inline_auto\" id=\"style-css-av-k24ral74-7b4ef576a9c0815eab664051888391d2\">\n.avia-image-container.av-k24ral74-7b4ef576a9c0815eab664051888391d2 img.avia_image{\nbox-shadow:none;\n}\n.avia-image-container.av-k24ral74-7b4ef576a9c0815eab664051888391d2 .av-image-caption-overlay-center{\ncolor:#ffffff;\n}\n<\/style>\n<div  class='avia-image-container av-k24ral74-7b4ef576a9c0815eab664051888391d2 av-styling- avia-align-center  avia-builder-el-24  el_before_av_textblock  avia-builder-el-first '   itemprop=\"image\" itemscope=\"itemscope\" itemtype=\"https:\/\/schema.org\/ImageObject\" ><div class=\"avia-image-container-inner\"><div class=\"avia-image-overlay-wrap\"><img decoding=\"async\" fetchpriority=\"high\" class='wp-image-2367 avia-img-lazy-loading-not-2367 avia_image ' src=\"https:\/\/contenedoresazor.com\/wp-content\/uploads\/2019\/11\/CIERRE-CON-PULMON-AIRE-web.jpg\" alt='' title='CIERRE CON PULMON AIRE -web'  height=\"350\" width=\"500\"  itemprop=\"thumbnailUrl\" srcset=\"https:\/\/contenedoresazor.com\/wp-content\/uploads\/2019\/11\/CIERRE-CON-PULMON-AIRE-web.jpg 500w, https:\/\/contenedoresazor.com\/wp-content\/uploads\/2019\/11\/CIERRE-CON-PULMON-AIRE-web-300x210.jpg 300w, https:\/\/contenedoresazor.com\/wp-content\/uploads\/2019\/11\/CIERRE-CON-PULMON-AIRE-web-450x315.jpg 450w\" sizes=\"(max-width: 500px) 100vw, 500px\" \/><\/div><\/div><\/div><br \/>\n<section  class='av_textblock_section av-k24reb91-64ffe305b19064df65bb823a121d4c79 '   itemscope=\"itemscope\" itemtype=\"https:\/\/schema.org\/CreativeWork\" ><div class='avia_textblock'  itemprop=\"text\" ><p style=\"text-align: center;\">Tancament amb pulm\u00f3 d&#8217;aire.<\/p>\n<\/div><\/section><\/p><\/div>\n","protected":false},"excerpt":{"rendered":"","protected":false},"author":2,"featured_media":0,"parent":3284,"menu_order":0,"comment_status":"closed","ping_status":"closed","template":"","meta":{"footnotes":""},"class_list":["post-3477","page","type-page","status-publish","hentry"],"yoast_head":"<!-- This site is optimized with the Yoast SEO plugin v27.4 - https:\/\/yoast.com\/product\/yoast-seo-wordpress\/ -->\n<title>Tipus de Tancament - Contenedores Azor<\/title>\n<meta name=\"robots\" content=\"index, follow, max-snippet:-1, max-image-preview:large, max-video-preview:-1\" \/>\n<link rel=\"canonical\" href=\"https:\/\/contenedoresazor.com\/ca\/contenidors\/tipus-de-tancament\/\" \/>\n<meta property=\"og:locale\" content=\"ca_ES\" \/>\n<meta property=\"og:type\" content=\"article\" \/>\n<meta property=\"og:title\" content=\"Tipus de Tancament - Contenedores Azor\" \/>\n<meta property=\"og:url\" content=\"https:\/\/contenedoresazor.com\/ca\/contenidors\/tipus-de-tancament\/\" \/>\n<meta property=\"og:site_name\" content=\"Contenedores Azor\" \/>\n<meta property=\"article:modified_time\" content=\"2020-01-09T15:35:43+00:00\" \/>\n<meta name=\"twitter:card\" content=\"summary_large_image\" \/>\n<meta name=\"twitter:label1\" content=\"Temps estimat de lectura\" \/>\n\t<meta name=\"twitter:data1\" content=\"9 minuts\" \/>\n<script type=\"application\/ld+json\" class=\"yoast-schema-graph\">{\"@context\":\"https:\\\/\\\/schema.org\",\"@graph\":[{\"@type\":\"WebPage\",\"@id\":\"https:\\\/\\\/contenedoresazor.com\\\/ca\\\/contenidors\\\/tipus-de-tancament\\\/\",\"url\":\"https:\\\/\\\/contenedoresazor.com\\\/ca\\\/contenidors\\\/tipus-de-tancament\\\/\",\"name\":\"Tipus de Tancament - Contenedores Azor\",\"isPartOf\":{\"@id\":\"https:\\\/\\\/contenedoresazor.com\\\/ca\\\/#website\"},\"datePublished\":\"2020-01-09T11:07:51+00:00\",\"dateModified\":\"2020-01-09T15:35:43+00:00\",\"breadcrumb\":{\"@id\":\"https:\\\/\\\/contenedoresazor.com\\\/ca\\\/contenidors\\\/tipus-de-tancament\\\/#breadcrumb\"},\"inLanguage\":\"ca\",\"potentialAction\":[{\"@type\":\"ReadAction\",\"target\":[\"https:\\\/\\\/contenedoresazor.com\\\/ca\\\/contenidors\\\/tipus-de-tancament\\\/\"]}]},{\"@type\":\"BreadcrumbList\",\"@id\":\"https:\\\/\\\/contenedoresazor.com\\\/ca\\\/contenidors\\\/tipus-de-tancament\\\/#breadcrumb\",\"itemListElement\":[{\"@type\":\"ListItem\",\"position\":1,\"name\":\"Portada\",\"item\":\"https:\\\/\\\/contenedoresazor.com\\\/ca\\\/\"},{\"@type\":\"ListItem\",\"position\":2,\"name\":\"CONTENIDORS\",\"item\":\"https:\\\/\\\/contenedoresazor.com\\\/ca\\\/contenidors\\\/\"},{\"@type\":\"ListItem\",\"position\":3,\"name\":\"Tipus de Tancament\"}]},{\"@type\":\"WebSite\",\"@id\":\"https:\\\/\\\/contenedoresazor.com\\\/ca\\\/#website\",\"url\":\"https:\\\/\\\/contenedoresazor.com\\\/ca\\\/\",\"name\":\"MySiteWeb\",\"description\":\"Dise\u00f1o y fabricaci\u00f3n de contenedores para la gesti\u00f3n de residuos en diferentes sectores\",\"potentialAction\":[{\"@type\":\"SearchAction\",\"target\":{\"@type\":\"EntryPoint\",\"urlTemplate\":\"https:\\\/\\\/contenedoresazor.com\\\/ca\\\/?s={search_term_string}\"},\"query-input\":{\"@type\":\"PropertyValueSpecification\",\"valueRequired\":true,\"valueName\":\"search_term_string\"}}],\"inLanguage\":\"ca\"}]}<\/script>\n<!-- \/ Yoast SEO plugin. -->","yoast_head_json":{"title":"Tipus de Tancament - Contenedores Azor","robots":{"index":"index","follow":"follow","max-snippet":"max-snippet:-1","max-image-preview":"max-image-preview:large","max-video-preview":"max-video-preview:-1"},"canonical":"https:\/\/contenedoresazor.com\/ca\/contenidors\/tipus-de-tancament\/","og_locale":"ca_ES","og_type":"article","og_title":"Tipus de Tancament - Contenedores Azor","og_url":"https:\/\/contenedoresazor.com\/ca\/contenidors\/tipus-de-tancament\/","og_site_name":"Contenedores Azor","article_modified_time":"2020-01-09T15:35:43+00:00","twitter_card":"summary_large_image","twitter_misc":{"Temps estimat de lectura":"9 minuts"},"schema":{"@context":"https:\/\/schema.org","@graph":[{"@type":"WebPage","@id":"https:\/\/contenedoresazor.com\/ca\/contenidors\/tipus-de-tancament\/","url":"https:\/\/contenedoresazor.com\/ca\/contenidors\/tipus-de-tancament\/","name":"Tipus de Tancament - Contenedores Azor","isPartOf":{"@id":"https:\/\/contenedoresazor.com\/ca\/#website"},"datePublished":"2020-01-09T11:07:51+00:00","dateModified":"2020-01-09T15:35:43+00:00","breadcrumb":{"@id":"https:\/\/contenedoresazor.com\/ca\/contenidors\/tipus-de-tancament\/#breadcrumb"},"inLanguage":"ca","potentialAction":[{"@type":"ReadAction","target":["https:\/\/contenedoresazor.com\/ca\/contenidors\/tipus-de-tancament\/"]}]},{"@type":"BreadcrumbList","@id":"https:\/\/contenedoresazor.com\/ca\/contenidors\/tipus-de-tancament\/#breadcrumb","itemListElement":[{"@type":"ListItem","position":1,"name":"Portada","item":"https:\/\/contenedoresazor.com\/ca\/"},{"@type":"ListItem","position":2,"name":"CONTENIDORS","item":"https:\/\/contenedoresazor.com\/ca\/contenidors\/"},{"@type":"ListItem","position":3,"name":"Tipus de Tancament"}]},{"@type":"WebSite","@id":"https:\/\/contenedoresazor.com\/ca\/#website","url":"https:\/\/contenedoresazor.com\/ca\/","name":"MySiteWeb","description":"Dise\u00f1o y fabricaci\u00f3n de contenedores para la gesti\u00f3n de residuos en diferentes sectores","potentialAction":[{"@type":"SearchAction","target":{"@type":"EntryPoint","urlTemplate":"https:\/\/contenedoresazor.com\/ca\/?s={search_term_string}"},"query-input":{"@type":"PropertyValueSpecification","valueRequired":true,"valueName":"search_term_string"}}],"inLanguage":"ca"}]}},"_links":{"self":[{"href":"https:\/\/contenedoresazor.com\/ca\/wp-json\/wp\/v2\/pages\/3477","targetHints":{"allow":["GET"]}}],"collection":[{"href":"https:\/\/contenedoresazor.com\/ca\/wp-json\/wp\/v2\/pages"}],"about":[{"href":"https:\/\/contenedoresazor.com\/ca\/wp-json\/wp\/v2\/types\/page"}],"author":[{"embeddable":true,"href":"https:\/\/contenedoresazor.com\/ca\/wp-json\/wp\/v2\/users\/2"}],"replies":[{"embeddable":true,"href":"https:\/\/contenedoresazor.com\/ca\/wp-json\/wp\/v2\/comments?post=3477"}],"version-history":[{"count":0,"href":"https:\/\/contenedoresazor.com\/ca\/wp-json\/wp\/v2\/pages\/3477\/revisions"}],"up":[{"embeddable":true,"href":"https:\/\/contenedoresazor.com\/ca\/wp-json\/wp\/v2\/pages\/3284"}],"wp:attachment":[{"href":"https:\/\/contenedoresazor.com\/ca\/wp-json\/wp\/v2\/media?parent=3477"}],"curies":[{"name":"wp","href":"https:\/\/api.w.org\/{rel}","templated":true}]}}