{"id":37,"date":"2018-11-02T13:58:56","date_gmt":"2018-11-02T13:58:56","guid":{"rendered":"https:\/\/contenedores.clonica.net\/aviso-legal\/"},"modified":"2020-01-23T10:57:05","modified_gmt":"2020-01-23T10:57:05","slug":"avis-legal","status":"publish","type":"page","link":"https:\/\/contenedoresazor.com\/ca\/avis-legal\/","title":{"rendered":"Av\u00eds legal"},"content":{"rendered":"\n<style type=\"text\/css\" data-created_by=\"avia_inline_auto\" id=\"style-css-av-vg6q-30e2ede1174ee85e5837fb3fa8d283ec\">\n.flex_column.av-vg6q-30e2ede1174ee85e5837fb3fa8d283ec{\nborder-radius:0px 0px 0px 0px;\npadding:0px 0px 0px 0px;\n}\n<\/style>\n<div  class='flex_column av-vg6q-30e2ede1174ee85e5837fb3fa8d283ec av_one_full  avia-builder-el-0  avia-builder-el-no-sibling  first flex_column_div av-zero-column-padding  '     ><p>\n<style type=\"text\/css\" data-created_by=\"avia_inline_auto\" id=\"style-css-av-av_heading-0130af4b6263d73db1b0bd5987eb9434\">\n#top .av-special-heading.av-av_heading-0130af4b6263d73db1b0bd5987eb9434{\npadding-bottom:10px;\n}\nbody .av-special-heading.av-av_heading-0130af4b6263d73db1b0bd5987eb9434 .av-special-heading-tag .heading-char{\nfont-size:25px;\n}\n.av-special-heading.av-av_heading-0130af4b6263d73db1b0bd5987eb9434 .av-subheading{\nfont-size:15px;\n}\n<\/style>\n<div  class='av-special-heading av-av_heading-0130af4b6263d73db1b0bd5987eb9434 av-special-heading-h3  avia-builder-el-1  el_before_av_textblock  avia-builder-el-first '><h3 class='av-special-heading-tag '  itemprop=\"headline\"  >Av\u00eds legal<\/h3><div class=\"special-heading-border\"><div class=\"special-heading-inner-border\"><\/div><\/div><\/div><br \/>\n<section  class='av_textblock_section av-jo00tzzo-a91a6d500c15df802956ce22a428082b '   itemscope=\"itemscope\" itemtype=\"https:\/\/schema.org\/CreativeWork\" ><div class='avia_textblock'  itemprop=\"text\" ><p><strong><u>NOTA LEGAL<\/u><\/strong><\/p>\n<p>A l&#8217;efecte de l&#8217;article 10 de la Llei 34\/2002, d&#8217;11 de Juliol, de la Llei de Serveis de la Societat de la Informaci\u00f3 i el Comer\u00e7 Electr\u00f2nic, s&#8217;informa l&#8217;usuari que el titular del website \u00e9s CONTENEDORES MET\u00c1LICOS AZOR, S.L., amb domicili social a Les Franqueses del Vall\u00e8s (08520), C\/ Fran\u00e7a 32-34-36 &#8211; P.l. Pla de Llerona, amb NIF n\u00fam. B60262409 i amb adre\u00e7a electr\u00f2nica: www.contenedoresazor.com i correu electr\u00f2nic: info@construccionesmetalicas.net<\/p>\n<p>L&#8217;usuari reconeix i accepta que tots els drets de propietat industrial i intel\u00b7lectual sobre els continguts i\/o qualsevol element incl\u00f2s en el website (incloent-se a t\u00edtol merament enunciatiu i no limitatiu, tots aquells elements que conformen l&#8217;aparen\u00e7a visual, imatge gr\u00e0fica i altres est\u00edmuls sensorials de les p\u00e0gines web que conformen el \u201cwebsite\/look and feel\u201d, marques, logotips, noms comercials, textos, cr\u00edtiques i comentaris, imatges, gr\u00e0fics, dissenys, sons, bases de dades, programari, diagrames de flux, presentaci\u00f3, arquitectura de navegaci\u00f3, aix\u00ed com els codis fonts de les p\u00e0gines web) pertanyen a CONTENEDORES MET\u00c1LICOS AZOR, S.L. i\/o a tercers que li hagin cedit els seus drets.<\/p>\n<p><strong><u>PROPIETAT INTEL\u00b7LECTUAL I INDUSTRIAL<\/u><\/strong><\/p>\n<p>D&#8217;acord amb l&#8217;anterior, s&#8217;entendr\u00e0 com a lloc web\/website totes aquelles creacions incorporades i expressades per qualsevol mitj\u00e0 i\/o suport tangible o intangible, conegut o per con\u00e8ixer, que sigui objecte de protecci\u00f3 per les disposicions normatives vigents en mat\u00e8ria de propietat intel\u00b7lectual i industrial.<\/p>\n<p>Queda autoritzada la mera visualitzaci\u00f3, impressi\u00f3, desc\u00e0rrega o emmagatzematge temporal, ja sigui \u00edntegrament o parcialment, dels continguts i\/o dels elements inclosos en el lloc web\/website o en les p\u00e0gines que el conformen exclusivament per al seu \u00fas personal i no lucratiu per a l&#8217;usuari. En cap cas, l&#8217;acc\u00e9s al lloc web\/website implica cap mena de perm\u00eds, ren\u00fancia, transmissi\u00f3, llic\u00e8ncia o cessi\u00f3 total ni parcial dels anteriorment citats drets per part dels seus titulars, excepte que s&#8217;hagi establert expressament el contrari.<\/p>\n<p>Les presents condicions generals d&#8217;\u00fas del lloc web\/website, no atorguen als usuaris cap altre dret d&#8217;\u00fas, alteraci\u00f3, explotaci\u00f3, reproducci\u00f3, distribuci\u00f3 o comunicaci\u00f3 p\u00fablica del lloc web\/ website i\/o dels continguts diferents als expressament previstos. Qualsevol altre \u00fas o explotaci\u00f3 de qualsevol dret estar\u00e0 subjecte a la pr\u00e8via autoritzaci\u00f3 atorgada expressament per CONTENEDORES MET\u00c1LICOS AZOR, S.L. o el tercer titular dels drets afectats. Per a qualsevol \u00fas diferent dels expressament permesos, ser\u00e0 necessari obtenir el consentiment previ per escrit del titular dels drets de qu\u00e8 es tracti.<\/p>\n<p><strong><u>CONDICIONS I TERMES GENERALS<\/u><\/strong><\/p>\n<ul>\n<li>L&#8217;acc\u00e9s a aquest lloc web \u00e9s responsabilitat exclusiva dels usuaris.<\/li>\n<li>L&#8217;acc\u00e9s i navegaci\u00f3 en aquest lloc web suposa acceptar i con\u00e8ixer els advertiments legals, condicions i termes d&#8217;\u00fas contingudes en ell.<\/li>\n<li>CONTENEDORES MET\u00c1LICOS AZOR, S.L., no assumeix cap responsabilitat per les discrep\u00e0ncies que poguessin existir entre els documents impresos i la versi\u00f3 electr\u00f2nica publicada en aquest lloc web. En cas de discrep\u00e0ncia entre la versi\u00f3 electr\u00f2nica publicada en el lloc web i la impresa, prevaldr\u00e0 l&#8217;\u00faltima versi\u00f3 actualitzada.<\/li>\n<\/ul>\n<p><strong><u>ACC\u00c9S, NAVEGACI\u00d3 I SEGURETAT<\/u><\/strong><\/p>\n<ul>\n<li>CONTENEDORES MET\u00c1LICOS AZOR, S.L., no es responsabilitza ni garanteix que l&#8217;acc\u00e9s a aquest lloc web sigui ininterromput o que estigui lliure d&#8217;error. Tampoc es responsabilitza o garanteix que el contingut o programari al qual pugui accedir-se a trav\u00e9s d&#8217;aquest lloc web estigui lliure d&#8217;error o causi un dany. En cap cas CONTENEDORES MET\u00c1LICOS AZOR, S.L. ser\u00e0 responsable per les p\u00e8rdues, danys o perjudicis de qualsevol tipus que sorgeixin per l&#8217;acc\u00e9s i l&#8217;\u00fas de la p\u00e0gina web, incloent-se, per\u00f2 no limitant-se, als ocasionats als sistemes inform\u00e0tics o els provocats per la introducci\u00f3 de virus. CONTENEDORES MET\u00c1LICOS AZOR, S.L., no es fa responsable dels danys que poguessin ocasionar-se als usuaris per un \u00fas inadequat d&#8217;aquest lloc web.<\/li>\n<\/ul>\n<\/div><\/section><\/p><\/div>\n","protected":false},"excerpt":{"rendered":"","protected":false},"author":1,"featured_media":0,"parent":0,"menu_order":10,"comment_status":"closed","ping_status":"closed","template":"","meta":{"footnotes":""},"class_list":["post-37","page","type-page","status-publish","hentry"],"yoast_head":"<!-- This site is optimized with the Yoast SEO plugin v27.6 - https:\/\/yoast.com\/product\/yoast-seo-wordpress\/ -->\n<title>Av\u00eds legal - Contenedores Azor<\/title>\n<meta name=\"robots\" content=\"index, follow, max-snippet:-1, max-image-preview:large, max-video-preview:-1\" \/>\n<link rel=\"canonical\" href=\"https:\/\/contenedoresazor.com\/ca\/avis-legal\/\" \/>\n<meta property=\"og:locale\" content=\"ca_ES\" \/>\n<meta property=\"og:type\" content=\"article\" \/>\n<meta property=\"og:title\" content=\"Av\u00eds legal - Contenedores Azor\" \/>\n<meta property=\"og:url\" content=\"https:\/\/contenedoresazor.com\/ca\/avis-legal\/\" \/>\n<meta property=\"og:site_name\" content=\"Contenedores Azor\" \/>\n<meta property=\"article:modified_time\" content=\"2020-01-23T10:57:05+00:00\" \/>\n<meta name=\"twitter:card\" content=\"summary_large_image\" \/>\n<meta name=\"twitter:label1\" content=\"Temps estimat de lectura\" \/>\n\t<meta name=\"twitter:data1\" content=\"4 minuts\" \/>\n<script type=\"application\/ld+json\" class=\"yoast-schema-graph\">{\"@context\":\"https:\\\/\\\/schema.org\",\"@graph\":[{\"@type\":\"WebPage\",\"@id\":\"https:\\\/\\\/contenedoresazor.com\\\/ca\\\/avis-legal\\\/\",\"url\":\"https:\\\/\\\/contenedoresazor.com\\\/ca\\\/avis-legal\\\/\",\"name\":\"Av\u00eds legal - Contenedores Azor\",\"isPartOf\":{\"@id\":\"https:\\\/\\\/contenedoresazor.com\\\/ca\\\/#website\"},\"datePublished\":\"2018-11-02T13:58:56+00:00\",\"dateModified\":\"2020-01-23T10:57:05+00:00\",\"breadcrumb\":{\"@id\":\"https:\\\/\\\/contenedoresazor.com\\\/ca\\\/avis-legal\\\/#breadcrumb\"},\"inLanguage\":\"ca\",\"potentialAction\":[{\"@type\":\"ReadAction\",\"target\":[\"https:\\\/\\\/contenedoresazor.com\\\/ca\\\/avis-legal\\\/\"]}]},{\"@type\":\"BreadcrumbList\",\"@id\":\"https:\\\/\\\/contenedoresazor.com\\\/ca\\\/avis-legal\\\/#breadcrumb\",\"itemListElement\":[{\"@type\":\"ListItem\",\"position\":1,\"name\":\"Portada\",\"item\":\"https:\\\/\\\/contenedoresazor.com\\\/ca\\\/\"},{\"@type\":\"ListItem\",\"position\":2,\"name\":\"Av\u00eds legal\"}]},{\"@type\":\"WebSite\",\"@id\":\"https:\\\/\\\/contenedoresazor.com\\\/ca\\\/#website\",\"url\":\"https:\\\/\\\/contenedoresazor.com\\\/ca\\\/\",\"name\":\"MySiteWeb\",\"description\":\"Dise\u00f1o y fabricaci\u00f3n de contenedores para la gesti\u00f3n de residuos en diferentes sectores\",\"potentialAction\":[{\"@type\":\"SearchAction\",\"target\":{\"@type\":\"EntryPoint\",\"urlTemplate\":\"https:\\\/\\\/contenedoresazor.com\\\/ca\\\/?s={search_term_string}\"},\"query-input\":{\"@type\":\"PropertyValueSpecification\",\"valueRequired\":true,\"valueName\":\"search_term_string\"}}],\"inLanguage\":\"ca\"}]}<\/script>\n<!-- \/ Yoast SEO plugin. -->","yoast_head_json":{"title":"Av\u00eds legal - Contenedores Azor","robots":{"index":"index","follow":"follow","max-snippet":"max-snippet:-1","max-image-preview":"max-image-preview:large","max-video-preview":"max-video-preview:-1"},"canonical":"https:\/\/contenedoresazor.com\/ca\/avis-legal\/","og_locale":"ca_ES","og_type":"article","og_title":"Av\u00eds legal - Contenedores Azor","og_url":"https:\/\/contenedoresazor.com\/ca\/avis-legal\/","og_site_name":"Contenedores Azor","article_modified_time":"2020-01-23T10:57:05+00:00","twitter_card":"summary_large_image","twitter_misc":{"Temps estimat de lectura":"4 minuts"},"schema":{"@context":"https:\/\/schema.org","@graph":[{"@type":"WebPage","@id":"https:\/\/contenedoresazor.com\/ca\/avis-legal\/","url":"https:\/\/contenedoresazor.com\/ca\/avis-legal\/","name":"Av\u00eds legal - Contenedores Azor","isPartOf":{"@id":"https:\/\/contenedoresazor.com\/ca\/#website"},"datePublished":"2018-11-02T13:58:56+00:00","dateModified":"2020-01-23T10:57:05+00:00","breadcrumb":{"@id":"https:\/\/contenedoresazor.com\/ca\/avis-legal\/#breadcrumb"},"inLanguage":"ca","potentialAction":[{"@type":"ReadAction","target":["https:\/\/contenedoresazor.com\/ca\/avis-legal\/"]}]},{"@type":"BreadcrumbList","@id":"https:\/\/contenedoresazor.com\/ca\/avis-legal\/#breadcrumb","itemListElement":[{"@type":"ListItem","position":1,"name":"Portada","item":"https:\/\/contenedoresazor.com\/ca\/"},{"@type":"ListItem","position":2,"name":"Av\u00eds legal"}]},{"@type":"WebSite","@id":"https:\/\/contenedoresazor.com\/ca\/#website","url":"https:\/\/contenedoresazor.com\/ca\/","name":"MySiteWeb","description":"Dise\u00f1o y fabricaci\u00f3n de contenedores para la gesti\u00f3n de residuos en diferentes sectores","potentialAction":[{"@type":"SearchAction","target":{"@type":"EntryPoint","urlTemplate":"https:\/\/contenedoresazor.com\/ca\/?s={search_term_string}"},"query-input":{"@type":"PropertyValueSpecification","valueRequired":true,"valueName":"search_term_string"}}],"inLanguage":"ca"}]}},"_links":{"self":[{"href":"https:\/\/contenedoresazor.com\/ca\/wp-json\/wp\/v2\/pages\/37","targetHints":{"allow":["GET"]}}],"collection":[{"href":"https:\/\/contenedoresazor.com\/ca\/wp-json\/wp\/v2\/pages"}],"about":[{"href":"https:\/\/contenedoresazor.com\/ca\/wp-json\/wp\/v2\/types\/page"}],"author":[{"embeddable":true,"href":"https:\/\/contenedoresazor.com\/ca\/wp-json\/wp\/v2\/users\/1"}],"replies":[{"embeddable":true,"href":"https:\/\/contenedoresazor.com\/ca\/wp-json\/wp\/v2\/comments?post=37"}],"version-history":[{"count":0,"href":"https:\/\/contenedoresazor.com\/ca\/wp-json\/wp\/v2\/pages\/37\/revisions"}],"wp:attachment":[{"href":"https:\/\/contenedoresazor.com\/ca\/wp-json\/wp\/v2\/media?parent=37"}],"curies":[{"name":"wp","href":"https:\/\/api.w.org\/{rel}","templated":true}]}}