{"id":4188,"date":"2020-02-06T09:22:19","date_gmt":"2020-02-06T09:22:19","guid":{"rendered":"https:\/\/contenedoresazor.com\/contenidors\/contenedores-de-cadenas\/contenedores-de-cadenas-estandar\/"},"modified":"2020-02-25T14:45:55","modified_gmt":"2020-02-25T14:45:55","slug":"multibennes-standarts","status":"publish","type":"page","link":"https:\/\/contenedoresazor.com\/fr\/conteneurs\/multibennes\/multibennes-standarts\/","title":{"rendered":"MULTIBENNES STANDARTS"},"content":{"rendered":"\n<style type=\"text\/css\" data-created_by=\"avia_inline_auto\" id=\"style-css-av-k0mk4d2o-367210475d5821a5d2831d5068ad4b42\">\n#top .hr.hr-invisible.av-k0mk4d2o-367210475d5821a5d2831d5068ad4b42{\nheight:100px;\n}\n<\/style>\n<div  class='hr av-k0mk4d2o-367210475d5821a5d2831d5068ad4b42 hr-invisible  avia-builder-el-0  el_before_av_slideshow_full  avia-builder-el-no-sibling '><span class='hr-inner '><span class=\"hr-inner-style\"><\/span><\/span><\/div>\n<\/div><\/div><\/div><!-- close content main div --><\/div><\/div><div id='full_slider_1'  class='avia-fullwidth-slider main_color avia-shadow   avia-builder-el-1  el_after_av_hr  el_before_av_section   slider-not-first container_wrap sidebar_right'  ><\/div>\n\n<style type=\"text\/css\" data-created_by=\"avia_inline_auto\" id=\"style-css-av-jwkj3od7-f8727e842ea152e2f1265260d3e70322\">\n.avia-section.av-jwkj3od7-f8727e842ea152e2f1265260d3e70322{\nbackground-color:#0670b5;\nbackground-image:unset;\n}\n<\/style>\n<div id='av_section_1'  class='avia-section av-jwkj3od7-f8727e842ea152e2f1265260d3e70322 main_color avia-section-default avia-no-border-styling  avia-builder-el-2  el_after_av_slideshow_full  el_before_av_one_full  avia-bg-style-scroll container_wrap sidebar_right'  ><div class='container av-section-cont-open' ><div class='template-page content  av-content-small alpha units'><div class='post-entry post-entry-type-page post-entry-4188'><div class='entry-content-wrapper clearfix'>\n\n<style type=\"text\/css\" data-created_by=\"avia_inline_auto\" id=\"style-css-av-k6rpo9hr-90568242233a74874a4de21ee0804bc2\">\n#top .av-special-heading.av-k6rpo9hr-90568242233a74874a4de21ee0804bc2{\npadding-bottom:10px;\ncolor:#ffffff;\n}\nbody .av-special-heading.av-k6rpo9hr-90568242233a74874a4de21ee0804bc2 .av-special-heading-tag .heading-char{\nfont-size:25px;\n}\n.av-special-heading.av-k6rpo9hr-90568242233a74874a4de21ee0804bc2 .special-heading-inner-border{\nborder-color:#ffffff;\n}\n.av-special-heading.av-k6rpo9hr-90568242233a74874a4de21ee0804bc2 .av-subheading{\nfont-size:15px;\n}\n<\/style>\n<div  class='av-special-heading av-k6rpo9hr-90568242233a74874a4de21ee0804bc2 av-special-heading-h1 custom-color-heading blockquote modern-quote modern-centered  avia-builder-el-3  avia-builder-el-no-sibling '><h1 class='av-special-heading-tag '  itemprop=\"headline\"  >MULTIBENNES STANDARTS<\/h1><div class=\"special-heading-border\"><div class=\"special-heading-inner-border\"><\/div><\/div><\/div>\n<\/div><\/div><\/div><!-- close content main div --><\/div><\/div><div id='after_section_1'  class='main_color av_default_container_wrap container_wrap sidebar_right'  ><div class='container av-section-cont-open' ><div class='template-page content  av-content-small alpha units'><div class='post-entry post-entry-type-page post-entry-4188'><div class='entry-content-wrapper clearfix'>\n\n<style type=\"text\/css\" data-created_by=\"avia_inline_auto\" id=\"style-css-av-fus52-7428bdffd1eb45de2b7c1a4821cc8c2b\">\n.flex_column.av-fus52-7428bdffd1eb45de2b7c1a4821cc8c2b{\nborder-radius:0px 0px 0px 0px;\npadding:0px 0px 0px 0px;\n}\n<\/style>\n<div  class='flex_column av-fus52-7428bdffd1eb45de2b7c1a4821cc8c2b av_one_full  avia-builder-el-4  el_after_av_section  el_before_av_one_third  avia-builder-el-first  first flex_column_div av-zero-column-padding  '     ><p>\n<style type=\"text\/css\" data-created_by=\"avia_inline_auto\" id=\"style-css-av-k6rpop5j-588c3f7ce448ee45170a258e857d729b\">\n#top .av-special-heading.av-k6rpop5j-588c3f7ce448ee45170a258e857d729b{\npadding-bottom:10px;\n}\nbody .av-special-heading.av-k6rpop5j-588c3f7ce448ee45170a258e857d729b .av-special-heading-tag .heading-char{\nfont-size:25px;\n}\n.av-special-heading.av-k6rpop5j-588c3f7ce448ee45170a258e857d729b .av-subheading{\nfont-size:15px;\n}\n<\/style>\n<div  class='av-special-heading av-k6rpop5j-588c3f7ce448ee45170a258e857d729b av-special-heading-h2 blockquote modern-quote modern-centered  avia-builder-el-5  el_before_av_hr  avia-builder-el-first '><h2 class='av-special-heading-tag '  itemprop=\"headline\"  >PRODUITS<\/h2><div class=\"special-heading-border\"><div class=\"special-heading-inner-border\"><\/div><\/div><\/div><br \/>\n\n<style type=\"text\/css\" data-created_by=\"avia_inline_auto\" id=\"style-css-av-k1tfkfyb-b83cd28fc6dfdfb30c99181860844d45\">\n#top .hr.hr-invisible.av-k1tfkfyb-b83cd28fc6dfdfb30c99181860844d45{\nheight:50px;\n}\n<\/style>\n<div  class='hr av-k1tfkfyb-b83cd28fc6dfdfb30c99181860844d45 hr-invisible  avia-builder-el-6  el_after_av_heading  avia-builder-el-last '><span class='hr-inner '><span class=\"hr-inner-style\"><\/span><\/span><\/div><\/p><\/div>\n<div class='flex_column_table av-jwkivgbe-28aaa9276b79c97dfc64f5b631c520ab sc-av_one_third av-equal-height-column-flextable'>\n<style type=\"text\/css\" data-created_by=\"avia_inline_auto\" id=\"style-css-av-jwkivgbe-28aaa9276b79c97dfc64f5b631c520ab\">\n.flex_column.av-jwkivgbe-28aaa9276b79c97dfc64f5b631c520ab{\nborder-radius:2px 2px 2px 2px;\npadding:2px 2px 2px 2px;\n}\n<\/style>\n<div  class='flex_column av-jwkivgbe-28aaa9276b79c97dfc64f5b631c520ab av_one_third  avia-builder-el-7  el_after_av_one_full  el_before_av_one_third  first flex_column_table_cell av-equal-height-column av-align-top avia-link-column av-column-link avia-link-column-hover  column-top-margin'    data-link-column-url=\"https:\/\/contenedoresazor.com\/contenedores\/contenedores-de-cadenas\/cadenas-estandar\/contenedor-de-cadenas-mini-16-m3\/\"   ><a class=\"av-screen-reader-only\" href=https:\/\/contenedoresazor.com\/contenedores\/contenedores-de-cadenas\/cadenas-estandar\/contenedor-de-cadenas-mini-16-m3\/ >Lier vers : Contenedor de Cadenas Mini 1,6 m3<\/a><style type=\"text\/css\" data-created_by=\"avia_inline_auto\" id=\"style-css-av-jwkhd3yh-60cd3f816bb8133c4364fdb0111f8150\">\n.avia-image-container.av-jwkhd3yh-60cd3f816bb8133c4364fdb0111f8150 img.avia_image{\nbox-shadow:none;\n}\n.avia-image-container.av-jwkhd3yh-60cd3f816bb8133c4364fdb0111f8150 .av-image-caption-overlay-center{\ncolor:#ffffff;\nfont-size:29px;\n}\n<\/style>\n<div  class='avia-image-container av-jwkhd3yh-60cd3f816bb8133c4364fdb0111f8150 av-styling- avia-align-center  avia-builder-el-8  avia-builder-el-no-sibling '   itemprop=\"image\" itemscope=\"itemscope\" itemtype=\"https:\/\/schema.org\/ImageObject\" ><div class=\"avia-image-container-inner\"><div class=\"avia-image-overlay-wrap\"><img decoding=\"async\" fetchpriority=\"high\" class='wp-image-3212 avia-img-lazy-loading-not-3212 avia_image ' src=\"https:\/\/contenedoresazor.com\/wp-content\/uploads\/2019\/07\/FotoCadenasTrapezoidales1-1.png\" alt='' title=''  height=\"500\" width=\"500\"  itemprop=\"thumbnailUrl\" srcset=\"https:\/\/contenedoresazor.com\/wp-content\/uploads\/2019\/07\/FotoCadenasTrapezoidales1-1.png 500w, https:\/\/contenedoresazor.com\/wp-content\/uploads\/2019\/07\/FotoCadenasTrapezoidales1-1-80x80.png 80w, https:\/\/contenedoresazor.com\/wp-content\/uploads\/2019\/07\/FotoCadenasTrapezoidales1-1-300x300.png 300w, https:\/\/contenedoresazor.com\/wp-content\/uploads\/2019\/07\/FotoCadenasTrapezoidales1-1-36x36.png 36w, https:\/\/contenedoresazor.com\/wp-content\/uploads\/2019\/07\/FotoCadenasTrapezoidales1-1-180x180.png 180w, https:\/\/contenedoresazor.com\/wp-content\/uploads\/2019\/07\/FotoCadenasTrapezoidales1-1-120x120.png 120w, https:\/\/contenedoresazor.com\/wp-content\/uploads\/2019\/07\/FotoCadenasTrapezoidales1-1-450x450.png 450w\" sizes=\"(max-width: 500px) 100vw, 500px\" \/><\/div><\/div><\/div><\/div>\n<div class='av-flex-placeholder'><\/div>\n<style type=\"text\/css\" data-created_by=\"avia_inline_auto\" id=\"style-css-av-cg804n-2fdbdc1bd9b8704d47b097419567446e\">\n.flex_column.av-cg804n-2fdbdc1bd9b8704d47b097419567446e{\nborder-radius:0px 0px 0px 0px;\npadding:0px 0px 0px 0px;\n}\n<\/style>\n<div  class='flex_column av-cg804n-2fdbdc1bd9b8704d47b097419567446e av_one_third  avia-builder-el-9  el_after_av_one_third  el_before_av_one_third  flex_column_table_cell av-equal-height-column av-align-top av-zero-column-padding  column-top-margin'     ><style type=\"text\/css\" data-created_by=\"avia_inline_auto\" id=\"style-css-av-jypwrgcs-e26ff3b01fdd00bc2ccd237bc1d6fa1f\">\n#top .av_textblock_section.av-jypwrgcs-e26ff3b01fdd00bc2ccd237bc1d6fa1f .avia_textblock{\nfont-size:16px;\ncolor:#076fb5;\n}\n<\/style>\n<section  class='av_textblock_section av-jypwrgcs-e26ff3b01fdd00bc2ccd237bc1d6fa1f '   itemscope=\"itemscope\" itemtype=\"https:\/\/schema.org\/CreativeWork\" ><div class='avia_textblock av_inherit_color'  itemprop=\"text\" ><p style=\"text-align: center;\"><strong>MULTIBENNES STANDARTS<\/strong><\/p>\n<\/div><\/section><br \/>\n\n<style type=\"text\/css\" data-created_by=\"avia_inline_auto\" id=\"style-css-av-jypwpclu-05d56b56b2bac3afc80cfcb54c0f71ac\">\n#top .hr.av-jypwpclu-05d56b56b2bac3afc80cfcb54c0f71ac{\nmargin-top:-20px;\nmargin-bottom:10px;\n}\n.hr.av-jypwpclu-05d56b56b2bac3afc80cfcb54c0f71ac .hr-inner{\nwidth:50px;\nborder-color:#076fb5;\n}\n<\/style>\n<div  class='hr av-jypwpclu-05d56b56b2bac3afc80cfcb54c0f71ac hr-custom  avia-builder-el-11  el_after_av_textblock  el_before_av_textblock  hr-center hr-icon-no'><span class='hr-inner inner-border-av-border-fat'><span class=\"hr-inner-style\"><\/span><\/span><\/div><br \/>\n<section  class='av_textblock_section av-k1szzk5y-de516f76be1e5eaca135421ef5e4a634 '   itemscope=\"itemscope\" itemtype=\"https:\/\/schema.org\/CreativeWork\" ><div class='avia_textblock'  itemprop=\"text\" ><p>Multibennes \u00e0 chaine, de diff\u00e9rentes dimensions et caract\u00e9ristiques. \u00a0Valable pour des d\u00e9chets solides.<\/p>\n<\/div><\/section><\/p><\/div>\n<div class='av-flex-placeholder'><\/div>\n<style type=\"text\/css\" data-created_by=\"avia_inline_auto\" id=\"style-css-av-2y99ef-9f90597df6347b97998ad79df54d850c\">\n.flex_column.av-2y99ef-9f90597df6347b97998ad79df54d850c{\nborder-radius:0px 0px 0px 0px;\npadding:0px 0px 0px 0px;\n}\n<\/style>\n<div  class='flex_column av-2y99ef-9f90597df6347b97998ad79df54d850c av_one_third  avia-builder-el-13  el_after_av_one_third  el_before_av_hr  flex_column_table_cell av-equal-height-column av-align-top av-zero-column-padding  column-top-margin'     ><section  class='av_textblock_section av-k0zepwem-bfe9edb6abb29a6cba5aa7553969f11d '   itemscope=\"itemscope\" itemtype=\"https:\/\/schema.org\/CreativeWork\" ><div class='avia_textblock'  itemprop=\"text\" ><p><strong>Dimensions disponibles :<\/strong><br \/>\n<a href=\"https:\/\/contenedoresazor.com\/fr\/conteneurs\/multibennes\/multibennes-standarts\/mini-benne-16-m3\/\">Multibennes mini 1,6 m<sup>3<\/sup><\/a><br \/>\n<a href=\"https:\/\/contenedoresazor.com\/fr\/conteneurs\/multibennes\/multibennes-standarts\/mini-benne-2-m3\/\">Multibennes mini 2 m<sup>3<\/sup><\/a><br \/>\n<a href=\"https:\/\/contenedoresazor.com\/fr\/conteneurs\/multibennes\/multibennes-standarts\/multibennes-425m3\/\">Multibennes 4,25 m<sup>3<\/sup><\/a><br \/>\n<a href=\"https:\/\/contenedoresazor.com\/fr\/conteneurs\/multibennes\/multibennes-standarts\/contenedor-cadenas-5-m3-a-4000-mm\/\">Multibennes 5 m<sup>3<\/sup> \u00e0 4000mm<\/a><br \/>\n<a href=\"https:\/\/contenedoresazor.com\/fr\/conteneurs\/multibennes\/multibennes-standarts\/multibennes-6-m3-a-4400-mm-longueur\/\">Multibennes 6 m<sup>3<\/sup> \u00e0 4400mm<\/a><\/p>\n<\/div><\/section><\/div><\/div><!--close column table wrapper. Autoclose: 1 -->\n<style type=\"text\/css\" data-created_by=\"avia_inline_auto\" id=\"style-css-av-k0mk4d2o-367210475d5821a5d2831d5068ad4b42\">\n#top .hr.hr-invisible.av-k0mk4d2o-367210475d5821a5d2831d5068ad4b42{\nheight:100px;\n}\n<\/style>\n<div  class='hr av-k0mk4d2o-367210475d5821a5d2831d5068ad4b42 hr-invisible  avia-builder-el-15  el_after_av_one_third  avia-builder-el-last '><span class='hr-inner '><span class=\"hr-inner-style\"><\/span><\/span><\/div><\/p>\n","protected":false},"excerpt":{"rendered":"","protected":false},"author":2,"featured_media":0,"parent":4186,"menu_order":0,"comment_status":"closed","ping_status":"closed","template":"","meta":{"footnotes":""},"class_list":["post-4188","page","type-page","status-publish","hentry"],"yoast_head":"<!-- This site is optimized with the Yoast SEO plugin v27.4 - https:\/\/yoast.com\/product\/yoast-seo-wordpress\/ -->\n<title>MULTIBENNES STANDARTS - Contenedores Met\u00e1licos Azor<\/title>\n<meta name=\"robots\" content=\"index, follow, max-snippet:-1, max-image-preview:large, max-video-preview:-1\" \/>\n<link rel=\"canonical\" href=\"https:\/\/contenedoresazor.com\/fr\/conteneurs\/multibennes\/multibennes-standarts\/\" \/>\n<meta property=\"og:locale\" content=\"fr_FR\" \/>\n<meta property=\"og:type\" content=\"article\" \/>\n<meta property=\"og:title\" content=\"MULTIBENNES STANDARTS - Contenedores Met\u00e1licos Azor\" \/>\n<meta property=\"og:url\" content=\"https:\/\/contenedoresazor.com\/fr\/conteneurs\/multibennes\/multibennes-standarts\/\" \/>\n<meta property=\"og:site_name\" content=\"Contenedores Met\u00e1licos Azor\" \/>\n<meta property=\"article:modified_time\" content=\"2020-02-25T14:45:55+00:00\" \/>\n<meta name=\"twitter:card\" content=\"summary_large_image\" \/>\n<meta name=\"twitter:label1\" content=\"Dur\u00e9e de lecture estim\u00e9e\" \/>\n\t<meta name=\"twitter:data1\" content=\"6 minutes\" \/>\n<script type=\"application\/ld+json\" class=\"yoast-schema-graph\">{\"@context\":\"https:\\\/\\\/schema.org\",\"@graph\":[{\"@type\":\"WebPage\",\"@id\":\"https:\\\/\\\/contenedoresazor.com\\\/fr\\\/conteneurs\\\/multibennes\\\/multibennes-standarts\\\/\",\"url\":\"https:\\\/\\\/contenedoresazor.com\\\/fr\\\/conteneurs\\\/multibennes\\\/multibennes-standarts\\\/\",\"name\":\"MULTIBENNES STANDARTS - Contenedores Met\u00e1licos Azor\",\"isPartOf\":{\"@id\":\"https:\\\/\\\/contenedoresazor.com\\\/fr\\\/#website\"},\"datePublished\":\"2020-02-06T09:22:19+00:00\",\"dateModified\":\"2020-02-25T14:45:55+00:00\",\"breadcrumb\":{\"@id\":\"https:\\\/\\\/contenedoresazor.com\\\/fr\\\/conteneurs\\\/multibennes\\\/multibennes-standarts\\\/#breadcrumb\"},\"inLanguage\":\"fr-FR\",\"potentialAction\":[{\"@type\":\"ReadAction\",\"target\":[\"https:\\\/\\\/contenedoresazor.com\\\/fr\\\/conteneurs\\\/multibennes\\\/multibennes-standarts\\\/\"]}]},{\"@type\":\"BreadcrumbList\",\"@id\":\"https:\\\/\\\/contenedoresazor.com\\\/fr\\\/conteneurs\\\/multibennes\\\/multibennes-standarts\\\/#breadcrumb\",\"itemListElement\":[{\"@type\":\"ListItem\",\"position\":1,\"name\":\"Portada\",\"item\":\"https:\\\/\\\/contenedoresazor.com\\\/fr\\\/\"},{\"@type\":\"ListItem\",\"position\":2,\"name\":\"CONTENEURS\",\"item\":\"https:\\\/\\\/contenedoresazor.com\\\/fr\\\/conteneurs\\\/\"},{\"@type\":\"ListItem\",\"position\":3,\"name\":\"Multibennes\",\"item\":\"https:\\\/\\\/contenedoresazor.com\\\/fr\\\/conteneurs\\\/multibennes\\\/\"},{\"@type\":\"ListItem\",\"position\":4,\"name\":\"MULTIBENNES STANDARTS\"}]},{\"@type\":\"WebSite\",\"@id\":\"https:\\\/\\\/contenedoresazor.com\\\/fr\\\/#website\",\"url\":\"https:\\\/\\\/contenedoresazor.com\\\/fr\\\/\",\"name\":\"MySiteWeb\",\"description\":\"contenedoresazor.com\",\"potentialAction\":[{\"@type\":\"SearchAction\",\"target\":{\"@type\":\"EntryPoint\",\"urlTemplate\":\"https:\\\/\\\/contenedoresazor.com\\\/fr\\\/?s={search_term_string}\"},\"query-input\":{\"@type\":\"PropertyValueSpecification\",\"valueRequired\":true,\"valueName\":\"search_term_string\"}}],\"inLanguage\":\"fr-FR\"}]}<\/script>\n<!-- \/ Yoast SEO plugin. -->","yoast_head_json":{"title":"MULTIBENNES STANDARTS - Contenedores Met\u00e1licos Azor","robots":{"index":"index","follow":"follow","max-snippet":"max-snippet:-1","max-image-preview":"max-image-preview:large","max-video-preview":"max-video-preview:-1"},"canonical":"https:\/\/contenedoresazor.com\/fr\/conteneurs\/multibennes\/multibennes-standarts\/","og_locale":"fr_FR","og_type":"article","og_title":"MULTIBENNES STANDARTS - Contenedores Met\u00e1licos Azor","og_url":"https:\/\/contenedoresazor.com\/fr\/conteneurs\/multibennes\/multibennes-standarts\/","og_site_name":"Contenedores Met\u00e1licos Azor","article_modified_time":"2020-02-25T14:45:55+00:00","twitter_card":"summary_large_image","twitter_misc":{"Dur\u00e9e de lecture estim\u00e9e":"6 minutes"},"schema":{"@context":"https:\/\/schema.org","@graph":[{"@type":"WebPage","@id":"https:\/\/contenedoresazor.com\/fr\/conteneurs\/multibennes\/multibennes-standarts\/","url":"https:\/\/contenedoresazor.com\/fr\/conteneurs\/multibennes\/multibennes-standarts\/","name":"MULTIBENNES STANDARTS - Contenedores Met\u00e1licos Azor","isPartOf":{"@id":"https:\/\/contenedoresazor.com\/fr\/#website"},"datePublished":"2020-02-06T09:22:19+00:00","dateModified":"2020-02-25T14:45:55+00:00","breadcrumb":{"@id":"https:\/\/contenedoresazor.com\/fr\/conteneurs\/multibennes\/multibennes-standarts\/#breadcrumb"},"inLanguage":"fr-FR","potentialAction":[{"@type":"ReadAction","target":["https:\/\/contenedoresazor.com\/fr\/conteneurs\/multibennes\/multibennes-standarts\/"]}]},{"@type":"BreadcrumbList","@id":"https:\/\/contenedoresazor.com\/fr\/conteneurs\/multibennes\/multibennes-standarts\/#breadcrumb","itemListElement":[{"@type":"ListItem","position":1,"name":"Portada","item":"https:\/\/contenedoresazor.com\/fr\/"},{"@type":"ListItem","position":2,"name":"CONTENEURS","item":"https:\/\/contenedoresazor.com\/fr\/conteneurs\/"},{"@type":"ListItem","position":3,"name":"Multibennes","item":"https:\/\/contenedoresazor.com\/fr\/conteneurs\/multibennes\/"},{"@type":"ListItem","position":4,"name":"MULTIBENNES STANDARTS"}]},{"@type":"WebSite","@id":"https:\/\/contenedoresazor.com\/fr\/#website","url":"https:\/\/contenedoresazor.com\/fr\/","name":"MySiteWeb","description":"contenedoresazor.com","potentialAction":[{"@type":"SearchAction","target":{"@type":"EntryPoint","urlTemplate":"https:\/\/contenedoresazor.com\/fr\/?s={search_term_string}"},"query-input":{"@type":"PropertyValueSpecification","valueRequired":true,"valueName":"search_term_string"}}],"inLanguage":"fr-FR"}]}},"_links":{"self":[{"href":"https:\/\/contenedoresazor.com\/fr\/wp-json\/wp\/v2\/pages\/4188","targetHints":{"allow":["GET"]}}],"collection":[{"href":"https:\/\/contenedoresazor.com\/fr\/wp-json\/wp\/v2\/pages"}],"about":[{"href":"https:\/\/contenedoresazor.com\/fr\/wp-json\/wp\/v2\/types\/page"}],"author":[{"embeddable":true,"href":"https:\/\/contenedoresazor.com\/fr\/wp-json\/wp\/v2\/users\/2"}],"replies":[{"embeddable":true,"href":"https:\/\/contenedoresazor.com\/fr\/wp-json\/wp\/v2\/comments?post=4188"}],"version-history":[{"count":0,"href":"https:\/\/contenedoresazor.com\/fr\/wp-json\/wp\/v2\/pages\/4188\/revisions"}],"up":[{"embeddable":true,"href":"https:\/\/contenedoresazor.com\/fr\/wp-json\/wp\/v2\/pages\/4186"}],"wp:attachment":[{"href":"https:\/\/contenedoresazor.com\/fr\/wp-json\/wp\/v2\/media?parent=4188"}],"curies":[{"name":"wp","href":"https:\/\/api.w.org\/{rel}","templated":true}]}}