{"id":4212,"date":"2020-02-06T09:31:32","date_gmt":"2020-02-06T09:31:32","guid":{"rendered":"https:\/\/contenedoresazor.com\/contenidors\/contenidors-de-ganxo\/cajas-abiertas-con-toldo\/"},"modified":"2020-02-26T12:34:18","modified_gmt":"2020-02-26T12:34:18","slug":"benne-ampliroll-a-bache","status":"publish","type":"page","link":"https:\/\/contenedoresazor.com\/fr\/conteneurs\/bennes-ampliroll\/benne-ampliroll-a-bache\/","title":{"rendered":"Benne Ampliroll \u00e0 B\u00e2che"},"content":{"rendered":"<div id='full_slider_1'  class='avia-fullwidth-slider main_color avia-shadow av-small-hide av-mini-hide  avia-builder-el-0  el_before_av_slideshow_full  avia-builder-el-first   container_wrap sidebar_right'  ><div  class='avia-slideshow av-jwkkz6bo-a3d096714b45a97059d352c4fe969d16 avia-slideshow-no scaling av_slideshow_full avia-slide-slider av-small-hide av-mini-hide av-slideshow-ui av-control-default av-slideshow-manual av-loop-once av-loop-manual-endless av-default-height-applied   avia-slideshow-1' data-slideshow-options=\"{&quot;animation&quot;:&quot;slide&quot;,&quot;autoplay&quot;:false,&quot;loop_autoplay&quot;:&quot;once&quot;,&quot;interval&quot;:5,&quot;loop_manual&quot;:&quot;manual-endless&quot;,&quot;autoplay_stopper&quot;:false,&quot;noNavigation&quot;:false,&quot;bg_slider&quot;:false,&quot;keep_padding&quot;:false,&quot;hoverpause&quot;:false,&quot;show_slide_delay&quot;:0}\"  itemprop=\"image\" itemscope=\"itemscope\" itemtype=\"https:\/\/schema.org\/ImageObject\" ><ul class='avia-slideshow-inner ' style='padding-bottom: 28.666666666667%;'><li  class='avia-slideshow-slide av-jwkkz6bo-a3d096714b45a97059d352c4fe969d16__0  av-single-slide slide-1 slide-odd'><div data-rel='slideshow-1' class='avia-slide-wrap '   ><img decoding=\"async\" fetchpriority=\"high\" class=\"wp-image-2112 avia-img-lazy-loading-not-2112\"  src=\"https:\/\/contenedoresazor.com\/wp-content\/uploads\/2019\/10\/CAJA-TOLDO-slider-SliderWeb.png\" width=\"1500\" height=\"430\" title='CAJA-TOLDO-(slider)-SliderWeb' alt=''  itemprop=\"thumbnailUrl\" srcset=\"https:\/\/contenedoresazor.com\/wp-content\/uploads\/2019\/10\/CAJA-TOLDO-slider-SliderWeb.png 1500w, https:\/\/contenedoresazor.com\/wp-content\/uploads\/2019\/10\/CAJA-TOLDO-slider-SliderWeb-300x86.png 300w, https:\/\/contenedoresazor.com\/wp-content\/uploads\/2019\/10\/CAJA-TOLDO-slider-SliderWeb-768x220.png 768w, https:\/\/contenedoresazor.com\/wp-content\/uploads\/2019\/10\/CAJA-TOLDO-slider-SliderWeb-1030x295.png 1030w, https:\/\/contenedoresazor.com\/wp-content\/uploads\/2019\/10\/CAJA-TOLDO-slider-SliderWeb-705x202.png 705w, https:\/\/contenedoresazor.com\/wp-content\/uploads\/2019\/10\/CAJA-TOLDO-slider-SliderWeb-450x129.png 450w\" sizes=\"(max-width: 1500px) 100vw, 1500px\" \/><\/div><\/li><\/ul><\/div><\/div>\n<div id='full_slider_2'  class='avia-fullwidth-slider main_color avia-shadow av-desktop-hide av-medium-hide  avia-builder-el-1  el_after_av_slideshow_full  el_before_av_section   slider-not-first container_wrap sidebar_right'  ><div  class='avia-slideshow av-jwkkz6bo-b45c9c1d7f008c70a080b3d262d8d0f9 avia-slideshow-no scaling av_slideshow_full avia-slide-slider av-desktop-hide av-medium-hide av-slideshow-ui av-control-default av-slideshow-manual av-loop-once av-loop-manual-endless av-default-height-applied   avia-slideshow-2' data-slideshow-options=\"{&quot;animation&quot;:&quot;slide&quot;,&quot;autoplay&quot;:false,&quot;loop_autoplay&quot;:&quot;once&quot;,&quot;interval&quot;:5,&quot;loop_manual&quot;:&quot;manual-endless&quot;,&quot;autoplay_stopper&quot;:false,&quot;noNavigation&quot;:false,&quot;bg_slider&quot;:false,&quot;keep_padding&quot;:false,&quot;hoverpause&quot;:false,&quot;show_slide_delay&quot;:0}\"  itemprop=\"image\" itemscope=\"itemscope\" itemtype=\"https:\/\/schema.org\/ImageObject\" ><ul class='avia-slideshow-inner ' style='padding-bottom: 83.333333333333%;'><li  class='avia-slideshow-slide av-jwkkz6bo-b45c9c1d7f008c70a080b3d262d8d0f9__0  av-single-slide slide-1 slide-odd'><div data-rel='slideshow-2' class='avia-slide-wrap '   ><img decoding=\"async\" fetchpriority=\"high\" class=\"wp-image-2115 avia-img-lazy-loading-not-2115\"  src=\"https:\/\/contenedoresazor.com\/wp-content\/uploads\/2019\/10\/CAJA-TOLDO-slider-SliderMVL.png\" width=\"600\" height=\"500\" title='CAJA-TOLDO-(slider)-SliderMVL' alt=''  itemprop=\"thumbnailUrl\" srcset=\"https:\/\/contenedoresazor.com\/wp-content\/uploads\/2019\/10\/CAJA-TOLDO-slider-SliderMVL.png 600w, https:\/\/contenedoresazor.com\/wp-content\/uploads\/2019\/10\/CAJA-TOLDO-slider-SliderMVL-300x250.png 300w, https:\/\/contenedoresazor.com\/wp-content\/uploads\/2019\/10\/CAJA-TOLDO-slider-SliderMVL-450x375.png 450w\" sizes=\"(max-width: 600px) 100vw, 600px\" \/><\/div><\/li><\/ul><\/div><\/div>\n\n<style type=\"text\/css\" data-created_by=\"avia_inline_auto\" id=\"style-css-av-jwkl03ps-a6a7718a0b038e6870bd02b5fa4c6cd0\">\n.avia-section.av-jwkl03ps-a6a7718a0b038e6870bd02b5fa4c6cd0{\nbackground-color:#0670b5;\nbackground-image:unset;\n}\n<\/style>\n<div id='av_section_1'  class='avia-section av-jwkl03ps-a6a7718a0b038e6870bd02b5fa4c6cd0 main_color avia-section-small avia-no-border-styling  avia-builder-el-2  el_after_av_slideshow_full  el_before_av_one_full  avia-bg-style-scroll container_wrap sidebar_right'  ><div class='container av-section-cont-open' ><div class='template-page content  av-content-small alpha units'><div class='post-entry post-entry-type-page post-entry-4212'><div class='entry-content-wrapper clearfix'>\n\n<style type=\"text\/css\" data-created_by=\"avia_inline_auto\" id=\"style-css-av-jwkil3kg-1cc2dd377568dd8109e867bf33790e93\">\n#top .av_textblock_section.av-jwkil3kg-1cc2dd377568dd8109e867bf33790e93 .avia_textblock{\ncolor:#ffffff;\n}\n<\/style>\n<section  class='av_textblock_section av-jwkil3kg-1cc2dd377568dd8109e867bf33790e93 '   itemscope=\"itemscope\" itemtype=\"https:\/\/schema.org\/CreativeWork\" ><div class='avia_textblock av_inherit_color'  itemprop=\"text\" ><h2 style=\"text-align: center;\">BENNE AMPLIROLL \u00c0 B\u00c2CHE<\/h2>\n<\/div><\/section>\n<\/div><\/div><\/div><!-- close content main div --><\/div><\/div><div id='after_section_1'  class='main_color av_default_container_wrap container_wrap sidebar_right'  ><div class='container av-section-cont-open' ><div class='template-page content  av-content-small alpha units'><div class='post-entry post-entry-type-page post-entry-4212'><div class='entry-content-wrapper clearfix'>\n<style type=\"text\/css\" data-created_by=\"avia_inline_auto\" id=\"style-css-av-aq9ef-5cf289230953b24052af9579f05a0ec9\">\n.flex_column.av-aq9ef-5cf289230953b24052af9579f05a0ec9{\nborder-radius:0px 0px 0px 0px;\npadding:0px 0px 0px 0px;\n}\n<\/style>\n<div  class='flex_column av-aq9ef-5cf289230953b24052af9579f05a0ec9 av_one_full  avia-builder-el-4  el_after_av_section  el_before_av_one_third  avia-builder-el-first  first flex_column_div av-zero-column-padding  '     ><section  class='av_textblock_section av-k07vatc7-ae81dc172a34a2bbef061d70dee36367 '   itemscope=\"itemscope\" itemtype=\"https:\/\/schema.org\/CreativeWork\" ><div class='avia_textblock'  itemprop=\"text\" ><p style=\"text-align: center;\">Possibilit\u00e9 d\u2019inclure une b\u00e2che sur la plupart de nos bennes. Nous disposons de diff\u00e9rents syst\u00e8mes de b\u00e2che. Option sur demande.<\/p>\n<\/div><\/section><\/div><\/p>\n\n<style type=\"text\/css\" data-created_by=\"avia_inline_auto\" id=\"style-css-av-13okjr-2f32a38d50c409e2f2e638c0e76a49e7\">\n.flex_column.av-13okjr-2f32a38d50c409e2f2e638c0e76a49e7{\nborder-radius:0px 0px 0px 0px;\npadding:0px 0px 0px 0px;\n}\n<\/style>\n<div  class='flex_column av-13okjr-2f32a38d50c409e2f2e638c0e76a49e7 av_one_third  avia-builder-el-6  el_after_av_one_full  el_before_av_one_third  first flex_column_div av-zero-column-padding  column-top-margin'     ><style type=\"text\/css\" data-created_by=\"avia_inline_auto\" id=\"style-css-av-k24ral74-0cb41ab642302be24c97ec2cf3b8925d\">\n.avia-image-container.av-k24ral74-0cb41ab642302be24c97ec2cf3b8925d img.avia_image{\nbox-shadow:none;\n}\n.avia-image-container.av-k24ral74-0cb41ab642302be24c97ec2cf3b8925d .av-image-caption-overlay-center{\ncolor:#ffffff;\n}\n<\/style>\n<div  class='avia-image-container av-k24ral74-0cb41ab642302be24c97ec2cf3b8925d av-styling- avia-align-center  avia-builder-el-7  avia-builder-el-no-sibling '   itemprop=\"image\" itemscope=\"itemscope\" itemtype=\"https:\/\/schema.org\/ImageObject\" ><div class=\"avia-image-container-inner\"><div class=\"avia-image-overlay-wrap\"><img decoding=\"async\" fetchpriority=\"high\" class='wp-image-3186 avia-img-lazy-loading-not-3186 avia_image ' src=\"https:\/\/contenedoresazor.com\/wp-content\/uploads\/2019\/09\/CajaAbierta12m3-WEBProducte.png\" alt='' title=''  height=\"500\" width=\"500\"  itemprop=\"thumbnailUrl\" srcset=\"https:\/\/contenedoresazor.com\/wp-content\/uploads\/2019\/09\/CajaAbierta12m3-WEBProducte.png 500w, https:\/\/contenedoresazor.com\/wp-content\/uploads\/2019\/09\/CajaAbierta12m3-WEBProducte-80x80.png 80w, https:\/\/contenedoresazor.com\/wp-content\/uploads\/2019\/09\/CajaAbierta12m3-WEBProducte-300x300.png 300w, https:\/\/contenedoresazor.com\/wp-content\/uploads\/2019\/09\/CajaAbierta12m3-WEBProducte-36x36.png 36w, https:\/\/contenedoresazor.com\/wp-content\/uploads\/2019\/09\/CajaAbierta12m3-WEBProducte-180x180.png 180w, https:\/\/contenedoresazor.com\/wp-content\/uploads\/2019\/09\/CajaAbierta12m3-WEBProducte-120x120.png 120w, https:\/\/contenedoresazor.com\/wp-content\/uploads\/2019\/09\/CajaAbierta12m3-WEBProducte-450x450.png 450w\" sizes=\"(max-width: 500px) 100vw, 500px\" \/><\/div><\/div><\/div><\/div>\n\n<style type=\"text\/css\" data-created_by=\"avia_inline_auto\" id=\"style-css-av-13okjr-61d647760f20486863c80d62ade0feca\">\n.flex_column.av-13okjr-61d647760f20486863c80d62ade0feca{\nborder-radius:0px 0px 0px 0px;\npadding:0px 0px 0px 0px;\n}\n<\/style>\n<div  class='flex_column av-13okjr-61d647760f20486863c80d62ade0feca av_one_third  avia-builder-el-8  el_after_av_one_third  el_before_av_one_third  flex_column_div av-zero-column-padding  column-top-margin'     ><style type=\"text\/css\" data-created_by=\"avia_inline_auto\" id=\"style-css-av-k24ral74-409c240edd0bbcca15921ba21a9ffa3e\">\n.avia-image-container.av-k24ral74-409c240edd0bbcca15921ba21a9ffa3e img.avia_image{\nbox-shadow:none;\n}\n.avia-image-container.av-k24ral74-409c240edd0bbcca15921ba21a9ffa3e .av-image-caption-overlay-center{\ncolor:#ffffff;\n}\n<\/style>\n<div  class='avia-image-container av-k24ral74-409c240edd0bbcca15921ba21a9ffa3e av-styling- avia-align-center  avia-builder-el-9  avia-builder-el-no-sibling '   itemprop=\"image\" itemscope=\"itemscope\" itemtype=\"https:\/\/schema.org\/ImageObject\" ><div class=\"avia-image-container-inner\"><div class=\"avia-image-overlay-wrap\"><img decoding=\"async\" fetchpriority=\"high\" class='wp-image-2081 avia-img-lazy-loading-not-2081 avia_image ' src=\"https:\/\/contenedoresazor.com\/wp-content\/uploads\/2019\/10\/TOLDO-ARQUILLADO-2-FonsBlau.png\" alt='' title='TOLDO-ARQUILLADO-2-FonsBlau'  height=\"500\" width=\"500\"  itemprop=\"thumbnailUrl\" srcset=\"https:\/\/contenedoresazor.com\/wp-content\/uploads\/2019\/10\/TOLDO-ARQUILLADO-2-FonsBlau.png 500w, https:\/\/contenedoresazor.com\/wp-content\/uploads\/2019\/10\/TOLDO-ARQUILLADO-2-FonsBlau-80x80.png 80w, https:\/\/contenedoresazor.com\/wp-content\/uploads\/2019\/10\/TOLDO-ARQUILLADO-2-FonsBlau-300x300.png 300w, https:\/\/contenedoresazor.com\/wp-content\/uploads\/2019\/10\/TOLDO-ARQUILLADO-2-FonsBlau-36x36.png 36w, https:\/\/contenedoresazor.com\/wp-content\/uploads\/2019\/10\/TOLDO-ARQUILLADO-2-FonsBlau-180x180.png 180w, https:\/\/contenedoresazor.com\/wp-content\/uploads\/2019\/10\/TOLDO-ARQUILLADO-2-FonsBlau-120x120.png 120w, https:\/\/contenedoresazor.com\/wp-content\/uploads\/2019\/10\/TOLDO-ARQUILLADO-2-FonsBlau-450x450.png 450w\" sizes=\"(max-width: 500px) 100vw, 500px\" \/><\/div><\/div><\/div><\/div>\n\n<style type=\"text\/css\" data-created_by=\"avia_inline_auto\" id=\"style-css-av-13okjr-61d647760f20486863c80d62ade0feca\">\n.flex_column.av-13okjr-61d647760f20486863c80d62ade0feca{\nborder-radius:0px 0px 0px 0px;\npadding:0px 0px 0px 0px;\n}\n<\/style>\n<div  class='flex_column av-13okjr-61d647760f20486863c80d62ade0feca av_one_third  avia-builder-el-10  el_after_av_one_third  el_before_av_one_third  flex_column_div av-zero-column-padding  column-top-margin'     ><style type=\"text\/css\" data-created_by=\"avia_inline_auto\" id=\"style-css-av-k24ral74-7ecde7115c254648e04695fb67ed0a89\">\n.avia-image-container.av-k24ral74-7ecde7115c254648e04695fb67ed0a89 img.avia_image{\nbox-shadow:none;\n}\n.avia-image-container.av-k24ral74-7ecde7115c254648e04695fb67ed0a89 .av-image-caption-overlay-center{\ncolor:#ffffff;\n}\n<\/style>\n<div  class='avia-image-container av-k24ral74-7ecde7115c254648e04695fb67ed0a89 av-styling- avia-align-center  avia-builder-el-11  avia-builder-el-no-sibling '   itemprop=\"image\" itemscope=\"itemscope\" itemtype=\"https:\/\/schema.org\/ImageObject\" ><div class=\"avia-image-container-inner\"><div class=\"avia-image-overlay-wrap\"><img decoding=\"async\" fetchpriority=\"high\" class='wp-image-2084 avia-img-lazy-loading-not-2084 avia_image ' src=\"https:\/\/contenedoresazor.com\/wp-content\/uploads\/2019\/10\/TOLDO-ABRE-LATAS-FonsBlau.png\" alt='' title='TOLDO-ABRE-LATAS-FonsBlau'  height=\"500\" width=\"500\"  itemprop=\"thumbnailUrl\" srcset=\"https:\/\/contenedoresazor.com\/wp-content\/uploads\/2019\/10\/TOLDO-ABRE-LATAS-FonsBlau.png 500w, https:\/\/contenedoresazor.com\/wp-content\/uploads\/2019\/10\/TOLDO-ABRE-LATAS-FonsBlau-80x80.png 80w, https:\/\/contenedoresazor.com\/wp-content\/uploads\/2019\/10\/TOLDO-ABRE-LATAS-FonsBlau-300x300.png 300w, https:\/\/contenedoresazor.com\/wp-content\/uploads\/2019\/10\/TOLDO-ABRE-LATAS-FonsBlau-36x36.png 36w, https:\/\/contenedoresazor.com\/wp-content\/uploads\/2019\/10\/TOLDO-ABRE-LATAS-FonsBlau-180x180.png 180w, https:\/\/contenedoresazor.com\/wp-content\/uploads\/2019\/10\/TOLDO-ABRE-LATAS-FonsBlau-120x120.png 120w, https:\/\/contenedoresazor.com\/wp-content\/uploads\/2019\/10\/TOLDO-ABRE-LATAS-FonsBlau-450x450.png 450w\" sizes=\"(max-width: 500px) 100vw, 500px\" \/><\/div><\/div><\/div><\/div>\n\n<style type=\"text\/css\" data-created_by=\"avia_inline_auto\" id=\"style-css-av-13okjr-2f32a38d50c409e2f2e638c0e76a49e7\">\n.flex_column.av-13okjr-2f32a38d50c409e2f2e638c0e76a49e7{\nborder-radius:0px 0px 0px 0px;\npadding:0px 0px 0px 0px;\n}\n<\/style>\n<div  class='flex_column av-13okjr-2f32a38d50c409e2f2e638c0e76a49e7 av_one_third  avia-builder-el-12  el_after_av_one_third  el_before_av_one_third  first flex_column_div av-zero-column-padding  column-top-margin'     ><style type=\"text\/css\" data-created_by=\"avia_inline_auto\" id=\"style-css-av-k24ral74-98562d5b66d38dc975224a01ab44826c\">\n.avia-image-container.av-k24ral74-98562d5b66d38dc975224a01ab44826c img.avia_image{\nbox-shadow:none;\n}\n.avia-image-container.av-k24ral74-98562d5b66d38dc975224a01ab44826c .av-image-caption-overlay-center{\ncolor:#ffffff;\n}\n<\/style>\n<div  class='avia-image-container av-k24ral74-98562d5b66d38dc975224a01ab44826c av-styling- avia-align-center  avia-builder-el-13  avia-builder-el-no-sibling '   itemprop=\"image\" itemscope=\"itemscope\" itemtype=\"https:\/\/schema.org\/ImageObject\" ><div class=\"avia-image-container-inner\"><div class=\"avia-image-overlay-wrap\"><img decoding=\"async\" fetchpriority=\"high\" class='wp-image-2087 avia-img-lazy-loading-not-2087 avia_image ' src=\"https:\/\/contenedoresazor.com\/wp-content\/uploads\/2019\/10\/TOLDO-ABRE-LATAS-2-FonsBlau.png\" alt='' title='TOLDO-ABRE-LATAS-2-FonsBlau'  height=\"500\" width=\"500\"  itemprop=\"thumbnailUrl\" srcset=\"https:\/\/contenedoresazor.com\/wp-content\/uploads\/2019\/10\/TOLDO-ABRE-LATAS-2-FonsBlau.png 500w, https:\/\/contenedoresazor.com\/wp-content\/uploads\/2019\/10\/TOLDO-ABRE-LATAS-2-FonsBlau-80x80.png 80w, https:\/\/contenedoresazor.com\/wp-content\/uploads\/2019\/10\/TOLDO-ABRE-LATAS-2-FonsBlau-300x300.png 300w, https:\/\/contenedoresazor.com\/wp-content\/uploads\/2019\/10\/TOLDO-ABRE-LATAS-2-FonsBlau-36x36.png 36w, https:\/\/contenedoresazor.com\/wp-content\/uploads\/2019\/10\/TOLDO-ABRE-LATAS-2-FonsBlau-180x180.png 180w, https:\/\/contenedoresazor.com\/wp-content\/uploads\/2019\/10\/TOLDO-ABRE-LATAS-2-FonsBlau-120x120.png 120w, https:\/\/contenedoresazor.com\/wp-content\/uploads\/2019\/10\/TOLDO-ABRE-LATAS-2-FonsBlau-450x450.png 450w\" sizes=\"(max-width: 500px) 100vw, 500px\" \/><\/div><\/div><\/div><\/div>\n\n<style type=\"text\/css\" data-created_by=\"avia_inline_auto\" id=\"style-css-av-13okjr-61d647760f20486863c80d62ade0feca\">\n.flex_column.av-13okjr-61d647760f20486863c80d62ade0feca{\nborder-radius:0px 0px 0px 0px;\npadding:0px 0px 0px 0px;\n}\n<\/style>\n<div  class='flex_column av-13okjr-61d647760f20486863c80d62ade0feca av_one_third  avia-builder-el-14  el_after_av_one_third  avia-builder-el-last  flex_column_div av-zero-column-padding  column-top-margin'     ><style type=\"text\/css\" data-created_by=\"avia_inline_auto\" id=\"style-css-av-k24ral74-808af04015f8216860f4e3bde3ce9e0e\">\n.avia-image-container.av-k24ral74-808af04015f8216860f4e3bde3ce9e0e img.avia_image{\nbox-shadow:none;\n}\n.avia-image-container.av-k24ral74-808af04015f8216860f4e3bde3ce9e0e .av-image-caption-overlay-center{\ncolor:#ffffff;\n}\n<\/style>\n<div  class='avia-image-container av-k24ral74-808af04015f8216860f4e3bde3ce9e0e av-styling- avia-align-center  avia-builder-el-15  avia-builder-el-no-sibling '   itemprop=\"image\" itemscope=\"itemscope\" itemtype=\"https:\/\/schema.org\/ImageObject\" ><div class=\"avia-image-container-inner\"><div class=\"avia-image-overlay-wrap\"><img decoding=\"async\" fetchpriority=\"high\" class='wp-image-2091 avia-img-lazy-loading-not-2091 avia_image ' src=\"https:\/\/contenedoresazor.com\/wp-content\/uploads\/2019\/10\/TOLDO-ARQUILLADO-FonsBlau.png\" alt='' title='TOLDO-ARQUILLADO-FonsBlau'  height=\"500\" width=\"500\"  itemprop=\"thumbnailUrl\" srcset=\"https:\/\/contenedoresazor.com\/wp-content\/uploads\/2019\/10\/TOLDO-ARQUILLADO-FonsBlau.png 500w, https:\/\/contenedoresazor.com\/wp-content\/uploads\/2019\/10\/TOLDO-ARQUILLADO-FonsBlau-80x80.png 80w, https:\/\/contenedoresazor.com\/wp-content\/uploads\/2019\/10\/TOLDO-ARQUILLADO-FonsBlau-300x300.png 300w, https:\/\/contenedoresazor.com\/wp-content\/uploads\/2019\/10\/TOLDO-ARQUILLADO-FonsBlau-36x36.png 36w, https:\/\/contenedoresazor.com\/wp-content\/uploads\/2019\/10\/TOLDO-ARQUILLADO-FonsBlau-180x180.png 180w, https:\/\/contenedoresazor.com\/wp-content\/uploads\/2019\/10\/TOLDO-ARQUILLADO-FonsBlau-120x120.png 120w, https:\/\/contenedoresazor.com\/wp-content\/uploads\/2019\/10\/TOLDO-ARQUILLADO-FonsBlau-450x450.png 450w\" sizes=\"(max-width: 500px) 100vw, 500px\" \/><\/div><\/div><\/div><\/div>\n","protected":false},"excerpt":{"rendered":"","protected":false},"author":2,"featured_media":0,"parent":4198,"menu_order":0,"comment_status":"closed","ping_status":"closed","template":"","meta":{"footnotes":""},"class_list":["post-4212","page","type-page","status-publish","hentry"],"yoast_head":"<!-- This site is optimized with the Yoast SEO plugin v27.6 - https:\/\/yoast.com\/product\/yoast-seo-wordpress\/ -->\n<title>Benne Ampliroll \u00e0 B\u00e2che - Contenedores Met\u00e1licos Azor<\/title>\n<meta name=\"robots\" content=\"index, follow, max-snippet:-1, max-image-preview:large, max-video-preview:-1\" \/>\n<link rel=\"canonical\" href=\"https:\/\/contenedoresazor.com\/fr\/conteneurs\/bennes-ampliroll\/benne-ampliroll-a-bache\/\" \/>\n<meta property=\"og:locale\" content=\"fr_FR\" \/>\n<meta property=\"og:type\" content=\"article\" \/>\n<meta property=\"og:title\" content=\"Benne Ampliroll \u00e0 B\u00e2che - Contenedores Met\u00e1licos Azor\" \/>\n<meta property=\"og:url\" content=\"https:\/\/contenedoresazor.com\/fr\/conteneurs\/bennes-ampliroll\/benne-ampliroll-a-bache\/\" \/>\n<meta property=\"og:site_name\" content=\"Contenedores Met\u00e1licos Azor\" \/>\n<meta property=\"article:modified_time\" content=\"2020-02-26T12:34:18+00:00\" \/>\n<meta name=\"twitter:card\" content=\"summary_large_image\" \/>\n<meta name=\"twitter:label1\" content=\"Dur\u00e9e de lecture estim\u00e9e\" \/>\n\t<meta name=\"twitter:data1\" content=\"7 minutes\" \/>\n<script type=\"application\/ld+json\" class=\"yoast-schema-graph\">{\"@context\":\"https:\\\/\\\/schema.org\",\"@graph\":[{\"@type\":\"WebPage\",\"@id\":\"https:\\\/\\\/contenedoresazor.com\\\/fr\\\/conteneurs\\\/bennes-ampliroll\\\/benne-ampliroll-a-bache\\\/\",\"url\":\"https:\\\/\\\/contenedoresazor.com\\\/fr\\\/conteneurs\\\/bennes-ampliroll\\\/benne-ampliroll-a-bache\\\/\",\"name\":\"Benne Ampliroll \u00e0 B\u00e2che - Contenedores Met\u00e1licos Azor\",\"isPartOf\":{\"@id\":\"https:\\\/\\\/contenedoresazor.com\\\/fr\\\/#website\"},\"datePublished\":\"2020-02-06T09:31:32+00:00\",\"dateModified\":\"2020-02-26T12:34:18+00:00\",\"breadcrumb\":{\"@id\":\"https:\\\/\\\/contenedoresazor.com\\\/fr\\\/conteneurs\\\/bennes-ampliroll\\\/benne-ampliroll-a-bache\\\/#breadcrumb\"},\"inLanguage\":\"fr-FR\",\"potentialAction\":[{\"@type\":\"ReadAction\",\"target\":[\"https:\\\/\\\/contenedoresazor.com\\\/fr\\\/conteneurs\\\/bennes-ampliroll\\\/benne-ampliroll-a-bache\\\/\"]}]},{\"@type\":\"BreadcrumbList\",\"@id\":\"https:\\\/\\\/contenedoresazor.com\\\/fr\\\/conteneurs\\\/bennes-ampliroll\\\/benne-ampliroll-a-bache\\\/#breadcrumb\",\"itemListElement\":[{\"@type\":\"ListItem\",\"position\":1,\"name\":\"Portada\",\"item\":\"https:\\\/\\\/contenedoresazor.com\\\/fr\\\/\"},{\"@type\":\"ListItem\",\"position\":2,\"name\":\"CONTENEURS\",\"item\":\"https:\\\/\\\/contenedoresazor.com\\\/fr\\\/conteneurs\\\/\"},{\"@type\":\"ListItem\",\"position\":3,\"name\":\"Bennes Ampliroll\",\"item\":\"https:\\\/\\\/contenedoresazor.com\\\/fr\\\/conteneurs\\\/bennes-ampliroll\\\/\"},{\"@type\":\"ListItem\",\"position\":4,\"name\":\"Benne Ampliroll \u00e0 B\u00e2che\"}]},{\"@type\":\"WebSite\",\"@id\":\"https:\\\/\\\/contenedoresazor.com\\\/fr\\\/#website\",\"url\":\"https:\\\/\\\/contenedoresazor.com\\\/fr\\\/\",\"name\":\"MySiteWeb\",\"description\":\"contenedoresazor.com\",\"potentialAction\":[{\"@type\":\"SearchAction\",\"target\":{\"@type\":\"EntryPoint\",\"urlTemplate\":\"https:\\\/\\\/contenedoresazor.com\\\/fr\\\/?s={search_term_string}\"},\"query-input\":{\"@type\":\"PropertyValueSpecification\",\"valueRequired\":true,\"valueName\":\"search_term_string\"}}],\"inLanguage\":\"fr-FR\"}]}<\/script>\n<!-- \/ Yoast SEO plugin. -->","yoast_head_json":{"title":"Benne Ampliroll \u00e0 B\u00e2che - Contenedores Met\u00e1licos Azor","robots":{"index":"index","follow":"follow","max-snippet":"max-snippet:-1","max-image-preview":"max-image-preview:large","max-video-preview":"max-video-preview:-1"},"canonical":"https:\/\/contenedoresazor.com\/fr\/conteneurs\/bennes-ampliroll\/benne-ampliroll-a-bache\/","og_locale":"fr_FR","og_type":"article","og_title":"Benne Ampliroll \u00e0 B\u00e2che - Contenedores Met\u00e1licos Azor","og_url":"https:\/\/contenedoresazor.com\/fr\/conteneurs\/bennes-ampliroll\/benne-ampliroll-a-bache\/","og_site_name":"Contenedores Met\u00e1licos Azor","article_modified_time":"2020-02-26T12:34:18+00:00","twitter_card":"summary_large_image","twitter_misc":{"Dur\u00e9e de lecture estim\u00e9e":"7 minutes"},"schema":{"@context":"https:\/\/schema.org","@graph":[{"@type":"WebPage","@id":"https:\/\/contenedoresazor.com\/fr\/conteneurs\/bennes-ampliroll\/benne-ampliroll-a-bache\/","url":"https:\/\/contenedoresazor.com\/fr\/conteneurs\/bennes-ampliroll\/benne-ampliroll-a-bache\/","name":"Benne Ampliroll \u00e0 B\u00e2che - Contenedores Met\u00e1licos Azor","isPartOf":{"@id":"https:\/\/contenedoresazor.com\/fr\/#website"},"datePublished":"2020-02-06T09:31:32+00:00","dateModified":"2020-02-26T12:34:18+00:00","breadcrumb":{"@id":"https:\/\/contenedoresazor.com\/fr\/conteneurs\/bennes-ampliroll\/benne-ampliroll-a-bache\/#breadcrumb"},"inLanguage":"fr-FR","potentialAction":[{"@type":"ReadAction","target":["https:\/\/contenedoresazor.com\/fr\/conteneurs\/bennes-ampliroll\/benne-ampliroll-a-bache\/"]}]},{"@type":"BreadcrumbList","@id":"https:\/\/contenedoresazor.com\/fr\/conteneurs\/bennes-ampliroll\/benne-ampliroll-a-bache\/#breadcrumb","itemListElement":[{"@type":"ListItem","position":1,"name":"Portada","item":"https:\/\/contenedoresazor.com\/fr\/"},{"@type":"ListItem","position":2,"name":"CONTENEURS","item":"https:\/\/contenedoresazor.com\/fr\/conteneurs\/"},{"@type":"ListItem","position":3,"name":"Bennes Ampliroll","item":"https:\/\/contenedoresazor.com\/fr\/conteneurs\/bennes-ampliroll\/"},{"@type":"ListItem","position":4,"name":"Benne Ampliroll \u00e0 B\u00e2che"}]},{"@type":"WebSite","@id":"https:\/\/contenedoresazor.com\/fr\/#website","url":"https:\/\/contenedoresazor.com\/fr\/","name":"MySiteWeb","description":"contenedoresazor.com","potentialAction":[{"@type":"SearchAction","target":{"@type":"EntryPoint","urlTemplate":"https:\/\/contenedoresazor.com\/fr\/?s={search_term_string}"},"query-input":{"@type":"PropertyValueSpecification","valueRequired":true,"valueName":"search_term_string"}}],"inLanguage":"fr-FR"}]}},"_links":{"self":[{"href":"https:\/\/contenedoresazor.com\/fr\/wp-json\/wp\/v2\/pages\/4212","targetHints":{"allow":["GET"]}}],"collection":[{"href":"https:\/\/contenedoresazor.com\/fr\/wp-json\/wp\/v2\/pages"}],"about":[{"href":"https:\/\/contenedoresazor.com\/fr\/wp-json\/wp\/v2\/types\/page"}],"author":[{"embeddable":true,"href":"https:\/\/contenedoresazor.com\/fr\/wp-json\/wp\/v2\/users\/2"}],"replies":[{"embeddable":true,"href":"https:\/\/contenedoresazor.com\/fr\/wp-json\/wp\/v2\/comments?post=4212"}],"version-history":[{"count":0,"href":"https:\/\/contenedoresazor.com\/fr\/wp-json\/wp\/v2\/pages\/4212\/revisions"}],"up":[{"embeddable":true,"href":"https:\/\/contenedoresazor.com\/fr\/wp-json\/wp\/v2\/pages\/4198"}],"wp:attachment":[{"href":"https:\/\/contenedoresazor.com\/fr\/wp-json\/wp\/v2\/media?parent=4212"}],"curies":[{"name":"wp","href":"https:\/\/api.w.org\/{rel}","templated":true}]}}