{"id":4328,"date":"2020-02-12T07:38:09","date_gmt":"2020-02-12T07:38:09","guid":{"rendered":"https:\/\/contenedoresazor.com\/conteneurs\/conteneurs-industriels\/raee\/"},"modified":"2020-04-20T15:11:21","modified_gmt":"2020-04-20T15:11:21","slug":"raee","status":"publish","type":"page","link":"https:\/\/contenedoresazor.com\/fr\/conteneurs\/conteneurs-industriels\/raee\/","title":{"rendered":"RAEE"},"content":{"rendered":"\n<style type=\"text\/css\" data-created_by=\"avia_inline_auto\" id=\"style-css-av-jwkl03ps-a6a7718a0b038e6870bd02b5fa4c6cd0\">\n.avia-section.av-jwkl03ps-a6a7718a0b038e6870bd02b5fa4c6cd0{\nbackground-color:#0670b5;\nbackground-image:unset;\n}\n<\/style>\n<div id='av_section_1'  class='avia-section av-jwkl03ps-a6a7718a0b038e6870bd02b5fa4c6cd0 main_color avia-section-small avia-no-border-styling  avia-builder-el-0  el_before_av_one_half  avia-builder-el-first  avia-bg-style-scroll container_wrap sidebar_right'  ><div class='container av-section-cont-open' ><main  role=\"main\" itemprop=\"mainContentOfPage\"  class='template-page content  av-content-small alpha units'><div class='post-entry post-entry-type-page post-entry-4328'><div class='entry-content-wrapper clearfix'>\n\n<style type=\"text\/css\" data-created_by=\"avia_inline_auto\" id=\"style-css-av-jwkil3kg-1cc2dd377568dd8109e867bf33790e93\">\n#top .av_textblock_section.av-jwkil3kg-1cc2dd377568dd8109e867bf33790e93 .avia_textblock{\ncolor:#ffffff;\n}\n<\/style>\n<section  class='av_textblock_section av-jwkil3kg-1cc2dd377568dd8109e867bf33790e93 '   itemscope=\"itemscope\" itemtype=\"https:\/\/schema.org\/CreativeWork\" ><div class='avia_textblock av_inherit_color'  itemprop=\"text\" ><h2 style=\"text-align: center;\">CONTENEURS INDUSTRIELS<\/h2>\n<\/div><\/section>\n<\/div><\/div><\/main><!-- close content main element --><\/div><\/div><div id='after_section_1'  class='main_color av_default_container_wrap container_wrap sidebar_right'  ><div class='container av-section-cont-open' ><div class='template-page content  av-content-small alpha units'><div class='post-entry post-entry-type-page post-entry-4328'><div class='entry-content-wrapper clearfix'>\n\n<style type=\"text\/css\" data-created_by=\"avia_inline_auto\" id=\"style-css-av-909dv1-831083085d2d9b1843aa4f882ea872c7\">\n.flex_column.av-909dv1-831083085d2d9b1843aa4f882ea872c7{\nborder-radius:0px 0px 0px 0px;\npadding:0px 0px 0px 0px;\n}\n<\/style>\n<div  class='flex_column av-909dv1-831083085d2d9b1843aa4f882ea872c7 av_one_half  avia-builder-el-2  el_after_av_section  el_before_av_one_half  avia-builder-el-first  first flex_column_div av-zero-column-padding  '     ><style type=\"text\/css\" data-created_by=\"avia_inline_auto\" id=\"style-css-av-jwkinr9t-176dedffac1049d7c560a40333b24ef8\">\n#top .av_textblock_section.av-jwkinr9t-176dedffac1049d7c560a40333b24ef8 .avia_textblock{\ncolor:#0670b5;\n}\n<\/style>\n<section  class='av_textblock_section av-jwkinr9t-176dedffac1049d7c560a40333b24ef8 '   itemscope=\"itemscope\" itemtype=\"https:\/\/schema.org\/CreativeWork\" ><div class='avia_textblock av_inherit_color'  itemprop=\"text\" ><h4>RAEE<\/h4>\n<\/div><\/section><br \/>\n\n<style type=\"text\/css\" data-created_by=\"avia_inline_auto\" id=\"style-css-av-jx0hmqck-359265f75a53c402b6c89f85698e3302\">\n#top .hr.av-jx0hmqck-359265f75a53c402b6c89f85698e3302{\nmargin-top:-10px;\nmargin-bottom:10px;\n}\n.hr.av-jx0hmqck-359265f75a53c402b6c89f85698e3302 .hr-inner{\nwidth:100%;\nborder-color:#0670b5;\n}\n<\/style>\n<div  class='hr av-jx0hmqck-359265f75a53c402b6c89f85698e3302 hr-custom  avia-builder-el-4  el_after_av_textblock  el_before_av_textblock  hr-center hr-icon-no'><span class='hr-inner inner-border-av-border-thin'><span class=\"hr-inner-style\"><\/span><\/span><\/div><br \/>\n\n<style type=\"text\/css\" data-created_by=\"avia_inline_auto\" id=\"style-css-av-jwkinr9t-176dedffac1049d7c560a40333b24ef8\">\n#top .av_textblock_section.av-jwkinr9t-176dedffac1049d7c560a40333b24ef8 .avia_textblock{\ncolor:#0670b5;\n}\n<\/style>\n<section  class='av_textblock_section av-jwkinr9t-176dedffac1049d7c560a40333b24ef8 '   itemscope=\"itemscope\" itemtype=\"https:\/\/schema.org\/CreativeWork\" ><div class='avia_textblock av_inherit_color'  itemprop=\"text\" ><p>Cage m\u00e9tallique de stockage d\u2019appareil \u00e9lectrique et \u00e9lectronique.<\/p>\n<\/div><\/section><br \/>\n\n<style type=\"text\/css\" data-created_by=\"avia_inline_auto\" id=\"style-css-av-jx0hdq7z-f7394b3de8e25820c99552ed0d3cfed1\">\n.avia-image-container.av-jx0hdq7z-f7394b3de8e25820c99552ed0d3cfed1 img.avia_image{\nbox-shadow:none;\n}\n.avia-image-container.av-jx0hdq7z-f7394b3de8e25820c99552ed0d3cfed1 .av-image-caption-overlay-center{\ncolor:#ffffff;\n}\n<\/style>\n<div  class='avia-image-container av-jx0hdq7z-f7394b3de8e25820c99552ed0d3cfed1 av-styling- avia-align-center  avia-builder-el-6  el_after_av_textblock  avia-builder-el-last '   itemprop=\"image\" itemscope=\"itemscope\" itemtype=\"https:\/\/schema.org\/ImageObject\" ><div class=\"avia-image-container-inner\"><div class=\"avia-image-overlay-wrap\"><img decoding=\"async\" fetchpriority=\"high\" class='wp-image-2195 avia-img-lazy-loading-not-2195 avia_image ' src=\"https:\/\/contenedoresazor.com\/wp-content\/uploads\/2019\/11\/RAEE_FonsBlau.png\" alt='' title='RAEE_FonsBlau'  height=\"500\" width=\"500\"  itemprop=\"thumbnailUrl\" srcset=\"https:\/\/contenedoresazor.com\/wp-content\/uploads\/2019\/11\/RAEE_FonsBlau.png 500w, https:\/\/contenedoresazor.com\/wp-content\/uploads\/2019\/11\/RAEE_FonsBlau-80x80.png 80w, https:\/\/contenedoresazor.com\/wp-content\/uploads\/2019\/11\/RAEE_FonsBlau-300x300.png 300w, https:\/\/contenedoresazor.com\/wp-content\/uploads\/2019\/11\/RAEE_FonsBlau-36x36.png 36w, https:\/\/contenedoresazor.com\/wp-content\/uploads\/2019\/11\/RAEE_FonsBlau-180x180.png 180w, https:\/\/contenedoresazor.com\/wp-content\/uploads\/2019\/11\/RAEE_FonsBlau-120x120.png 120w, https:\/\/contenedoresazor.com\/wp-content\/uploads\/2019\/11\/RAEE_FonsBlau-450x450.png 450w\" sizes=\"(max-width: 500px) 100vw, 500px\" \/><\/div><\/div><\/div><\/p><\/div>\n\n<style type=\"text\/css\" data-created_by=\"avia_inline_auto\" id=\"style-css-av-909dv1-2a42d371bfba9505909e433ef1866e3a\">\n.flex_column.av-909dv1-2a42d371bfba9505909e433ef1866e3a{\nborder-radius:0px 0px 0px 0px;\npadding:0px 0px 0px 0px;\n}\n<\/style>\n<div  class='flex_column av-909dv1-2a42d371bfba9505909e433ef1866e3a av_one_half  avia-builder-el-7  el_after_av_one_half  el_before_av_one_third  flex_column_div av-zero-column-padding  '     ><style type=\"text\/css\" data-created_by=\"avia_inline_auto\" id=\"style-css-av-jwkinr9t-176dedffac1049d7c560a40333b24ef8\">\n#top .av_textblock_section.av-jwkinr9t-176dedffac1049d7c560a40333b24ef8 .avia_textblock{\ncolor:#0670b5;\n}\n<\/style>\n<section  class='av_textblock_section av-jwkinr9t-176dedffac1049d7c560a40333b24ef8 '   itemscope=\"itemscope\" itemtype=\"https:\/\/schema.org\/CreativeWork\" ><div class='avia_textblock av_inherit_color'  itemprop=\"text\" ><h4>CARACT\u00c9RISTIQUES<\/h4>\n<\/div><\/section><br \/>\n\n<style type=\"text\/css\" data-created_by=\"avia_inline_auto\" id=\"style-css-av-jx0hmqck-359265f75a53c402b6c89f85698e3302\">\n#top .hr.av-jx0hmqck-359265f75a53c402b6c89f85698e3302{\nmargin-top:-10px;\nmargin-bottom:10px;\n}\n.hr.av-jx0hmqck-359265f75a53c402b6c89f85698e3302 .hr-inner{\nwidth:100%;\nborder-color:#0670b5;\n}\n<\/style>\n<div  class='hr av-jx0hmqck-359265f75a53c402b6c89f85698e3302 hr-custom  avia-builder-el-9  el_after_av_textblock  el_before_av_textblock  hr-center hr-icon-no'><span class='hr-inner inner-border-av-border-thin'><span class=\"hr-inner-style\"><\/span><\/span><\/div><br \/>\n<section  class='av_textblock_section av-jx0hlnqz-6e8db07b631e9e8a23353efef41f76a9 '   itemscope=\"itemscope\" itemtype=\"https:\/\/schema.org\/CreativeWork\" ><div class='avia_textblock'  itemprop=\"text\" ><p>Nos cages m\u00e9talliques pour RAEE sont fabriqu\u00e9es en t\u00f4le larm\u00e9e 50x50x4 et tube de 30x30x2 qui renforce toute la structure.<\/p>\n<p>Possibilit\u00e9 de roues pivotantes de \u00f8 125 mm et de fabriquer avec une porte rabattable.<\/p>\n<p>Les conteneurs sont empilables et sont fabriqu\u00e9s avec un emplacement inf\u00e9rieur pour d\u00e9placer avec chariot \u00e9l\u00e9vateur, disponible aussi en forme de croix pour pouvoir les d\u00e9placer aussi bien d\u2019un c\u00f4t\u00e9 que de l\u2019autre.<\/p>\n<p>Finition : 2 couches d\u2019appr\u00eat et peinture en Ral 5017 (Consulter pour d\u2019autres couleurs).<\/p>\n<\/div><\/section><br \/>\n\n<style type=\"text\/css\" data-created_by=\"avia_inline_auto\" id=\"style-css-av-jx0hqj3e-1e6316b393ae739e025d4b6cb79c19d9\">\n#top .hr.hr-invisible.av-jx0hqj3e-1e6316b393ae739e025d4b6cb79c19d9{\nheight:5px;\n}\n<\/style>\n<div  class='hr av-jx0hqj3e-1e6316b393ae739e025d4b6cb79c19d9 hr-invisible  avia-builder-el-11  el_after_av_textblock  el_before_av_textblock '><span class='hr-inner '><span class=\"hr-inner-style\"><\/span><\/span><\/div><br \/>\n\n<style type=\"text\/css\" data-created_by=\"avia_inline_auto\" id=\"style-css-av-jwkinr9t-176dedffac1049d7c560a40333b24ef8\">\n#top .av_textblock_section.av-jwkinr9t-176dedffac1049d7c560a40333b24ef8 .avia_textblock{\ncolor:#0670b5;\n}\n<\/style>\n<section  class='av_textblock_section av-jwkinr9t-176dedffac1049d7c560a40333b24ef8 '   itemscope=\"itemscope\" itemtype=\"https:\/\/schema.org\/CreativeWork\" ><div class='avia_textblock av_inherit_color'  itemprop=\"text\" ><h4>DIMENSIONS<\/h4>\n<\/div><\/section><br \/>\n\n<style type=\"text\/css\" data-created_by=\"avia_inline_auto\" id=\"style-css-av-jx0hmqck-359265f75a53c402b6c89f85698e3302\">\n#top .hr.av-jx0hmqck-359265f75a53c402b6c89f85698e3302{\nmargin-top:-10px;\nmargin-bottom:10px;\n}\n.hr.av-jx0hmqck-359265f75a53c402b6c89f85698e3302 .hr-inner{\nwidth:100%;\nborder-color:#0670b5;\n}\n<\/style>\n<div  class='hr av-jx0hmqck-359265f75a53c402b6c89f85698e3302 hr-custom  avia-builder-el-13  el_after_av_textblock  el_before_av_textblock  hr-center hr-icon-no'><span class='hr-inner inner-border-av-border-thin'><span class=\"hr-inner-style\"><\/span><\/span><\/div><br \/>\n<section  class='av_textblock_section av-jx0hlnqz-6e8db07b631e9e8a23353efef41f76a9 '   itemscope=\"itemscope\" itemtype=\"https:\/\/schema.org\/CreativeWork\" ><div class='avia_textblock'  itemprop=\"text\" ><p>2000x1000x1200mm\/ poids aprox.110 kg<\/p>\n<\/div><\/section><\/p><\/div>\n\n<style type=\"text\/css\" data-created_by=\"avia_inline_auto\" id=\"style-css-av-j6cz1-9b6c84cfe9242974dfad848486efc345\">\n.flex_column.av-j6cz1-9b6c84cfe9242974dfad848486efc345{\nborder-radius:0px 0px 0px 0px;\npadding:0px 0px 0px 0px;\n}\n<\/style>\n<div  class='flex_column av-j6cz1-9b6c84cfe9242974dfad848486efc345 av_one_third  avia-builder-el-15  el_after_av_one_half  el_before_av_one_third  first flex_column_div av-zero-column-padding  column-top-margin'     ><\/div>\n\n<style type=\"text\/css\" data-created_by=\"avia_inline_auto\" id=\"style-css-av-e9pel-71359e9f2674e279126d1fd57e39d4e7\">\n.flex_column.av-e9pel-71359e9f2674e279126d1fd57e39d4e7{\nborder-radius:0px 0px 0px 0px;\npadding:0px 0px 0px 0px;\n}\n<\/style>\n<div  class='flex_column av-e9pel-71359e9f2674e279126d1fd57e39d4e7 av_one_third  avia-builder-el-16  el_after_av_one_third  el_before_av_one_third  flex_column_div av-zero-column-padding  column-top-margin'     ><div  class='avia-button-wrap avia-button-center  avia-builder-el-17  avia-builder-el-no-sibling '>\n<style type=\"text\/css\" data-created_by=\"avia_inline_auto\" id=\"style-css-av-jwkl5wt2-4e9c1025e997d17b0a880500b3d50d1b\">\n#top #wrap_all .avia-button.av-jwkl5wt2-4e9c1025e997d17b0a880500b3d50d1b{\ncolor:#ffffff;\ntransition:all 0.4s ease-in-out;\n}\n#top #wrap_all .avia-button.av-jwkl5wt2-4e9c1025e997d17b0a880500b3d50d1b:hover{\ncolor:#ffffff;\ntransition:all 0.4s ease-in-out;\n}\n#top #wrap_all .avia-button.av-jwkl5wt2-4e9c1025e997d17b0a880500b3d50d1b .avia-svg-icon svg:first-child{\nfill:#ffffff;\nstroke:#ffffff;\n}\n#top #wrap_all .avia-button.av-jwkl5wt2-4e9c1025e997d17b0a880500b3d50d1b:hover .avia-svg-icon svg:first-child{\nfill:#ffffff;\nstroke:#ffffff;\n}\n<\/style>\n<a href='mailto:info@construccionesmetalicas.net' class='avia-color-theme-color avia-button avia-button-fullwidth av-jwkl5wt2-4e9c1025e997d17b0a880500b3d50d1b avia-icon_select-no avia-color-theme-color'  target=\"_blank\"  rel=\"noopener noreferrer\"  aria-label=\"DEMANDE D\u2019INFORMATION\"><span class='avia_iconbox_title' >DEMANDE D\u2019INFORMATION<\/span><span class='avia_button_background avia-button avia-button-fullwidth avia-color-theme-color'><\/span><\/a><\/div><\/div>\n<style type=\"text\/css\" data-created_by=\"avia_inline_auto\" id=\"style-css-av-8afel-b5dccf9b5926f2221c4fbcc2d41e0fb3\">\n.flex_column.av-8afel-b5dccf9b5926f2221c4fbcc2d41e0fb3{\nborder-radius:0px 0px 0px 0px;\npadding:0px 0px 0px 0px;\n}\n<\/style>\n<div  class='flex_column av-8afel-b5dccf9b5926f2221c4fbcc2d41e0fb3 av_one_third  avia-builder-el-18  el_after_av_one_third  avia-builder-el-last  flex_column_div av-zero-column-padding  column-top-margin'     ><\/div><\/p>\n","protected":false},"excerpt":{"rendered":"","protected":false},"author":2,"featured_media":0,"parent":4288,"menu_order":0,"comment_status":"closed","ping_status":"closed","template":"","meta":{"footnotes":""},"class_list":["post-4328","page","type-page","status-publish","hentry"],"yoast_head":"<!-- This site is optimized with the Yoast SEO plugin v27.4 - https:\/\/yoast.com\/product\/yoast-seo-wordpress\/ -->\n<title>RAEE - Contenedores Met\u00e1licos Azor<\/title>\n<meta name=\"robots\" content=\"index, follow, max-snippet:-1, max-image-preview:large, max-video-preview:-1\" \/>\n<link rel=\"canonical\" href=\"https:\/\/contenedoresazor.com\/fr\/conteneurs\/conteneurs-industriels\/raee\/\" \/>\n<meta property=\"og:locale\" content=\"fr_FR\" \/>\n<meta property=\"og:type\" content=\"article\" \/>\n<meta property=\"og:title\" content=\"RAEE - Contenedores Met\u00e1licos Azor\" \/>\n<meta property=\"og:url\" content=\"https:\/\/contenedoresazor.com\/fr\/conteneurs\/conteneurs-industriels\/raee\/\" \/>\n<meta property=\"og:site_name\" content=\"Contenedores Met\u00e1licos Azor\" \/>\n<meta property=\"article:modified_time\" content=\"2020-04-20T15:11:21+00:00\" \/>\n<meta name=\"twitter:card\" content=\"summary_large_image\" \/>\n<meta name=\"twitter:label1\" content=\"Dur\u00e9e de lecture estim\u00e9e\" \/>\n\t<meta name=\"twitter:data1\" content=\"6 minutes\" \/>\n<script type=\"application\/ld+json\" class=\"yoast-schema-graph\">{\"@context\":\"https:\\\/\\\/schema.org\",\"@graph\":[{\"@type\":\"WebPage\",\"@id\":\"https:\\\/\\\/contenedoresazor.com\\\/fr\\\/conteneurs\\\/conteneurs-industriels\\\/raee\\\/\",\"url\":\"https:\\\/\\\/contenedoresazor.com\\\/fr\\\/conteneurs\\\/conteneurs-industriels\\\/raee\\\/\",\"name\":\"RAEE - Contenedores Met\u00e1licos Azor\",\"isPartOf\":{\"@id\":\"https:\\\/\\\/contenedoresazor.com\\\/fr\\\/#website\"},\"datePublished\":\"2020-02-12T07:38:09+00:00\",\"dateModified\":\"2020-04-20T15:11:21+00:00\",\"breadcrumb\":{\"@id\":\"https:\\\/\\\/contenedoresazor.com\\\/fr\\\/conteneurs\\\/conteneurs-industriels\\\/raee\\\/#breadcrumb\"},\"inLanguage\":\"fr-FR\",\"potentialAction\":[{\"@type\":\"ReadAction\",\"target\":[\"https:\\\/\\\/contenedoresazor.com\\\/fr\\\/conteneurs\\\/conteneurs-industriels\\\/raee\\\/\"]}]},{\"@type\":\"BreadcrumbList\",\"@id\":\"https:\\\/\\\/contenedoresazor.com\\\/fr\\\/conteneurs\\\/conteneurs-industriels\\\/raee\\\/#breadcrumb\",\"itemListElement\":[{\"@type\":\"ListItem\",\"position\":1,\"name\":\"Portada\",\"item\":\"https:\\\/\\\/contenedoresazor.com\\\/fr\\\/\"},{\"@type\":\"ListItem\",\"position\":2,\"name\":\"CONTENEURS\",\"item\":\"https:\\\/\\\/contenedoresazor.com\\\/fr\\\/conteneurs\\\/\"},{\"@type\":\"ListItem\",\"position\":3,\"name\":\"Conteneurs Industriels\",\"item\":\"https:\\\/\\\/contenedoresazor.com\\\/fr\\\/conteneurs\\\/conteneurs-industriels\\\/\"},{\"@type\":\"ListItem\",\"position\":4,\"name\":\"RAEE\"}]},{\"@type\":\"WebSite\",\"@id\":\"https:\\\/\\\/contenedoresazor.com\\\/fr\\\/#website\",\"url\":\"https:\\\/\\\/contenedoresazor.com\\\/fr\\\/\",\"name\":\"MySiteWeb\",\"description\":\"contenedoresazor.com\",\"potentialAction\":[{\"@type\":\"SearchAction\",\"target\":{\"@type\":\"EntryPoint\",\"urlTemplate\":\"https:\\\/\\\/contenedoresazor.com\\\/fr\\\/?s={search_term_string}\"},\"query-input\":{\"@type\":\"PropertyValueSpecification\",\"valueRequired\":true,\"valueName\":\"search_term_string\"}}],\"inLanguage\":\"fr-FR\"}]}<\/script>\n<!-- \/ Yoast SEO plugin. -->","yoast_head_json":{"title":"RAEE - Contenedores Met\u00e1licos Azor","robots":{"index":"index","follow":"follow","max-snippet":"max-snippet:-1","max-image-preview":"max-image-preview:large","max-video-preview":"max-video-preview:-1"},"canonical":"https:\/\/contenedoresazor.com\/fr\/conteneurs\/conteneurs-industriels\/raee\/","og_locale":"fr_FR","og_type":"article","og_title":"RAEE - Contenedores Met\u00e1licos Azor","og_url":"https:\/\/contenedoresazor.com\/fr\/conteneurs\/conteneurs-industriels\/raee\/","og_site_name":"Contenedores Met\u00e1licos Azor","article_modified_time":"2020-04-20T15:11:21+00:00","twitter_card":"summary_large_image","twitter_misc":{"Dur\u00e9e de lecture estim\u00e9e":"6 minutes"},"schema":{"@context":"https:\/\/schema.org","@graph":[{"@type":"WebPage","@id":"https:\/\/contenedoresazor.com\/fr\/conteneurs\/conteneurs-industriels\/raee\/","url":"https:\/\/contenedoresazor.com\/fr\/conteneurs\/conteneurs-industriels\/raee\/","name":"RAEE - Contenedores Met\u00e1licos Azor","isPartOf":{"@id":"https:\/\/contenedoresazor.com\/fr\/#website"},"datePublished":"2020-02-12T07:38:09+00:00","dateModified":"2020-04-20T15:11:21+00:00","breadcrumb":{"@id":"https:\/\/contenedoresazor.com\/fr\/conteneurs\/conteneurs-industriels\/raee\/#breadcrumb"},"inLanguage":"fr-FR","potentialAction":[{"@type":"ReadAction","target":["https:\/\/contenedoresazor.com\/fr\/conteneurs\/conteneurs-industriels\/raee\/"]}]},{"@type":"BreadcrumbList","@id":"https:\/\/contenedoresazor.com\/fr\/conteneurs\/conteneurs-industriels\/raee\/#breadcrumb","itemListElement":[{"@type":"ListItem","position":1,"name":"Portada","item":"https:\/\/contenedoresazor.com\/fr\/"},{"@type":"ListItem","position":2,"name":"CONTENEURS","item":"https:\/\/contenedoresazor.com\/fr\/conteneurs\/"},{"@type":"ListItem","position":3,"name":"Conteneurs Industriels","item":"https:\/\/contenedoresazor.com\/fr\/conteneurs\/conteneurs-industriels\/"},{"@type":"ListItem","position":4,"name":"RAEE"}]},{"@type":"WebSite","@id":"https:\/\/contenedoresazor.com\/fr\/#website","url":"https:\/\/contenedoresazor.com\/fr\/","name":"MySiteWeb","description":"contenedoresazor.com","potentialAction":[{"@type":"SearchAction","target":{"@type":"EntryPoint","urlTemplate":"https:\/\/contenedoresazor.com\/fr\/?s={search_term_string}"},"query-input":{"@type":"PropertyValueSpecification","valueRequired":true,"valueName":"search_term_string"}}],"inLanguage":"fr-FR"}]}},"_links":{"self":[{"href":"https:\/\/contenedoresazor.com\/fr\/wp-json\/wp\/v2\/pages\/4328","targetHints":{"allow":["GET"]}}],"collection":[{"href":"https:\/\/contenedoresazor.com\/fr\/wp-json\/wp\/v2\/pages"}],"about":[{"href":"https:\/\/contenedoresazor.com\/fr\/wp-json\/wp\/v2\/types\/page"}],"author":[{"embeddable":true,"href":"https:\/\/contenedoresazor.com\/fr\/wp-json\/wp\/v2\/users\/2"}],"replies":[{"embeddable":true,"href":"https:\/\/contenedoresazor.com\/fr\/wp-json\/wp\/v2\/comments?post=4328"}],"version-history":[{"count":0,"href":"https:\/\/contenedoresazor.com\/fr\/wp-json\/wp\/v2\/pages\/4328\/revisions"}],"up":[{"embeddable":true,"href":"https:\/\/contenedoresazor.com\/fr\/wp-json\/wp\/v2\/pages\/4288"}],"wp:attachment":[{"href":"https:\/\/contenedoresazor.com\/fr\/wp-json\/wp\/v2\/media?parent=4328"}],"curies":[{"name":"wp","href":"https:\/\/api.w.org\/{rel}","templated":true}]}}