{"id":4337,"date":"2020-02-12T07:42:40","date_gmt":"2020-02-12T07:42:40","guid":{"rendered":"https:\/\/contenedoresazor.com\/conteneurs\/tipos-de-cierre\/"},"modified":"2020-02-18T11:31:06","modified_gmt":"2020-02-18T11:31:06","slug":"type-de-verrouillage","status":"publish","type":"page","link":"https:\/\/contenedoresazor.com\/fr\/conteneurs\/type-de-verrouillage\/","title":{"rendered":"Type de Verrouillage"},"content":{"rendered":"<div id='full_slider_1'  class='avia-fullwidth-slider main_color avia-shadow   avia-builder-el-0  el_before_av_section  avia-builder-el-first   container_wrap sidebar_right'  ><\/div>\n\n<style type=\"text\/css\" data-created_by=\"avia_inline_auto\" id=\"style-css-av-jwkl03ps-a6a7718a0b038e6870bd02b5fa4c6cd0\">\n.avia-section.av-jwkl03ps-a6a7718a0b038e6870bd02b5fa4c6cd0{\nbackground-color:#0670b5;\nbackground-image:unset;\n}\n<\/style>\n<div id='av_section_1'  class='avia-section av-jwkl03ps-a6a7718a0b038e6870bd02b5fa4c6cd0 main_color avia-section-small avia-no-border-styling  avia-builder-el-1  el_after_av_slideshow_full  el_before_av_one_full  avia-bg-style-scroll container_wrap sidebar_right'  ><div class='container av-section-cont-open' ><div class='template-page content  av-content-small alpha units'><div class='post-entry post-entry-type-page post-entry-4337'><div class='entry-content-wrapper clearfix'>\n\n<style type=\"text\/css\" data-created_by=\"avia_inline_auto\" id=\"style-css-av-jwkil3kg-1cc2dd377568dd8109e867bf33790e93\">\n#top .av_textblock_section.av-jwkil3kg-1cc2dd377568dd8109e867bf33790e93 .avia_textblock{\ncolor:#ffffff;\n}\n<\/style>\n<section  class='av_textblock_section av-jwkil3kg-1cc2dd377568dd8109e867bf33790e93 '   itemscope=\"itemscope\" itemtype=\"https:\/\/schema.org\/CreativeWork\" ><div class='avia_textblock av_inherit_color'  itemprop=\"text\" ><h2 style=\"text-align: center;\">TYPE DE VERROUILLAGE<\/h2>\n<\/div><\/section>\n<\/div><\/div><\/div><!-- close content main div --><\/div><\/div><div id='after_section_1'  class='main_color av_default_container_wrap container_wrap sidebar_right'  ><div class='container av-section-cont-open' ><div class='template-page content  av-content-small alpha units'><div class='post-entry post-entry-type-page post-entry-4337'><div class='entry-content-wrapper clearfix'>\n<style type=\"text\/css\" data-created_by=\"avia_inline_auto\" id=\"style-css-av-aq9ef-5cf289230953b24052af9579f05a0ec9\">\n.flex_column.av-aq9ef-5cf289230953b24052af9579f05a0ec9{\nborder-radius:0px 0px 0px 0px;\npadding:0px 0px 0px 0px;\n}\n<\/style>\n<div  class='flex_column av-aq9ef-5cf289230953b24052af9579f05a0ec9 av_one_full  avia-builder-el-3  el_after_av_section  el_before_av_one_third  avia-builder-el-first  first flex_column_div av-zero-column-padding  '     ><section  class='av_textblock_section av-k07vatc7-ae81dc172a34a2bbef061d70dee36367 '   itemscope=\"itemscope\" itemtype=\"https:\/\/schema.org\/CreativeWork\" ><div class='avia_textblock'  itemprop=\"text\" ><p style=\"text-align: center;\">Nous disposons de diff\u00e9rents types de verrouillage pour les portes \u00e9tanches :<br \/>\nVerrouillage \u00e0 tendeur d\u2019arrimage \u00e0 cliquet ou\/ et avec fourches de serrage.<br \/>\nVerrouillage de s\u00e9curit\u00e9 inf\u00e9rieure sur toutes les bennes \u00e0 2 vantaux. En option sur les bennes \u00e0 une feuille.<br \/>\nVerrouillage inf\u00e9rieur automatique d\u2019ouverture qui permet d\u2019ouvrir la porte directement d\u00e8s le camion.<\/p>\n<\/div><\/section><\/div>\n<style type=\"text\/css\" data-created_by=\"avia_inline_auto\" id=\"style-css-av-13okjr-2f32a38d50c409e2f2e638c0e76a49e7\">\n.flex_column.av-13okjr-2f32a38d50c409e2f2e638c0e76a49e7{\nborder-radius:0px 0px 0px 0px;\npadding:0px 0px 0px 0px;\n}\n<\/style>\n<div  class='flex_column av-13okjr-2f32a38d50c409e2f2e638c0e76a49e7 av_one_third  avia-builder-el-5  el_after_av_one_full  el_before_av_one_third  first flex_column_div av-zero-column-padding  column-top-margin'     ><p>\n<style type=\"text\/css\" data-created_by=\"avia_inline_auto\" id=\"style-css-av-k24ral74-6de051642bd68437996d80c40a1108cd\">\n.avia-image-container.av-k24ral74-6de051642bd68437996d80c40a1108cd img.avia_image{\nbox-shadow:none;\n}\n.avia-image-container.av-k24ral74-6de051642bd68437996d80c40a1108cd .av-image-caption-overlay-center{\ncolor:#ffffff;\n}\n<\/style>\n<div  class='avia-image-container av-k24ral74-6de051642bd68437996d80c40a1108cd av-styling- avia-align-center  avia-builder-el-6  el_before_av_textblock  avia-builder-el-first '   itemprop=\"image\" itemscope=\"itemscope\" itemtype=\"https:\/\/schema.org\/ImageObject\" ><div class=\"avia-image-container-inner\"><div class=\"avia-image-overlay-wrap\"><img decoding=\"async\" fetchpriority=\"high\" class='wp-image-2350 avia-img-lazy-loading-not-2350 avia_image ' src=\"https:\/\/contenedoresazor.com\/wp-content\/uploads\/2019\/11\/CIERRE-1-HOJAweb.jpg\" alt='' title='CIERRE-1-HOJAweb'  height=\"350\" width=\"500\"  itemprop=\"thumbnailUrl\" srcset=\"https:\/\/contenedoresazor.com\/wp-content\/uploads\/2019\/11\/CIERRE-1-HOJAweb.jpg 500w, https:\/\/contenedoresazor.com\/wp-content\/uploads\/2019\/11\/CIERRE-1-HOJAweb-300x210.jpg 300w, https:\/\/contenedoresazor.com\/wp-content\/uploads\/2019\/11\/CIERRE-1-HOJAweb-450x315.jpg 450w\" sizes=\"(max-width: 500px) 100vw, 500px\" \/><\/div><\/div><\/div><br \/>\n<section  class='av_textblock_section av-k24reb91-64ffe305b19064df65bb823a121d4c79 '   itemscope=\"itemscope\" itemtype=\"https:\/\/schema.org\/CreativeWork\" ><div class='avia_textblock'  itemprop=\"text\" ><p style=\"text-align: center;\">Verrouillage porte \u00e0 1 feuille.<\/p>\n<\/div><\/section><\/p><\/div>\n<style type=\"text\/css\" data-created_by=\"avia_inline_auto\" id=\"style-css-av-wdotb-a1a445c9460e8e002722410f351359fb\">\n.flex_column.av-wdotb-a1a445c9460e8e002722410f351359fb{\nborder-radius:0px 0px 0px 0px;\npadding:0px 0px 0px 0px;\n}\n<\/style>\n<div  class='flex_column av-wdotb-a1a445c9460e8e002722410f351359fb av_one_third  avia-builder-el-8  el_after_av_one_third  el_before_av_one_third  flex_column_div av-zero-column-padding  column-top-margin'     ><p>\n<style type=\"text\/css\" data-created_by=\"avia_inline_auto\" id=\"style-css-av-k24ral74-58c02fe8e12944314a7d3925939ca8c7\">\n.avia-image-container.av-k24ral74-58c02fe8e12944314a7d3925939ca8c7 img.avia_image{\nbox-shadow:none;\n}\n.avia-image-container.av-k24ral74-58c02fe8e12944314a7d3925939ca8c7 .av-image-caption-overlay-center{\ncolor:#ffffff;\n}\n<\/style>\n<div  class='avia-image-container av-k24ral74-58c02fe8e12944314a7d3925939ca8c7 av-styling- avia-align-center  avia-builder-el-9  el_before_av_textblock  avia-builder-el-first '   itemprop=\"image\" itemscope=\"itemscope\" itemtype=\"https:\/\/schema.org\/ImageObject\" ><div class=\"avia-image-container-inner\"><div class=\"avia-image-overlay-wrap\"><img decoding=\"async\" fetchpriority=\"high\" class='wp-image-2353 avia-img-lazy-loading-not-2353 avia_image ' src=\"https:\/\/contenedoresazor.com\/wp-content\/uploads\/2019\/11\/CIERRE-1-HOJA-PATERAweb.jpg\" alt='' title='CIERRE-1-HOJA-PATERAweb'  height=\"350\" width=\"500\"  itemprop=\"thumbnailUrl\" srcset=\"https:\/\/contenedoresazor.com\/wp-content\/uploads\/2019\/11\/CIERRE-1-HOJA-PATERAweb.jpg 500w, https:\/\/contenedoresazor.com\/wp-content\/uploads\/2019\/11\/CIERRE-1-HOJA-PATERAweb-300x210.jpg 300w, https:\/\/contenedoresazor.com\/wp-content\/uploads\/2019\/11\/CIERRE-1-HOJA-PATERAweb-450x315.jpg 450w\" sizes=\"(max-width: 500px) 100vw, 500px\" \/><\/div><\/div><\/div><br \/>\n<section  class='av_textblock_section av-k24reb91-64ffe305b19064df65bb823a121d4c79 '   itemscope=\"itemscope\" itemtype=\"https:\/\/schema.org\/CreativeWork\" ><div class='avia_textblock'  itemprop=\"text\" ><p style=\"text-align: center;\">Verrouillage \u00ab benne empilable \u00bb \u00e0 1 feuille.<\/p>\n<\/div><\/section><\/p><\/div>\n<style type=\"text\/css\" data-created_by=\"avia_inline_auto\" id=\"style-css-av-smz9z-9c55fd32d8ef8800d9f5c1fb388e1d11\">\n.flex_column.av-smz9z-9c55fd32d8ef8800d9f5c1fb388e1d11{\nborder-radius:0px 0px 0px 0px;\npadding:0px 0px 0px 0px;\n}\n<\/style>\n<div  class='flex_column av-smz9z-9c55fd32d8ef8800d9f5c1fb388e1d11 av_one_third  avia-builder-el-11  el_after_av_one_third  el_before_av_one_third  flex_column_div av-zero-column-padding  column-top-margin'     ><p>\n<style type=\"text\/css\" data-created_by=\"avia_inline_auto\" id=\"style-css-av-k24ral74-5b6954c5cdd5eaed035721259026f729\">\n.avia-image-container.av-k24ral74-5b6954c5cdd5eaed035721259026f729 img.avia_image{\nbox-shadow:none;\n}\n.avia-image-container.av-k24ral74-5b6954c5cdd5eaed035721259026f729 .av-image-caption-overlay-center{\ncolor:#ffffff;\n}\n<\/style>\n<div  class='avia-image-container av-k24ral74-5b6954c5cdd5eaed035721259026f729 av-styling- avia-align-center  avia-builder-el-12  el_before_av_textblock  avia-builder-el-first '   itemprop=\"image\" itemscope=\"itemscope\" itemtype=\"https:\/\/schema.org\/ImageObject\" ><div class=\"avia-image-container-inner\"><div class=\"avia-image-overlay-wrap\"><img decoding=\"async\" fetchpriority=\"high\" class='wp-image-2356 avia-img-lazy-loading-not-2356 avia_image ' src=\"https:\/\/contenedoresazor.com\/wp-content\/uploads\/2019\/11\/CIERRE-2-HOJAS-CON-CIERRE-DE-SEGURIDAD-01web.jpg\" alt='' title='CIERRE-2-HOJAS-CON-CIERRE-DE-SEGURIDAD-01web'  height=\"350\" width=\"500\"  itemprop=\"thumbnailUrl\" srcset=\"https:\/\/contenedoresazor.com\/wp-content\/uploads\/2019\/11\/CIERRE-2-HOJAS-CON-CIERRE-DE-SEGURIDAD-01web.jpg 500w, https:\/\/contenedoresazor.com\/wp-content\/uploads\/2019\/11\/CIERRE-2-HOJAS-CON-CIERRE-DE-SEGURIDAD-01web-300x210.jpg 300w, https:\/\/contenedoresazor.com\/wp-content\/uploads\/2019\/11\/CIERRE-2-HOJAS-CON-CIERRE-DE-SEGURIDAD-01web-450x315.jpg 450w\" sizes=\"(max-width: 500px) 100vw, 500px\" \/><\/div><\/div><\/div><br \/>\n<section  class='av_textblock_section av-k24reb91-64ffe305b19064df65bb823a121d4c79 '   itemscope=\"itemscope\" itemtype=\"https:\/\/schema.org\/CreativeWork\" ><div class='avia_textblock'  itemprop=\"text\" ><p style=\"text-align: center;\">Verrouillage 2 vantaux avec fermeture de s\u00e9curit\u00e9.<\/p>\n<\/div><\/section><\/p><\/div>\n<style type=\"text\/css\" data-created_by=\"avia_inline_auto\" id=\"style-css-av-laqxj-2c1eb177df06da3d19a550b692d4af94\">\n.flex_column.av-laqxj-2c1eb177df06da3d19a550b692d4af94{\nborder-radius:0px 0px 0px 0px;\npadding:0px 0px 0px 0px;\n}\n<\/style>\n<div  class='flex_column av-laqxj-2c1eb177df06da3d19a550b692d4af94 av_one_third  avia-builder-el-14  el_after_av_one_third  el_before_av_one_third  first flex_column_div av-zero-column-padding  column-top-margin'     ><p>\n<style type=\"text\/css\" data-created_by=\"avia_inline_auto\" id=\"style-css-av-k24ral74-bfd76e9195d139f498957b430dbfc756\">\n.avia-image-container.av-k24ral74-bfd76e9195d139f498957b430dbfc756 img.avia_image{\nbox-shadow:none;\n}\n.avia-image-container.av-k24ral74-bfd76e9195d139f498957b430dbfc756 .av-image-caption-overlay-center{\ncolor:#ffffff;\n}\n<\/style>\n<div  class='avia-image-container av-k24ral74-bfd76e9195d139f498957b430dbfc756 av-styling- avia-align-center  avia-builder-el-15  el_before_av_textblock  avia-builder-el-first '   itemprop=\"image\" itemscope=\"itemscope\" itemtype=\"https:\/\/schema.org\/ImageObject\" ><div class=\"avia-image-container-inner\"><div class=\"avia-image-overlay-wrap\"><img decoding=\"async\" fetchpriority=\"high\" class='wp-image-2359 avia-img-lazy-loading-not-2359 avia_image ' src=\"https:\/\/contenedoresazor.com\/wp-content\/uploads\/2019\/11\/cierre-2-hojas-con-triple-cierre-de-seguridad-01web.jpg\" alt='' title='cierre-2-hojas-con-triple-cierre-de-seguridad-01web'  height=\"350\" width=\"500\"  itemprop=\"thumbnailUrl\" srcset=\"https:\/\/contenedoresazor.com\/wp-content\/uploads\/2019\/11\/cierre-2-hojas-con-triple-cierre-de-seguridad-01web.jpg 500w, https:\/\/contenedoresazor.com\/wp-content\/uploads\/2019\/11\/cierre-2-hojas-con-triple-cierre-de-seguridad-01web-300x210.jpg 300w, https:\/\/contenedoresazor.com\/wp-content\/uploads\/2019\/11\/cierre-2-hojas-con-triple-cierre-de-seguridad-01web-450x315.jpg 450w\" sizes=\"(max-width: 500px) 100vw, 500px\" \/><\/div><\/div><\/div><br \/>\n<section  class='av_textblock_section av-k24reb91-64ffe305b19064df65bb823a121d4c79 '   itemscope=\"itemscope\" itemtype=\"https:\/\/schema.org\/CreativeWork\" ><div class='avia_textblock'  itemprop=\"text\" ><p style=\"text-align: center;\">Verrouillage 2 vantaux avec fermeture de s\u00e9curit\u00e9 triple.<\/p>\n<\/div><\/section><\/p><\/div>\n<style type=\"text\/css\" data-created_by=\"avia_inline_auto\" id=\"style-css-av-fir9z-d2aa132ccaff78e5e67b928566aa3ca5\">\n.flex_column.av-fir9z-d2aa132ccaff78e5e67b928566aa3ca5{\nborder-radius:0px 0px 0px 0px;\npadding:0px 0px 0px 0px;\n}\n<\/style>\n<div  class='flex_column av-fir9z-d2aa132ccaff78e5e67b928566aa3ca5 av_one_third  avia-builder-el-17  el_after_av_one_third  el_before_av_one_third  flex_column_div av-zero-column-padding  column-top-margin'     ><p>\n<style type=\"text\/css\" data-created_by=\"avia_inline_auto\" id=\"style-css-av-k24ral74-20bae8f58399b26271daee66789bde54\">\n.avia-image-container.av-k24ral74-20bae8f58399b26271daee66789bde54 img.avia_image{\nbox-shadow:none;\n}\n.avia-image-container.av-k24ral74-20bae8f58399b26271daee66789bde54 .av-image-caption-overlay-center{\ncolor:#ffffff;\n}\n<\/style>\n<div  class='avia-image-container av-k24ral74-20bae8f58399b26271daee66789bde54 av-styling- avia-align-center  avia-builder-el-18  el_before_av_textblock  avia-builder-el-first '   itemprop=\"image\" itemscope=\"itemscope\" itemtype=\"https:\/\/schema.org\/ImageObject\" ><div class=\"avia-image-container-inner\"><div class=\"avia-image-overlay-wrap\"><img decoding=\"async\" fetchpriority=\"high\" class='wp-image-2362 avia-img-lazy-loading-not-2362 avia_image ' src=\"https:\/\/contenedoresazor.com\/wp-content\/uploads\/2019\/11\/CIERRE-DE-CARRACA-CON-JUNTA-HERM\u00c9TICAweb.jpg\" alt='' title='CIERRE-DE-CARRACA-CON-JUNTA-HERM\u00c9TICAweb'  height=\"350\" width=\"500\"  itemprop=\"thumbnailUrl\" srcset=\"https:\/\/contenedoresazor.com\/wp-content\/uploads\/2019\/11\/CIERRE-DE-CARRACA-CON-JUNTA-HERM\u00c9TICAweb.jpg 500w, https:\/\/contenedoresazor.com\/wp-content\/uploads\/2019\/11\/CIERRE-DE-CARRACA-CON-JUNTA-HERM\u00c9TICAweb-300x210.jpg 300w, https:\/\/contenedoresazor.com\/wp-content\/uploads\/2019\/11\/CIERRE-DE-CARRACA-CON-JUNTA-HERM\u00c9TICAweb-450x315.jpg 450w\" sizes=\"(max-width: 500px) 100vw, 500px\" \/><\/div><\/div><\/div><br \/>\n<section  class='av_textblock_section av-k24reb91-64ffe305b19064df65bb823a121d4c79 '   itemscope=\"itemscope\" itemtype=\"https:\/\/schema.org\/CreativeWork\" ><div class='avia_textblock'  itemprop=\"text\" ><p style=\"text-align: center;\">Verrouillage \u00e0 tendeur d\u2019arrimage \u00e0 cliquet avec joint herm\u00e9tique.<\/p>\n<\/div><\/section><\/p><\/div>\n<style type=\"text\/css\" data-created_by=\"avia_inline_auto\" id=\"style-css-av-8cm2f-48618b2a54c92c1e41606c533530c0f8\">\n.flex_column.av-8cm2f-48618b2a54c92c1e41606c533530c0f8{\nborder-radius:0px 0px 0px 0px;\npadding:0px 0px 0px 0px;\n}\n<\/style>\n<div  class='flex_column av-8cm2f-48618b2a54c92c1e41606c533530c0f8 av_one_third  avia-builder-el-20  el_after_av_one_third  el_before_av_one_third  flex_column_div av-zero-column-padding  column-top-margin'     ><p>\n<style type=\"text\/css\" data-created_by=\"avia_inline_auto\" id=\"style-css-av-k24ral74-c48bd06f994345e9537c76b5bf3df881\">\n.avia-image-container.av-k24ral74-c48bd06f994345e9537c76b5bf3df881 img.avia_image{\nbox-shadow:none;\n}\n.avia-image-container.av-k24ral74-c48bd06f994345e9537c76b5bf3df881 .av-image-caption-overlay-center{\ncolor:#ffffff;\n}\n<\/style>\n<div  class='avia-image-container av-k24ral74-c48bd06f994345e9537c76b5bf3df881 av-styling- avia-align-center  avia-builder-el-21  el_before_av_textblock  avia-builder-el-first '   itemprop=\"image\" itemscope=\"itemscope\" itemtype=\"https:\/\/schema.org\/ImageObject\" ><div class=\"avia-image-container-inner\"><div class=\"avia-image-overlay-wrap\"><img decoding=\"async\" fetchpriority=\"high\" class='wp-image-2416 avia-img-lazy-loading-not-2416 avia_image ' src=\"https:\/\/contenedoresazor.com\/wp-content\/uploads\/2019\/11\/CIERRE-PALOMILLAS-HORQUILLA-002web.jpg\" alt='' title='CIERRE-PALOMILLAS-HORQUILLA-002web'  height=\"350\" width=\"500\"  itemprop=\"thumbnailUrl\" srcset=\"https:\/\/contenedoresazor.com\/wp-content\/uploads\/2019\/11\/CIERRE-PALOMILLAS-HORQUILLA-002web.jpg 500w, https:\/\/contenedoresazor.com\/wp-content\/uploads\/2019\/11\/CIERRE-PALOMILLAS-HORQUILLA-002web-300x210.jpg 300w, https:\/\/contenedoresazor.com\/wp-content\/uploads\/2019\/11\/CIERRE-PALOMILLAS-HORQUILLA-002web-450x315.jpg 450w\" sizes=\"(max-width: 500px) 100vw, 500px\" \/><\/div><\/div><\/div><br \/>\n<section  class='av_textblock_section av-k24reb91-64ffe305b19064df65bb823a121d4c79 '   itemscope=\"itemscope\" itemtype=\"https:\/\/schema.org\/CreativeWork\" ><div class='avia_textblock'  itemprop=\"text\" ><p style=\"text-align: center;\">Verrouillage avec 2 anneaux et fourche de serrage et un joint herm\u00e9tique.<\/p>\n<\/div><\/section><\/p><\/div>\n<style type=\"text\/css\" data-created_by=\"avia_inline_auto\" id=\"style-css-av-8cm2f-5caa7a1f06a41a0a9438cfaa2fc59e78\">\n.flex_column.av-8cm2f-5caa7a1f06a41a0a9438cfaa2fc59e78{\nborder-radius:0px 0px 0px 0px;\npadding:0px 0px 0px 0px;\n}\n<\/style>\n<div  class='flex_column av-8cm2f-5caa7a1f06a41a0a9438cfaa2fc59e78 av_one_third  avia-builder-el-23  el_after_av_one_third  avia-builder-el-last  first flex_column_div av-zero-column-padding  column-top-margin'     ><p>\n<style type=\"text\/css\" data-created_by=\"avia_inline_auto\" id=\"style-css-av-k24ral74-c07f7b8550ceeb619ad131f62b7ec5fd\">\n.avia-image-container.av-k24ral74-c07f7b8550ceeb619ad131f62b7ec5fd img.avia_image{\nbox-shadow:none;\n}\n.avia-image-container.av-k24ral74-c07f7b8550ceeb619ad131f62b7ec5fd .av-image-caption-overlay-center{\ncolor:#ffffff;\n}\n<\/style>\n<div  class='avia-image-container av-k24ral74-c07f7b8550ceeb619ad131f62b7ec5fd av-styling- avia-align-center  avia-builder-el-24  el_before_av_textblock  avia-builder-el-first '   itemprop=\"image\" itemscope=\"itemscope\" itemtype=\"https:\/\/schema.org\/ImageObject\" ><div class=\"avia-image-container-inner\"><div class=\"avia-image-overlay-wrap\"><img decoding=\"async\" fetchpriority=\"high\" class='wp-image-2368 avia-img-lazy-loading-not-2368 avia_image ' src=\"https:\/\/contenedoresazor.com\/wp-content\/uploads\/2019\/11\/CIERRE-CON-PULMON-AIRE-web.jpg\" alt='' title='CIERRE CON PULMON AIRE -web'  height=\"350\" width=\"500\"  itemprop=\"thumbnailUrl\" srcset=\"https:\/\/contenedoresazor.com\/wp-content\/uploads\/2019\/11\/CIERRE-CON-PULMON-AIRE-web.jpg 500w, https:\/\/contenedoresazor.com\/wp-content\/uploads\/2019\/11\/CIERRE-CON-PULMON-AIRE-web-300x210.jpg 300w, https:\/\/contenedoresazor.com\/wp-content\/uploads\/2019\/11\/CIERRE-CON-PULMON-AIRE-web-450x315.jpg 450w\" sizes=\"(max-width: 500px) 100vw, 500px\" \/><\/div><\/div><\/div><br \/>\n<section  class='av_textblock_section av-k24reb91-64ffe305b19064df65bb823a121d4c79 '   itemscope=\"itemscope\" itemtype=\"https:\/\/schema.org\/CreativeWork\" ><div class='avia_textblock'  itemprop=\"text\" ><p style=\"text-align: center;\">Verrouillage centralis\u00e9 d\u00e8s le camion.<\/p>\n<\/div><\/section><\/p><\/div><\/p>\n","protected":false},"excerpt":{"rendered":"","protected":false},"author":2,"featured_media":0,"parent":4184,"menu_order":0,"comment_status":"closed","ping_status":"closed","template":"","meta":{"footnotes":""},"class_list":["post-4337","page","type-page","status-publish","hentry"],"yoast_head":"<!-- This site is optimized with the Yoast SEO plugin v27.4 - https:\/\/yoast.com\/product\/yoast-seo-wordpress\/ -->\n<title>Type de Verrouillage - Contenedores Met\u00e1licos Azor<\/title>\n<meta name=\"robots\" content=\"index, follow, max-snippet:-1, max-image-preview:large, max-video-preview:-1\" \/>\n<link rel=\"canonical\" href=\"https:\/\/contenedoresazor.com\/fr\/conteneurs\/type-de-verrouillage\/\" \/>\n<meta property=\"og:locale\" content=\"fr_FR\" \/>\n<meta property=\"og:type\" content=\"article\" \/>\n<meta property=\"og:title\" content=\"Type de Verrouillage - Contenedores Met\u00e1licos Azor\" \/>\n<meta property=\"og:url\" content=\"https:\/\/contenedoresazor.com\/fr\/conteneurs\/type-de-verrouillage\/\" \/>\n<meta property=\"og:site_name\" content=\"Contenedores Met\u00e1licos Azor\" \/>\n<meta property=\"article:modified_time\" content=\"2020-02-18T11:31:06+00:00\" \/>\n<meta name=\"twitter:card\" content=\"summary_large_image\" \/>\n<meta name=\"twitter:label1\" content=\"Dur\u00e9e de lecture estim\u00e9e\" \/>\n\t<meta name=\"twitter:data1\" content=\"9 minutes\" \/>\n<script type=\"application\/ld+json\" class=\"yoast-schema-graph\">{\"@context\":\"https:\\\/\\\/schema.org\",\"@graph\":[{\"@type\":\"WebPage\",\"@id\":\"https:\\\/\\\/contenedoresazor.com\\\/fr\\\/conteneurs\\\/type-de-verrouillage\\\/\",\"url\":\"https:\\\/\\\/contenedoresazor.com\\\/fr\\\/conteneurs\\\/type-de-verrouillage\\\/\",\"name\":\"Type de Verrouillage - Contenedores Met\u00e1licos Azor\",\"isPartOf\":{\"@id\":\"https:\\\/\\\/contenedoresazor.com\\\/fr\\\/#website\"},\"datePublished\":\"2020-02-12T07:42:40+00:00\",\"dateModified\":\"2020-02-18T11:31:06+00:00\",\"breadcrumb\":{\"@id\":\"https:\\\/\\\/contenedoresazor.com\\\/fr\\\/conteneurs\\\/type-de-verrouillage\\\/#breadcrumb\"},\"inLanguage\":\"fr-FR\",\"potentialAction\":[{\"@type\":\"ReadAction\",\"target\":[\"https:\\\/\\\/contenedoresazor.com\\\/fr\\\/conteneurs\\\/type-de-verrouillage\\\/\"]}]},{\"@type\":\"BreadcrumbList\",\"@id\":\"https:\\\/\\\/contenedoresazor.com\\\/fr\\\/conteneurs\\\/type-de-verrouillage\\\/#breadcrumb\",\"itemListElement\":[{\"@type\":\"ListItem\",\"position\":1,\"name\":\"Portada\",\"item\":\"https:\\\/\\\/contenedoresazor.com\\\/fr\\\/\"},{\"@type\":\"ListItem\",\"position\":2,\"name\":\"CONTENEURS\",\"item\":\"https:\\\/\\\/contenedoresazor.com\\\/fr\\\/conteneurs\\\/\"},{\"@type\":\"ListItem\",\"position\":3,\"name\":\"Type de Verrouillage\"}]},{\"@type\":\"WebSite\",\"@id\":\"https:\\\/\\\/contenedoresazor.com\\\/fr\\\/#website\",\"url\":\"https:\\\/\\\/contenedoresazor.com\\\/fr\\\/\",\"name\":\"MySiteWeb\",\"description\":\"contenedoresazor.com\",\"potentialAction\":[{\"@type\":\"SearchAction\",\"target\":{\"@type\":\"EntryPoint\",\"urlTemplate\":\"https:\\\/\\\/contenedoresazor.com\\\/fr\\\/?s={search_term_string}\"},\"query-input\":{\"@type\":\"PropertyValueSpecification\",\"valueRequired\":true,\"valueName\":\"search_term_string\"}}],\"inLanguage\":\"fr-FR\"}]}<\/script>\n<!-- \/ Yoast SEO plugin. -->","yoast_head_json":{"title":"Type de Verrouillage - Contenedores Met\u00e1licos Azor","robots":{"index":"index","follow":"follow","max-snippet":"max-snippet:-1","max-image-preview":"max-image-preview:large","max-video-preview":"max-video-preview:-1"},"canonical":"https:\/\/contenedoresazor.com\/fr\/conteneurs\/type-de-verrouillage\/","og_locale":"fr_FR","og_type":"article","og_title":"Type de Verrouillage - Contenedores Met\u00e1licos Azor","og_url":"https:\/\/contenedoresazor.com\/fr\/conteneurs\/type-de-verrouillage\/","og_site_name":"Contenedores Met\u00e1licos Azor","article_modified_time":"2020-02-18T11:31:06+00:00","twitter_card":"summary_large_image","twitter_misc":{"Dur\u00e9e de lecture estim\u00e9e":"9 minutes"},"schema":{"@context":"https:\/\/schema.org","@graph":[{"@type":"WebPage","@id":"https:\/\/contenedoresazor.com\/fr\/conteneurs\/type-de-verrouillage\/","url":"https:\/\/contenedoresazor.com\/fr\/conteneurs\/type-de-verrouillage\/","name":"Type de Verrouillage - Contenedores Met\u00e1licos Azor","isPartOf":{"@id":"https:\/\/contenedoresazor.com\/fr\/#website"},"datePublished":"2020-02-12T07:42:40+00:00","dateModified":"2020-02-18T11:31:06+00:00","breadcrumb":{"@id":"https:\/\/contenedoresazor.com\/fr\/conteneurs\/type-de-verrouillage\/#breadcrumb"},"inLanguage":"fr-FR","potentialAction":[{"@type":"ReadAction","target":["https:\/\/contenedoresazor.com\/fr\/conteneurs\/type-de-verrouillage\/"]}]},{"@type":"BreadcrumbList","@id":"https:\/\/contenedoresazor.com\/fr\/conteneurs\/type-de-verrouillage\/#breadcrumb","itemListElement":[{"@type":"ListItem","position":1,"name":"Portada","item":"https:\/\/contenedoresazor.com\/fr\/"},{"@type":"ListItem","position":2,"name":"CONTENEURS","item":"https:\/\/contenedoresazor.com\/fr\/conteneurs\/"},{"@type":"ListItem","position":3,"name":"Type de Verrouillage"}]},{"@type":"WebSite","@id":"https:\/\/contenedoresazor.com\/fr\/#website","url":"https:\/\/contenedoresazor.com\/fr\/","name":"MySiteWeb","description":"contenedoresazor.com","potentialAction":[{"@type":"SearchAction","target":{"@type":"EntryPoint","urlTemplate":"https:\/\/contenedoresazor.com\/fr\/?s={search_term_string}"},"query-input":{"@type":"PropertyValueSpecification","valueRequired":true,"valueName":"search_term_string"}}],"inLanguage":"fr-FR"}]}},"_links":{"self":[{"href":"https:\/\/contenedoresazor.com\/fr\/wp-json\/wp\/v2\/pages\/4337","targetHints":{"allow":["GET"]}}],"collection":[{"href":"https:\/\/contenedoresazor.com\/fr\/wp-json\/wp\/v2\/pages"}],"about":[{"href":"https:\/\/contenedoresazor.com\/fr\/wp-json\/wp\/v2\/types\/page"}],"author":[{"embeddable":true,"href":"https:\/\/contenedoresazor.com\/fr\/wp-json\/wp\/v2\/users\/2"}],"replies":[{"embeddable":true,"href":"https:\/\/contenedoresazor.com\/fr\/wp-json\/wp\/v2\/comments?post=4337"}],"version-history":[{"count":0,"href":"https:\/\/contenedoresazor.com\/fr\/wp-json\/wp\/v2\/pages\/4337\/revisions"}],"up":[{"embeddable":true,"href":"https:\/\/contenedoresazor.com\/fr\/wp-json\/wp\/v2\/pages\/4184"}],"wp:attachment":[{"href":"https:\/\/contenedoresazor.com\/fr\/wp-json\/wp\/v2\/media?parent=4337"}],"curies":[{"name":"wp","href":"https:\/\/api.w.org\/{rel}","templated":true}]}}