{"id":4352,"date":"2020-02-12T07:48:15","date_gmt":"2020-02-12T07:48:15","guid":{"rendered":"https:\/\/contenedoresazor.com\/politica-de-cookies\/"},"modified":"2020-02-18T10:50:05","modified_gmt":"2020-02-18T10:50:05","slug":"politique-des-cookies","status":"publish","type":"page","link":"https:\/\/contenedoresazor.com\/fr\/politique-des-cookies\/","title":{"rendered":"Politique des cookies"},"content":{"rendered":"\n<style type=\"text\/css\" data-created_by=\"avia_inline_auto\" id=\"style-css-av-2nvr-1438f185d1431f3593536dd89c121a8b\">\n.flex_column.av-2nvr-1438f185d1431f3593536dd89c121a8b{\nborder-radius:0px 0px 0px 0px;\npadding:0px 0px 0px 0px;\n}\n<\/style>\n<div  class='flex_column av-2nvr-1438f185d1431f3593536dd89c121a8b av_one_full  avia-builder-el-0  avia-builder-el-no-sibling  first flex_column_div av-zero-column-padding  '     ><p>\n<style type=\"text\/css\" data-created_by=\"avia_inline_auto\" id=\"style-css-av-k6rrmtnh-3b938a81577b6f0804b6a6a134bbefba\">\n#top .av-special-heading.av-k6rrmtnh-3b938a81577b6f0804b6a6a134bbefba{\npadding-bottom:10px;\n}\nbody .av-special-heading.av-k6rrmtnh-3b938a81577b6f0804b6a6a134bbefba .av-special-heading-tag .heading-char{\nfont-size:25px;\n}\n.av-special-heading.av-k6rrmtnh-3b938a81577b6f0804b6a6a134bbefba .av-subheading{\nfont-size:15px;\n}\n<\/style>\n<div  class='av-special-heading av-k6rrmtnh-3b938a81577b6f0804b6a6a134bbefba av-special-heading-h3  avia-builder-el-1  el_before_av_textblock  avia-builder-el-first '><h3 class='av-special-heading-tag '  itemprop=\"headline\"  >Politique des cookies<\/h3><div class=\"special-heading-border\"><div class=\"special-heading-inner-border\"><\/div><\/div><\/div><br \/>\n<section  class='av_textblock_section av-jo015yzj-be0c7c2f07053a362b62292d5a1692b9 '   itemscope=\"itemscope\" itemtype=\"https:\/\/schema.org\/CreativeWork\" ><div class='avia_textblock'  itemprop=\"text\" ><p>Un\u00a0<em>cookie<\/em>\u00a0est un petit fichier texte plac\u00e9 sur votre terminal par les sites lorsque vous naviguez sur le web. \u00a0Son utilit\u00e9 est que le site web soit capable de se souvenir de votre visite lorsque vous naviguez \u00e0 nouveau sur le site. Les\u00a0<em>cookies<\/em>\u00a0enregistrent normalement l\u2019information technique, pr\u00e9f\u00e9rences personnelles, personnalisation des contenus, statistiques d\u2019utilisation, les liens aux r\u00e9seaux, acc\u00e8s au compte des utilisateur, etc. \u00a0Le but des <em>cookies<\/em>\u00a0est d\u2019adapter les contenus du site au profil et exigences. Sans les cookies les services offerts de n\u2019importe quel site web serait beaucoup moins effectifs.<\/p>\n<p><strong>COOKIES SP\u00c9CIFIQUE AU SITE WEB<\/strong><\/p>\n<p>Conform\u00e9ment aux directives de l\u2019Agence Espagnole de protection des donn\u00e9es, nous d\u00e9taillons l\u2019utilisation des cookies de ce site Web afin de vous informer le plus pr\u00e9cis\u00e9ment possible.<\/p>\n<p>Ce site web utilise les <strong>cookies suivants<\/strong> :<\/p>\n<ul>\n<li>Les cookies de session, pour garantir que les utilisateurs qui \u00e9crivent des commentaires sur le blog sont des humains et non des applications automatis\u00e9es. De cette fa\u00e7on, le spam est combattu.<\/li>\n<\/ul>\n<p>Ce site web utilise les <strong>cookies tiers<\/strong> :<\/p>\n<ul>\n<li>Google Analytics : Stocke les cookies pour pouvoir compiler des statistiques sur le trafic et le volume de visites sur ce site. En utilisant ce site Web, vous consentez express\u00e9ment au traitement des informations vous concernant par Google. Par cons\u00e9quent, l\u2019exercice de tout droit \u00e0 cet \u00e9gard devra \u00eatre fait en communiquant directement avec Google.<\/li>\n<li>R\u00e9seaux sociaux : Chaque r\u00e9seau social utilise ses propres cookies pour que vous puissiez cliquer sur les boutons du type J\u2019aime ou Partager.<\/li>\n<\/ul>\n<p><strong>DESACTIVATION O ELIMINATION DES COOKIES<\/strong><\/p>\n<ul>\n<li>\u00c0 tout moment, vous pouvez exercer votre droit de d\u00e9sactiver ou d\u2019\u00e9liminer les cookies de ce site. Ces actions sont effectu\u00e9es diff\u00e9remment selon le navigateur que vous utilisez. Voici un guide rapide pour les navigateurs les plus populaires.<\/li>\n<\/ul>\n<p><strong>INFORMATIONS COMPLEMMENTAIRES<\/strong><\/p>\n<ul>\n<li>Ni ce site Web ni ses repr\u00e9sentants l\u00e9gaux ne sont responsables du contenu ou de la v\u00e9racit\u00e9 des politiques de confidentialit\u00e9 que les tiers mentionn\u00e9s dans cette politique de cookie peuvent avoir.<\/li>\n<li>Les navigateurs Web sont les outils charg\u00e9s de stocker les cookies et \u00e0 partir de cet endroit, vous devez exercer votre droit de les \u00e9liminer ou de les d\u00e9sactiver. Ni ce site ni ses repr\u00e9sentants l\u00e9gaux ne peuvent garantir la manipulation correcte ou incorrecte des cookies par les navigateurs susmentionn\u00e9s.<\/li>\n<li>Dans certains cas, il est n\u00e9cessaire d\u2019installer des cookies pour que le navigateur n\u2019oublie pas sa d\u00e9cision de ne pas les accepter.<\/li>\n<li>Dans le cas des cookies de Google Analytics, cette soci\u00e9t\u00e9 stocke des cookies sur des serveurs situ\u00e9s aux \u00c9tats-Unis et s\u2019engage \u00e0 ne pas les partager avec des tiers, sauf dans les cas o\u00f9 cela est n\u00e9cessaire au fonctionnement du syst\u00e8me ou lorsque la loi l\u2019exige \u00e0 tel effet. Selon Google, il n\u2019enregistre pas votre adresse IP. Google Inc. est une soci\u00e9t\u00e9 adh\u00e9rant au Safe Harbor Agreement qui garantit que toutes les donn\u00e9es transf\u00e9r\u00e9es seront trait\u00e9es avec un niveau de protection conforme \u00e0 la r\u00e9glementation europ\u00e9enne. Vous pouvez consulter des informations d\u00e9taill\u00e9es \u00e0 cet \u00e9gard sur ce lien. Si vous souhaitez des informations sur l\u2019utilisation que Google attribue aux cookies, nous joignons cet autre lien.<\/li>\n<\/ul>\n<p>Pour toute question ou demande concernant cette politique en mati\u00e8re de cookies, n\u2019h\u00e9sitez pas \u00e0 nous contacter via la section contact.<\/p>\n<\/div><\/section><\/p><\/div>\n","protected":false},"excerpt":{"rendered":"","protected":false},"author":2,"featured_media":0,"parent":0,"menu_order":0,"comment_status":"closed","ping_status":"closed","template":"","meta":{"footnotes":""},"class_list":["post-4352","page","type-page","status-publish","hentry"],"yoast_head":"<!-- This site is optimized with the Yoast SEO plugin v27.6 - https:\/\/yoast.com\/product\/yoast-seo-wordpress\/ -->\n<title>Politique des cookies - Contenedores Met\u00e1licos Azor<\/title>\n<meta name=\"robots\" content=\"index, follow, max-snippet:-1, max-image-preview:large, max-video-preview:-1\" \/>\n<link rel=\"canonical\" href=\"https:\/\/contenedoresazor.com\/fr\/politique-des-cookies\/\" \/>\n<meta property=\"og:locale\" content=\"fr_FR\" \/>\n<meta property=\"og:type\" content=\"article\" \/>\n<meta property=\"og:title\" content=\"Politique des cookies - Contenedores Met\u00e1licos Azor\" \/>\n<meta property=\"og:url\" content=\"https:\/\/contenedoresazor.com\/fr\/politique-des-cookies\/\" \/>\n<meta property=\"og:site_name\" content=\"Contenedores Met\u00e1licos Azor\" \/>\n<meta property=\"article:modified_time\" content=\"2020-02-18T10:50:05+00:00\" \/>\n<meta name=\"twitter:card\" content=\"summary_large_image\" \/>\n<meta name=\"twitter:label1\" content=\"Dur\u00e9e de lecture estim\u00e9e\" \/>\n\t<meta name=\"twitter:data1\" content=\"4 minutes\" \/>\n<script type=\"application\/ld+json\" class=\"yoast-schema-graph\">{\"@context\":\"https:\\\/\\\/schema.org\",\"@graph\":[{\"@type\":\"WebPage\",\"@id\":\"https:\\\/\\\/contenedoresazor.com\\\/fr\\\/politique-des-cookies\\\/\",\"url\":\"https:\\\/\\\/contenedoresazor.com\\\/fr\\\/politique-des-cookies\\\/\",\"name\":\"Politique des cookies - Contenedores Met\u00e1licos Azor\",\"isPartOf\":{\"@id\":\"https:\\\/\\\/contenedoresazor.com\\\/fr\\\/#website\"},\"datePublished\":\"2020-02-12T07:48:15+00:00\",\"dateModified\":\"2020-02-18T10:50:05+00:00\",\"breadcrumb\":{\"@id\":\"https:\\\/\\\/contenedoresazor.com\\\/fr\\\/politique-des-cookies\\\/#breadcrumb\"},\"inLanguage\":\"fr-FR\",\"potentialAction\":[{\"@type\":\"ReadAction\",\"target\":[\"https:\\\/\\\/contenedoresazor.com\\\/fr\\\/politique-des-cookies\\\/\"]}]},{\"@type\":\"BreadcrumbList\",\"@id\":\"https:\\\/\\\/contenedoresazor.com\\\/fr\\\/politique-des-cookies\\\/#breadcrumb\",\"itemListElement\":[{\"@type\":\"ListItem\",\"position\":1,\"name\":\"Portada\",\"item\":\"https:\\\/\\\/contenedoresazor.com\\\/fr\\\/\"},{\"@type\":\"ListItem\",\"position\":2,\"name\":\"Politique des cookies\"}]},{\"@type\":\"WebSite\",\"@id\":\"https:\\\/\\\/contenedoresazor.com\\\/fr\\\/#website\",\"url\":\"https:\\\/\\\/contenedoresazor.com\\\/fr\\\/\",\"name\":\"MySiteWeb\",\"description\":\"contenedoresazor.com\",\"potentialAction\":[{\"@type\":\"SearchAction\",\"target\":{\"@type\":\"EntryPoint\",\"urlTemplate\":\"https:\\\/\\\/contenedoresazor.com\\\/fr\\\/?s={search_term_string}\"},\"query-input\":{\"@type\":\"PropertyValueSpecification\",\"valueRequired\":true,\"valueName\":\"search_term_string\"}}],\"inLanguage\":\"fr-FR\"}]}<\/script>\n<!-- \/ Yoast SEO plugin. -->","yoast_head_json":{"title":"Politique des cookies - Contenedores Met\u00e1licos Azor","robots":{"index":"index","follow":"follow","max-snippet":"max-snippet:-1","max-image-preview":"max-image-preview:large","max-video-preview":"max-video-preview:-1"},"canonical":"https:\/\/contenedoresazor.com\/fr\/politique-des-cookies\/","og_locale":"fr_FR","og_type":"article","og_title":"Politique des cookies - Contenedores Met\u00e1licos Azor","og_url":"https:\/\/contenedoresazor.com\/fr\/politique-des-cookies\/","og_site_name":"Contenedores Met\u00e1licos Azor","article_modified_time":"2020-02-18T10:50:05+00:00","twitter_card":"summary_large_image","twitter_misc":{"Dur\u00e9e de lecture estim\u00e9e":"4 minutes"},"schema":{"@context":"https:\/\/schema.org","@graph":[{"@type":"WebPage","@id":"https:\/\/contenedoresazor.com\/fr\/politique-des-cookies\/","url":"https:\/\/contenedoresazor.com\/fr\/politique-des-cookies\/","name":"Politique des cookies - Contenedores Met\u00e1licos Azor","isPartOf":{"@id":"https:\/\/contenedoresazor.com\/fr\/#website"},"datePublished":"2020-02-12T07:48:15+00:00","dateModified":"2020-02-18T10:50:05+00:00","breadcrumb":{"@id":"https:\/\/contenedoresazor.com\/fr\/politique-des-cookies\/#breadcrumb"},"inLanguage":"fr-FR","potentialAction":[{"@type":"ReadAction","target":["https:\/\/contenedoresazor.com\/fr\/politique-des-cookies\/"]}]},{"@type":"BreadcrumbList","@id":"https:\/\/contenedoresazor.com\/fr\/politique-des-cookies\/#breadcrumb","itemListElement":[{"@type":"ListItem","position":1,"name":"Portada","item":"https:\/\/contenedoresazor.com\/fr\/"},{"@type":"ListItem","position":2,"name":"Politique des cookies"}]},{"@type":"WebSite","@id":"https:\/\/contenedoresazor.com\/fr\/#website","url":"https:\/\/contenedoresazor.com\/fr\/","name":"MySiteWeb","description":"contenedoresazor.com","potentialAction":[{"@type":"SearchAction","target":{"@type":"EntryPoint","urlTemplate":"https:\/\/contenedoresazor.com\/fr\/?s={search_term_string}"},"query-input":{"@type":"PropertyValueSpecification","valueRequired":true,"valueName":"search_term_string"}}],"inLanguage":"fr-FR"}]}},"_links":{"self":[{"href":"https:\/\/contenedoresazor.com\/fr\/wp-json\/wp\/v2\/pages\/4352","targetHints":{"allow":["GET"]}}],"collection":[{"href":"https:\/\/contenedoresazor.com\/fr\/wp-json\/wp\/v2\/pages"}],"about":[{"href":"https:\/\/contenedoresazor.com\/fr\/wp-json\/wp\/v2\/types\/page"}],"author":[{"embeddable":true,"href":"https:\/\/contenedoresazor.com\/fr\/wp-json\/wp\/v2\/users\/2"}],"replies":[{"embeddable":true,"href":"https:\/\/contenedoresazor.com\/fr\/wp-json\/wp\/v2\/comments?post=4352"}],"version-history":[{"count":0,"href":"https:\/\/contenedoresazor.com\/fr\/wp-json\/wp\/v2\/pages\/4352\/revisions"}],"wp:attachment":[{"href":"https:\/\/contenedoresazor.com\/fr\/wp-json\/wp\/v2\/media?parent=4352"}],"curies":[{"name":"wp","href":"https:\/\/api.w.org\/{rel}","templated":true}]}}