{"id":4356,"date":"2020-02-12T07:49:25","date_gmt":"2020-02-12T07:49:25","guid":{"rendered":"https:\/\/contenedoresazor.com\/aviso-legal\/"},"modified":"2020-02-18T10:33:25","modified_gmt":"2020-02-18T10:33:25","slug":"mentions-legales","status":"publish","type":"page","link":"https:\/\/contenedoresazor.com\/fr\/mentions-legales\/","title":{"rendered":"Mentions l\u00e9gales"},"content":{"rendered":"\n<style type=\"text\/css\" data-created_by=\"avia_inline_auto\" id=\"style-css-av-vg6q-30e2ede1174ee85e5837fb3fa8d283ec\">\n.flex_column.av-vg6q-30e2ede1174ee85e5837fb3fa8d283ec{\nborder-radius:0px 0px 0px 0px;\npadding:0px 0px 0px 0px;\n}\n<\/style>\n<div  class='flex_column av-vg6q-30e2ede1174ee85e5837fb3fa8d283ec av_one_full  avia-builder-el-0  avia-builder-el-no-sibling  first flex_column_div av-zero-column-padding  '     ><p>\n<style type=\"text\/css\" data-created_by=\"avia_inline_auto\" id=\"style-css-av-k6rr0su3-1d506701198447f8154be3aabbd2de16\">\n#top .av-special-heading.av-k6rr0su3-1d506701198447f8154be3aabbd2de16{\npadding-bottom:10px;\n}\nbody .av-special-heading.av-k6rr0su3-1d506701198447f8154be3aabbd2de16 .av-special-heading-tag .heading-char{\nfont-size:25px;\n}\n.av-special-heading.av-k6rr0su3-1d506701198447f8154be3aabbd2de16 .av-subheading{\nfont-size:15px;\n}\n<\/style>\n<div  class='av-special-heading av-k6rr0su3-1d506701198447f8154be3aabbd2de16 av-special-heading-h3  avia-builder-el-1  el_before_av_textblock  avia-builder-el-first '><h3 class='av-special-heading-tag '  itemprop=\"headline\"  >Mentions l\u00e9gales<\/h3><div class=\"special-heading-border\"><div class=\"special-heading-inner-border\"><\/div><\/div><\/div><br \/>\n<section  class='av_textblock_section av-jo00tzzo-a91a6d500c15df802956ce22a428082b '   itemscope=\"itemscope\" itemtype=\"https:\/\/schema.org\/CreativeWork\" ><div class='avia_textblock'  itemprop=\"text\" ><p>Au sens de l\u2019article 10 de la Loi 34\/2002, du 11 juillet, Loi relative aux services de la soci\u00e9t\u00e9 de l&rsquo;information et au commerce \u00e9lectronique.\u00a0 Informe l\u2019utilisateur que le titulaire du website est CONTENEDORES MET\u00c1LICOS AZOR, S.L., si\u00e8ge social \u00a0Les Franqueses del Vall\u00e8s (08520), C\/ Francia 32-34-36 \u2013 P.l. Pla de Llerona, avec num\u00e9ro TVA\u00a0:ES- B60262409, site web\u00a0: <em>www.contenedoresazor.com<\/em>\u00a0et adresse \u00e9lectronique:\u00a0<em>info@construccionesmetalicas.net<\/em><\/p>\n<p>Ce Site et l&rsquo;ensemble des \u00e9l\u00e9ments le composant tels que notamment les noms de domaine, les marques, la structure g\u00e9n\u00e9rale, les textes, graphiques, images, les bases de donn\u00e9es, l&rsquo;arborescence du Site et sa navigation, les logos, la charte graphique, les sons, les photographies et l&rsquo;iconographie, ainsi que tous autres \u00e9l\u00e9ments graphiques, sonores ou autres, reproduits sur le Site ou inclus en son sein, sont la propri\u00e9t\u00e9 exclusive de la soci\u00e9t\u00e9 CONTENEDORES MET\u00c1LICOS AZOR, S.L, ind\u00e9pendamment de leur protection \u00e9ventuelle, en l&rsquo;\u00e9tat actuel de la l\u00e9gislation, par un droit d&rsquo;auteur ou de toute autre mani\u00e8re, \u00e0 l&rsquo;exclusion des \u00e9l\u00e9ments \u00e9manant des partenaires de la soci\u00e9t\u00e9\u00a0 CONTENEDORES MET\u00c1LICOS AZOR, S.L.<\/p>\n<p><strong><u>PROPRI\u00c9T\u00c9 INTELLECTUELLE<\/u><\/strong><\/p>\n<p>De m\u00eame, le site web\/website repr\u00e9sente toutes les cr\u00e9ations incorpor\u00e9es par n\u2019importe quel moyens ou support tangible ou intangibles, connu ou \u00e0 savoir, qui soit objet de protection en conformit\u00e9 avec la r\u00e9glementation en vigueur en mati\u00e8re de propri\u00e9t\u00e9 intellectuelle et industrielle.<\/p>\n<p>Les donn\u00e9es incluses dans ces bases de donn\u00e9es sont mises \u00e0 la disposition du public qu\u2019\u00e0 des fins de pure consultation, impression, t\u00e9l\u00e9chargement ou stockage temporelle, aussi bien dans sa totalit\u00e9 ou de fa\u00e7on partielle des contenus et des \u00e9l\u00e9ments inclus dans le site web\/ website \u00a0ou des pages qui le conforment exclusivement pour une utilisation personnelle et non lucrative pour l\u2019utilisateur. Toute violation des stipulations qui pr\u00e9c\u00e8dent constitue une violation des droits reconnus par la loi au producteur de base de donn\u00e9es et, par suite, est susceptible d\u2019engager les responsabilit\u00e9s civile et p\u00e9nale de leur auteur, \u00e0 moins que la soci\u00e9t\u00e9\u00a0 CONTENEDORES MET\u00c1LICOS AZOR, S.L \u00a0Web\/accorde d\u2019autre dispositions avec son utilisateur.<\/p>\n<p>Les conditions pr\u00e9c\u00e9dentes d\u2019acc\u00e8s au site Web\/ website, n\u2019accordent aucun autre droit d\u2019utilisation, alt\u00e9ration, exploitation, reproduction, distribution ou communication publique du site Web\/ website et\/ou des contenus autre que ce qui sont express\u00e9ment fournis.\u00a0 Toute autre usage ou exploitation sera soumis \u00e0 l\u2019accord pr\u00e9alable et \u00e9crit de la soci\u00e9t\u00e9 de CONTENEDORES MET\u00c1LICOS AZOR, S.L<\/p>\n<p><strong><u>RESPONSABILIT\u00c9<\/u><\/strong><\/p>\n<ul>\n<li>Tout internaute utilise le site web\/ website sous son enti\u00e8re responsabilit\u00e9.<\/li>\n<li>L\u2019acc\u00e8s et la navigation sur le site web implique que l\u2019internaute accepte et connait les mentions l\u00e9gales et conditions d\u2019utilisation des contenus.<\/li>\n<li>CONTENEDORES MET\u00c1LICOS AZOR, S.L., n\u2019assume aucune responsabilit\u00e9 des anomalies qui puissent se produire entre les documents imprim\u00e9s et la version \u00e9lectronique publi\u00e9e sur le site web. En cas d\u2019anomalies entre la version web et celle imprim\u00e9e, la derni\u00e8re version sera la valable.<\/li>\n<\/ul>\n<p><strong><u>SECURIT\u00c9<\/u><\/strong><\/p>\n<ul>\n<li>CONTENEDORES MET\u00c1LICOS AZOR, S.L., ne peut garantir que l\u2019acc\u00e8s au site web soit interrompu ou soit libre d\u2019anomalie. De m\u00eame, ne peut garantir ou certifi\u00e9 que le contenu ou software auquel vous acc\u00e9dez \u00e0 travers le site web soit libre d\u2019anomalie ou puisse entrainer des dommages.<\/li>\n<\/ul>\n<p>En aucun cas CONTENEDORES MET\u00c1LICOS AZOR, S.L. sera responsable des pertes, dommages ou pr\u00e9judice de toute nature provoqu\u00e9e lors de l\u2019acc\u00e8s et utilisation du site web, sur vos syst\u00e8mes informatiques ou par rapport au virus.,<\/p>\n<p>CONTENEDORES MET\u00c1LICOS AZOR, S.L., ne sera pas responsable des dommages entrain\u00e9s aux utilisateurs pour une mauvaise utilisation du site web.<\/p>\n<\/div><\/section><\/p><\/div>\n","protected":false},"excerpt":{"rendered":"","protected":false},"author":1,"featured_media":0,"parent":0,"menu_order":10,"comment_status":"closed","ping_status":"closed","template":"","meta":{"footnotes":""},"class_list":["post-4356","page","type-page","status-publish","hentry"],"yoast_head":"<!-- This site is optimized with the Yoast SEO plugin v27.6 - https:\/\/yoast.com\/product\/yoast-seo-wordpress\/ -->\n<title>Mentions l\u00e9gales - Contenedores Met\u00e1licos Azor<\/title>\n<meta name=\"robots\" content=\"index, follow, max-snippet:-1, max-image-preview:large, max-video-preview:-1\" \/>\n<link rel=\"canonical\" href=\"https:\/\/contenedoresazor.com\/fr\/mentions-legales\/\" \/>\n<meta property=\"og:locale\" content=\"fr_FR\" \/>\n<meta property=\"og:type\" content=\"article\" \/>\n<meta property=\"og:title\" content=\"Mentions l\u00e9gales - Contenedores Met\u00e1licos Azor\" \/>\n<meta property=\"og:url\" content=\"https:\/\/contenedoresazor.com\/fr\/mentions-legales\/\" \/>\n<meta property=\"og:site_name\" content=\"Contenedores Met\u00e1licos Azor\" \/>\n<meta property=\"article:modified_time\" content=\"2020-02-18T10:33:25+00:00\" \/>\n<meta name=\"twitter:card\" content=\"summary_large_image\" \/>\n<meta name=\"twitter:label1\" content=\"Dur\u00e9e de lecture estim\u00e9e\" \/>\n\t<meta name=\"twitter:data1\" content=\"4 minutes\" \/>\n<script type=\"application\/ld+json\" class=\"yoast-schema-graph\">{\"@context\":\"https:\\\/\\\/schema.org\",\"@graph\":[{\"@type\":\"WebPage\",\"@id\":\"https:\\\/\\\/contenedoresazor.com\\\/fr\\\/mentions-legales\\\/\",\"url\":\"https:\\\/\\\/contenedoresazor.com\\\/fr\\\/mentions-legales\\\/\",\"name\":\"Mentions l\u00e9gales - Contenedores Met\u00e1licos Azor\",\"isPartOf\":{\"@id\":\"https:\\\/\\\/contenedoresazor.com\\\/fr\\\/#website\"},\"datePublished\":\"2020-02-12T07:49:25+00:00\",\"dateModified\":\"2020-02-18T10:33:25+00:00\",\"breadcrumb\":{\"@id\":\"https:\\\/\\\/contenedoresazor.com\\\/fr\\\/mentions-legales\\\/#breadcrumb\"},\"inLanguage\":\"fr-FR\",\"potentialAction\":[{\"@type\":\"ReadAction\",\"target\":[\"https:\\\/\\\/contenedoresazor.com\\\/fr\\\/mentions-legales\\\/\"]}]},{\"@type\":\"BreadcrumbList\",\"@id\":\"https:\\\/\\\/contenedoresazor.com\\\/fr\\\/mentions-legales\\\/#breadcrumb\",\"itemListElement\":[{\"@type\":\"ListItem\",\"position\":1,\"name\":\"Portada\",\"item\":\"https:\\\/\\\/contenedoresazor.com\\\/fr\\\/\"},{\"@type\":\"ListItem\",\"position\":2,\"name\":\"Mentions l\u00e9gales\"}]},{\"@type\":\"WebSite\",\"@id\":\"https:\\\/\\\/contenedoresazor.com\\\/fr\\\/#website\",\"url\":\"https:\\\/\\\/contenedoresazor.com\\\/fr\\\/\",\"name\":\"MySiteWeb\",\"description\":\"contenedoresazor.com\",\"potentialAction\":[{\"@type\":\"SearchAction\",\"target\":{\"@type\":\"EntryPoint\",\"urlTemplate\":\"https:\\\/\\\/contenedoresazor.com\\\/fr\\\/?s={search_term_string}\"},\"query-input\":{\"@type\":\"PropertyValueSpecification\",\"valueRequired\":true,\"valueName\":\"search_term_string\"}}],\"inLanguage\":\"fr-FR\"}]}<\/script>\n<!-- \/ Yoast SEO plugin. -->","yoast_head_json":{"title":"Mentions l\u00e9gales - Contenedores Met\u00e1licos Azor","robots":{"index":"index","follow":"follow","max-snippet":"max-snippet:-1","max-image-preview":"max-image-preview:large","max-video-preview":"max-video-preview:-1"},"canonical":"https:\/\/contenedoresazor.com\/fr\/mentions-legales\/","og_locale":"fr_FR","og_type":"article","og_title":"Mentions l\u00e9gales - Contenedores Met\u00e1licos Azor","og_url":"https:\/\/contenedoresazor.com\/fr\/mentions-legales\/","og_site_name":"Contenedores Met\u00e1licos Azor","article_modified_time":"2020-02-18T10:33:25+00:00","twitter_card":"summary_large_image","twitter_misc":{"Dur\u00e9e de lecture estim\u00e9e":"4 minutes"},"schema":{"@context":"https:\/\/schema.org","@graph":[{"@type":"WebPage","@id":"https:\/\/contenedoresazor.com\/fr\/mentions-legales\/","url":"https:\/\/contenedoresazor.com\/fr\/mentions-legales\/","name":"Mentions l\u00e9gales - Contenedores Met\u00e1licos Azor","isPartOf":{"@id":"https:\/\/contenedoresazor.com\/fr\/#website"},"datePublished":"2020-02-12T07:49:25+00:00","dateModified":"2020-02-18T10:33:25+00:00","breadcrumb":{"@id":"https:\/\/contenedoresazor.com\/fr\/mentions-legales\/#breadcrumb"},"inLanguage":"fr-FR","potentialAction":[{"@type":"ReadAction","target":["https:\/\/contenedoresazor.com\/fr\/mentions-legales\/"]}]},{"@type":"BreadcrumbList","@id":"https:\/\/contenedoresazor.com\/fr\/mentions-legales\/#breadcrumb","itemListElement":[{"@type":"ListItem","position":1,"name":"Portada","item":"https:\/\/contenedoresazor.com\/fr\/"},{"@type":"ListItem","position":2,"name":"Mentions l\u00e9gales"}]},{"@type":"WebSite","@id":"https:\/\/contenedoresazor.com\/fr\/#website","url":"https:\/\/contenedoresazor.com\/fr\/","name":"MySiteWeb","description":"contenedoresazor.com","potentialAction":[{"@type":"SearchAction","target":{"@type":"EntryPoint","urlTemplate":"https:\/\/contenedoresazor.com\/fr\/?s={search_term_string}"},"query-input":{"@type":"PropertyValueSpecification","valueRequired":true,"valueName":"search_term_string"}}],"inLanguage":"fr-FR"}]}},"_links":{"self":[{"href":"https:\/\/contenedoresazor.com\/fr\/wp-json\/wp\/v2\/pages\/4356","targetHints":{"allow":["GET"]}}],"collection":[{"href":"https:\/\/contenedoresazor.com\/fr\/wp-json\/wp\/v2\/pages"}],"about":[{"href":"https:\/\/contenedoresazor.com\/fr\/wp-json\/wp\/v2\/types\/page"}],"author":[{"embeddable":true,"href":"https:\/\/contenedoresazor.com\/fr\/wp-json\/wp\/v2\/users\/1"}],"replies":[{"embeddable":true,"href":"https:\/\/contenedoresazor.com\/fr\/wp-json\/wp\/v2\/comments?post=4356"}],"version-history":[{"count":0,"href":"https:\/\/contenedoresazor.com\/fr\/wp-json\/wp\/v2\/pages\/4356\/revisions"}],"wp:attachment":[{"href":"https:\/\/contenedoresazor.com\/fr\/wp-json\/wp\/v2\/media?parent=4356"}],"curies":[{"name":"wp","href":"https:\/\/api.w.org\/{rel}","templated":true}]}}