{"id":4358,"date":"2020-02-12T07:49:43","date_gmt":"2020-02-12T07:49:43","guid":{"rendered":"https:\/\/contenedoresazor.com\/politica-de-privacidad\/"},"modified":"2020-02-18T10:34:52","modified_gmt":"2020-02-18T10:34:52","slug":"politique-de-confidentialite","status":"publish","type":"page","link":"https:\/\/contenedoresazor.com\/fr\/politique-de-confidentialite\/","title":{"rendered":"Politique de confidentialit\u00e9"},"content":{"rendered":"\n<style type=\"text\/css\" data-created_by=\"avia_inline_auto\" id=\"style-css-av-2nvr-1438f185d1431f3593536dd89c121a8b\">\n.flex_column.av-2nvr-1438f185d1431f3593536dd89c121a8b{\nborder-radius:0px 0px 0px 0px;\npadding:0px 0px 0px 0px;\n}\n<\/style>\n<div  class='flex_column av-2nvr-1438f185d1431f3593536dd89c121a8b av_one_full  avia-builder-el-0  el_before_av_textblock  avia-builder-el-first  first flex_column_div av-zero-column-padding  '     ><p>\n<style type=\"text\/css\" data-created_by=\"avia_inline_auto\" id=\"style-css-av-k6rr38ls-8f966f9b4555b42730aef225e6a08a35\">\n#top .av-special-heading.av-k6rr38ls-8f966f9b4555b42730aef225e6a08a35{\npadding-bottom:10px;\n}\nbody .av-special-heading.av-k6rr38ls-8f966f9b4555b42730aef225e6a08a35 .av-special-heading-tag .heading-char{\nfont-size:25px;\n}\n.av-special-heading.av-k6rr38ls-8f966f9b4555b42730aef225e6a08a35 .av-subheading{\nfont-size:15px;\n}\n<\/style>\n<div  class='av-special-heading av-k6rr38ls-8f966f9b4555b42730aef225e6a08a35 av-special-heading-h3  avia-builder-el-1  el_before_av_textblock  avia-builder-el-first '><h3 class='av-special-heading-tag '  itemprop=\"headline\"  >Politique de confidentialit\u00e9<\/h3><div class=\"special-heading-border\"><div class=\"special-heading-inner-border\"><\/div><\/div><\/div><br \/>\n<section  class='av_textblock_section av-jo015yzj-be0c7c2f07053a362b62292d5a1692b9 '   itemscope=\"itemscope\" itemtype=\"https:\/\/schema.org\/CreativeWork\" ><div class='avia_textblock'  itemprop=\"text\" ><p>CONTENEDORES MET\u00c1LICOS AZOR, S.L., se regie par la loi 2016\/679, du Parlement Europeen et du Conseil du 27 avril 2016, responsable du site web:\u00a0<em>www.contenedoresazor.com<\/em>.\u00a0 Informe \u00e0 tous les utilisateurs du site que<\/p>\n<p>Les informations recueillies sur ce formulaire sont enregistr\u00e9es dans un fichier informatis\u00e9, par l\u2019entreprise, pour communiquer les informations li\u00e9es \u00e0 l\u2019entreprise et aux services propos\u00e9s selon l\u2019article 30 du R\u00e8glement G\u00e9n\u00e9ral sur la Protection des Donn\u00e9es. (RGPD). Ainsi que nos offres commerciales selon vos demandes afin d\u2019offrir un service personnalis\u00e9 et performant nous vous invitons \u00e0 nous indiquer\u00a0: Nom, pr\u00e9nom, soci\u00e9t\u00e9, personne de contacte, email et num\u00e9ro de t\u00e9l\u00e9phone.<\/p>\n<p>Le titulaire est CONTENEDORES MET\u00c1LICOS AZOR, S.L. Les donn\u00e9es d\u2019identifications et de registre se trouvent en d\u00e9but des mentions l\u00e9gales.<\/p>\n<p>L\u2019utilisateur transmet son information volontairement, la non-communication des donn\u00e9es, a comme unique cons\u00e9quence, la non r\u00e9ception de devis ou offre et l\u2019acc\u00e8s \u00e0 certaines informations du site web.<\/p>\n<p>En cochant la case de consentement obligatoire avant soumissions de chaque formulaire de ce site, vous autorisez explicitement le stockage et le traitement de vos donn\u00e9es \u00e0 CONTENEDORES MET\u00c1LICOS AZOR, S.L. dans le but suivant :<\/p>\n<ul>\n<li>Information : des produits et service de la marque Azor<\/li>\n<li>Possibilit\u00e9 de recevoir des fiches techniques.<\/li>\n<li>Information des nouveaut\u00e9s<\/li>\n<\/ul>\n<p>CONTENEDORES MET\u00c1LICOS AZOR, S.L. pourra conserver les donn\u00e9es, apr\u00e8s une relation commerciale avec l\u2019utilisateur pour des raisons d\u2019obligations l\u00e9gales.<\/p>\n<p>CONTENEDORES MET\u00c1LICOS AZOR, S.L. est autoris\u00e9 explicitement par l\u2019internaute du stockage et traitement de ses donn\u00e9es dans le but de faire connaitre ses services ou informations demand\u00e9es.<\/p>\n<p>CONTENEDORES MET\u00c1LICOS AZOR, S.L. en tant que responsable du traitement des informations personnelles, est li\u00e9e au devoir de secret professionnel vis-\u00e0-vis des donn\u00e9es et \u00e0 veiller sur celles-ci.\u00a0 \u00a0Ces obligations subsisteront pour CONTENEDORES MET\u00c1LICOS AZOR, S.L,\u00a0 \u00a0m\u00eame une foi la relation commerciale achev\u00e9e.<\/p>\n<p>L\u2019utilisateur dispose du droit d\u2019acc\u00e8s, de modification, suppression, limitation du traitement, portabilit\u00e9 et opposition de ses donn\u00e9es comme le pr\u00e9voit le R\u00e8glement G\u00e9n\u00e9ral sur la Protection des Donn\u00e9es. (RGPD).<\/p>\n<p>Ce droit peut \u00eatre exerc\u00e9 par \u00e9crit, en se dirigeant au Responsable de Protection de Donn\u00e9es de CONTENEDORES MET\u00c1LICOS AZOR, S.L.| B60262409 | C\/ Francia 32-34-36 \u2013 P.l. Pla de Llerona \u2013 08520 Les Franqueses del Vall\u00e8s| 938402732 |\u00a0<em>info@construccionesmetalicas.net<\/em>, accompagn\u00e9 d\u2019une pi\u00e8ce d\u2019identit\u00e9 ou \u00e9quivalent.<\/p>\n<section class=\"av_textblock_section \">\n<div class=\"avia_textblock \">\n<div class=\"entry-content\"><\/div>\n<\/div>\n<\/section>\n<\/div><\/section><\/p><\/div><section  class='av_textblock_section av-av_textblock-445188a952fb265869ea404d0e52fad7 '   itemscope=\"itemscope\" itemtype=\"https:\/\/schema.org\/CreativeWork\" ><div class='avia_textblock'  itemprop=\"text\" ><\/div><\/section><\/p>\n","protected":false},"excerpt":{"rendered":"","protected":false},"author":1,"featured_media":0,"parent":0,"menu_order":20,"comment_status":"closed","ping_status":"closed","template":"","meta":{"footnotes":""},"class_list":["post-4358","page","type-page","status-publish","hentry"],"yoast_head":"<!-- This site is optimized with the Yoast SEO plugin v27.4 - https:\/\/yoast.com\/product\/yoast-seo-wordpress\/ -->\n<title>Politique de confidentialit\u00e9 - Contenedores Met\u00e1licos Azor<\/title>\n<meta name=\"robots\" content=\"index, follow, max-snippet:-1, max-image-preview:large, max-video-preview:-1\" \/>\n<link rel=\"canonical\" href=\"https:\/\/contenedoresazor.com\/fr\/politique-de-confidentialite\/\" \/>\n<meta property=\"og:locale\" content=\"fr_FR\" \/>\n<meta property=\"og:type\" content=\"article\" \/>\n<meta property=\"og:title\" content=\"Politique de confidentialit\u00e9 - Contenedores Met\u00e1licos Azor\" \/>\n<meta property=\"og:url\" content=\"https:\/\/contenedoresazor.com\/fr\/politique-de-confidentialite\/\" \/>\n<meta property=\"og:site_name\" content=\"Contenedores Met\u00e1licos Azor\" \/>\n<meta property=\"article:modified_time\" content=\"2020-02-18T10:34:52+00:00\" \/>\n<meta name=\"twitter:card\" content=\"summary_large_image\" \/>\n<meta name=\"twitter:label1\" content=\"Dur\u00e9e de lecture estim\u00e9e\" \/>\n\t<meta name=\"twitter:data1\" content=\"3 minutes\" \/>\n<script type=\"application\/ld+json\" class=\"yoast-schema-graph\">{\"@context\":\"https:\\\/\\\/schema.org\",\"@graph\":[{\"@type\":\"WebPage\",\"@id\":\"https:\\\/\\\/contenedoresazor.com\\\/fr\\\/politique-de-confidentialite\\\/\",\"url\":\"https:\\\/\\\/contenedoresazor.com\\\/fr\\\/politique-de-confidentialite\\\/\",\"name\":\"Politique de confidentialit\u00e9 - Contenedores Met\u00e1licos Azor\",\"isPartOf\":{\"@id\":\"https:\\\/\\\/contenedoresazor.com\\\/fr\\\/#website\"},\"datePublished\":\"2020-02-12T07:49:43+00:00\",\"dateModified\":\"2020-02-18T10:34:52+00:00\",\"breadcrumb\":{\"@id\":\"https:\\\/\\\/contenedoresazor.com\\\/fr\\\/politique-de-confidentialite\\\/#breadcrumb\"},\"inLanguage\":\"fr-FR\",\"potentialAction\":[{\"@type\":\"ReadAction\",\"target\":[\"https:\\\/\\\/contenedoresazor.com\\\/fr\\\/politique-de-confidentialite\\\/\"]}]},{\"@type\":\"BreadcrumbList\",\"@id\":\"https:\\\/\\\/contenedoresazor.com\\\/fr\\\/politique-de-confidentialite\\\/#breadcrumb\",\"itemListElement\":[{\"@type\":\"ListItem\",\"position\":1,\"name\":\"Portada\",\"item\":\"https:\\\/\\\/contenedoresazor.com\\\/fr\\\/\"},{\"@type\":\"ListItem\",\"position\":2,\"name\":\"Politique de confidentialit\u00e9\"}]},{\"@type\":\"WebSite\",\"@id\":\"https:\\\/\\\/contenedoresazor.com\\\/fr\\\/#website\",\"url\":\"https:\\\/\\\/contenedoresazor.com\\\/fr\\\/\",\"name\":\"MySiteWeb\",\"description\":\"contenedoresazor.com\",\"potentialAction\":[{\"@type\":\"SearchAction\",\"target\":{\"@type\":\"EntryPoint\",\"urlTemplate\":\"https:\\\/\\\/contenedoresazor.com\\\/fr\\\/?s={search_term_string}\"},\"query-input\":{\"@type\":\"PropertyValueSpecification\",\"valueRequired\":true,\"valueName\":\"search_term_string\"}}],\"inLanguage\":\"fr-FR\"}]}<\/script>\n<!-- \/ Yoast SEO plugin. -->","yoast_head_json":{"title":"Politique de confidentialit\u00e9 - Contenedores Met\u00e1licos Azor","robots":{"index":"index","follow":"follow","max-snippet":"max-snippet:-1","max-image-preview":"max-image-preview:large","max-video-preview":"max-video-preview:-1"},"canonical":"https:\/\/contenedoresazor.com\/fr\/politique-de-confidentialite\/","og_locale":"fr_FR","og_type":"article","og_title":"Politique de confidentialit\u00e9 - Contenedores Met\u00e1licos Azor","og_url":"https:\/\/contenedoresazor.com\/fr\/politique-de-confidentialite\/","og_site_name":"Contenedores Met\u00e1licos Azor","article_modified_time":"2020-02-18T10:34:52+00:00","twitter_card":"summary_large_image","twitter_misc":{"Dur\u00e9e de lecture estim\u00e9e":"3 minutes"},"schema":{"@context":"https:\/\/schema.org","@graph":[{"@type":"WebPage","@id":"https:\/\/contenedoresazor.com\/fr\/politique-de-confidentialite\/","url":"https:\/\/contenedoresazor.com\/fr\/politique-de-confidentialite\/","name":"Politique de confidentialit\u00e9 - Contenedores Met\u00e1licos Azor","isPartOf":{"@id":"https:\/\/contenedoresazor.com\/fr\/#website"},"datePublished":"2020-02-12T07:49:43+00:00","dateModified":"2020-02-18T10:34:52+00:00","breadcrumb":{"@id":"https:\/\/contenedoresazor.com\/fr\/politique-de-confidentialite\/#breadcrumb"},"inLanguage":"fr-FR","potentialAction":[{"@type":"ReadAction","target":["https:\/\/contenedoresazor.com\/fr\/politique-de-confidentialite\/"]}]},{"@type":"BreadcrumbList","@id":"https:\/\/contenedoresazor.com\/fr\/politique-de-confidentialite\/#breadcrumb","itemListElement":[{"@type":"ListItem","position":1,"name":"Portada","item":"https:\/\/contenedoresazor.com\/fr\/"},{"@type":"ListItem","position":2,"name":"Politique de confidentialit\u00e9"}]},{"@type":"WebSite","@id":"https:\/\/contenedoresazor.com\/fr\/#website","url":"https:\/\/contenedoresazor.com\/fr\/","name":"MySiteWeb","description":"contenedoresazor.com","potentialAction":[{"@type":"SearchAction","target":{"@type":"EntryPoint","urlTemplate":"https:\/\/contenedoresazor.com\/fr\/?s={search_term_string}"},"query-input":{"@type":"PropertyValueSpecification","valueRequired":true,"valueName":"search_term_string"}}],"inLanguage":"fr-FR"}]}},"_links":{"self":[{"href":"https:\/\/contenedoresazor.com\/fr\/wp-json\/wp\/v2\/pages\/4358","targetHints":{"allow":["GET"]}}],"collection":[{"href":"https:\/\/contenedoresazor.com\/fr\/wp-json\/wp\/v2\/pages"}],"about":[{"href":"https:\/\/contenedoresazor.com\/fr\/wp-json\/wp\/v2\/types\/page"}],"author":[{"embeddable":true,"href":"https:\/\/contenedoresazor.com\/fr\/wp-json\/wp\/v2\/users\/1"}],"replies":[{"embeddable":true,"href":"https:\/\/contenedoresazor.com\/fr\/wp-json\/wp\/v2\/comments?post=4358"}],"version-history":[{"count":0,"href":"https:\/\/contenedoresazor.com\/fr\/wp-json\/wp\/v2\/pages\/4358\/revisions"}],"wp:attachment":[{"href":"https:\/\/contenedoresazor.com\/fr\/wp-json\/wp\/v2\/media?parent=4358"}],"curies":[{"name":"wp","href":"https:\/\/api.w.org\/{rel}","templated":true}]}}